{"id":1228,"date":"2018-05-22T11:38:38","date_gmt":"2018-05-22T11:38:38","guid":{"rendered":"http:\/\/www.see-destillerie.at\/brennerei\/?page_id=1228"},"modified":"2020-10-05T10:08:04","modified_gmt":"2020-10-05T10:08:04","slug":"datenschutzerklaerung","status":"publish","type":"page","link":"https:\/\/www.see-destillerie.at\/brennerei\/datenschutzerklaerung\/","title":{"rendered":"Datenschutzerkl\u00e4rung"},"content":{"rendered":"<h1>Datenschutzvereinbarungen<\/h1><p><p>In dieser Datenschutzerkl\u00e4rung informieren wir Sie \u00fcber die Verarbeitung Ihrer personenbezogenen Daten.<\/p><p> Sofern Sie Ihre Datenschutzeinstellungen \u00e4ndern m\u00f6chten (Einwilligungen erteilen oder bereits erteilte Einwilligungen widerrufen), klicken Sie <a target=\"_blank\" href=\"#\" class=\"sp-dsgvo-show-privacy-popup\">hier<\/a> um Ihre Einstellungen zu \u00e4ndern.<\/p><h2>Verantwortlich<\/h2><p>Renate Peinsteiner, SEE-DESTILLERIE\u00ae, Graben 44, 5360 St. Wolfgang im Salzkammergut, \u00d6sterreich, <a href=\"mailto:brennerei@see-destillerie.at\">brennerei@see-destillerie.at<\/a>, +43 (0)664\u20132102320 <\/p><h2>Hosting Provider<\/h2><h3>World4You Internet Services GmbH<\/h3><p><p>Wir hosten unsere Website bei unserem Auftragsverarbeiter <a target=\"_blank\" href=\"https:\/\/www.world4you.com\">World4You<\/a>, World4You Internet Services GmbH, Hafenstra\u00dfe 35, 4020 Linz, \u00d6sterreich.<\/p><p>Zum Zweck der Bereitstellung und der Auslieferung der Website werden Verbindungsdaten verarbeitet. Zum blo\u00dfen Zweck der Auslieferung und Bereitstellung der Website werden die Daten \u00fcber den Aufruf hinaus nicht gespeichert.<\/p><p>Die Rechtsgrundlage f\u00fcr die Datenverarbeitung ist das berechtigte Interesse (unbedingte technische Notwendigkeit zur Bereitstellung und Auslieferung des von Ihnen durch Ihren Aufruf ausdr\u00fccklich gew\u00fcnschten Dienstes &#8222;Website&#8220;) gem\u00e4\u00df Art. 6 Abs. 1 lit. f DSGVO.<\/p><p>Zum Betrieb der Website werden die Verbindungsdaten und weitere personenbezogenen Daten zus\u00e4tzlich im Rahmen diverser anderer Funktionen bzw. Dienste verarbeitet. Dar\u00fcber wird im Rahmen dieser Datenschutzerkl\u00e4rung bei den einzelnen Funktionen bzw. Diensten im Detail informiert.<\/p><\/p><h2>Server Log Files<\/h2><span><p>Zum Zweck der \u00dcberwachung der technischen Funktion und zur Erh\u00f6hung der Betriebssicherheit unseres Webhosts werden Verbindungsdaten verarbeitet. Die Dauer der Verarbeitung ist auf 14 Tage beschr\u00e4nkt.<\/p><p>Die Rechtsgrundlage f\u00fcr die Datenverarbeitung ist das berechtigte Interesse (unbedingte technische Notwendigkeit eines Server Log Files als grundlegende Datenbasis zur Fehleranalyse und f\u00fcr Sicherheitsma\u00dfnahmen im Rahmen des durch Ihren Aufruf ausdr\u00fccklich gew\u00fcnschten Dienstes &#8222;Website&#8220;) gem\u00e4\u00df Art. 6 Abs. 1 lit. f DSGVO.<\/p><\/span><h2>Embeddings<\/h2><h3>YouTube<\/h3><p><p>Im Fall der Erteilung Ihrer Einwilligung verarbeiten wir mit dem Dienst <a target=\"_blank\" href=\"https:\/\/www.youtube.com\/\">Youtube<\/a>, Google Ireland Limited, Gordon House, Barrow Street, Dublin 4, Irland als gemeinsame Verantwortliche Ihre personenbezogenen Daten zum Zweck der Wiedergabe von Videos auf unserer Website.<\/p><p>Wir erm\u00f6glichen dem Dienst die Erhebung von Verbindungsdaten, die Erhebung von Daten ihres Webbrowsers sowie die Platzierung eines Werbecookies. Durch die Platzierung von Werbecookies ist es Google m\u00f6glich, f\u00fcr jeden Nutzer eine individuelle User-ID zu berechnen. Diese zur eindeutigen Identifizierung geeigneten personenbezogenen Daten werden sodann im Rahmen des von Google betriebenen Werbenetzwerks verarbeitet.<\/p><p>Der Google Konzern \u00fcbermittelt Ihre personenbezogenen Daten in die USA. Die Rechtsgrundlage f\u00fcr die Daten\u00fcbermittlung in die USA ist Ihre Einwilligung gem\u00e4\u00df Art. 49 Abs 1 lit a iVm Art. 6 Abs 1 lit a DSGVO in Verbindung mit \u00a725 TTDSG. Sie wurden bereits vor Erteilung Ihrer Einwilligung informiert, dass die USA \u00fcber kein den Standards der EU entsprechendes Datenschutzniveau verf\u00fcgt. Insbesondere k\u00f6nnen US Geheimdienste auf Ihre Daten zugreifen, ohne dass Sie dar\u00fcber informiert werden und ohne dass Sie dagegen rechtlich vorgehen k\u00f6nnen. Der Europ\u00e4ische Gerichtshof hat aus diesem Grund in einem Urteil den fr\u00fcheren Angemessenheitsbeschluss (Privacy Shield) f\u00fcr ung\u00fcltig erkl\u00e4rt.<\/p><p>Soweit durch Google eine weitergehende eigenst\u00e4ndige Verarbeitung der Daten insbesondere im Rahmen des Werbenetzwerkes von Google erfolgt, ist Google daf\u00fcr alleinige Verantwortliche. Details finden Sie in der <a target=\"_blank\" href=\"https:\/\/policies.google.com\/privacy?gl=AT&amp;hl=de#intro\">Datenschutzerkl\u00e4rung<\/a> von Google.<\/p><p>Die Nichterteilung der Einwilligung hat lediglich zur Folge, dass Ihnen der Dienst Youtube nicht zur Verf\u00fcgung gestellt wird. Eine bereits erteilte Einwilligung k\u00f6nnen Sie widerrufen, indem Sie die <a target=\"_blank\" class=\"lwb-ppsp\" href=\"#\" title=\"Datenschutzeinstellungen\">Datenschutzeinstellungen<\/a> \u00e4ndern.<\/p><p>Die Rechtsgrundlage f\u00fcr die Datenverarbeitung ist Ihre Einwilligung gem\u00e4\u00df Art. 6 Abs 1 lit. a DSGVO.<\/p><\/p><h3>Google Maps<\/h3><p><p>Im Fall der Erteilung Ihrer Einwilligung verarbeiten wir mit dem Dienst <a target=\"_blank\" href=\"https:\/\/www.google.at\/maps\">Google Maps<\/a>, Google LLC, Amphitheatre Parkway, Mountain View, CA 94043, USA, als gemeinsame Verantwortliche Ihre personenbezogenen Daten zum Zweck der Anzeige interaktiver Karten auf unserer Website.<\/p><p>Wir erm\u00f6glichen dem Dienst die Erhebung von Verbindungsdaten, die Erhebung von Daten ihres Webbrowsers sowie die Platzierung eines Werbecookies. Durch die Platzierung von Werbecookies ist es Google m\u00f6glich, f\u00fcr jeden Nutzer eine individuelle User-ID zu berechnen. Diese zur eindeutigen Identifizierung geeigneten personenbezogenen Daten werden sodann im Rahmen des von Google betriebenen Werbenetzwerks verarbeitet.<\/p><p>Soweit durch Google eine weitergehende eigenst\u00e4ndige Verarbeitung der Daten insbesondere im Rahmen des Werbenetzwerkes von Google erfolgt, ist Google daf\u00fcr alleinige Verantwortliche. Details finden Sie in der <a target=\"_blank\" href=\"https:\/\/policies.google.com\/privacy?gl=AT&amp;hl=de#intro\">Datenschutzerkl\u00e4rung<\/a> von Google.<\/p><p>Die Nichterteilung der Einwilligung hat lediglich zur Folge, dass Ihnen der Dienst Google Maps nicht zur Verf\u00fcgung gestellt wird. Eine bereits erteilte Einwilligung k\u00f6nnen Sie widerrufen, indem Sie die <a target=\"_blank\" class=\"lwb-ppsp\" href=\"#\" title=\"Datenschutzeinstellungen\">Datenschutzeinstellungen<\/a> \u00e4ndern.<\/p><p>Die Rechtsgrundlage f\u00fcr die Datenverarbeitung ist Ihre Einwilligung gem\u00e4\u00df Art. 6 Abs 1 lit. a DSGVO.<\/p> <p>Der Google Konzern \u00fcbermittelt Ihre personenbezogenen Daten in die USA. Die Rechtsgrundlage f\u00fcr die Daten\u00fcbermittlung in die USA ist Ihre Einwilligung gem\u00e4\u00df Art. 49 Abs 1 lit a iVm Art. 6 Abs 1 lit a DSGVO in Verbindung mit \u00a725 TTDSG. Sie wurden bereits vor Erteilung Ihrer Einwilligung informiert, dass die USA \u00fcber kein den Standards der EU entsprechendes Datenschutzniveau verf\u00fcgt. Insbesondere k\u00f6nnen US Geheimdienste auf Ihre Daten zugreifen, ohne dass Sie dar\u00fcber informiert werden und ohne dass Sie dagegen rechtlich vorgehen k\u00f6nnen. Der Europ\u00e4ische Gerichtshof hat aus diesem Grund in einem Urteil den fr\u00fcheren Angemessenheitsbeschluss (Privacy Shield) f\u00fcr ung\u00fcltig erkl\u00e4rt.<\/p><\/p><h2>Widerspruchsrecht<\/h2><p><p>Sofern die Verarbeitung Ihrer personenbezogenen Daten auf Grundlage des berechtigten Interesses erfolgt, haben Sie das Recht gegen diese Verarbeitung zu widersprechen.<\/p><p>Sofern keine zwingenden schutzw\u00fcrdigen Gr\u00fcnde f\u00fcr die Verarbeitung unsererseits vorliegen, wird die Verarbeitung Ihrer Daten auf Basis dieser Rechtsgrundlage eingestellt.<\/p><p>Zudem haben Sie das Recht, der Verarbeitung Ihrer personenbezogenen Daten zum Zweck der Direktwerbung zu widersprechen. Im Fall des Widerspruchs werden Ihre personenbezogenen Daten nicht mehr zum Zweck der Direktwerbung verarbeitet.<\/p><p>Die Rechtm\u00e4\u00dfigkeit der bis zum Widerspruch verarbeiteten Daten wird durch den Widerspruch nicht ber\u00fchrt.<\/p><\/p><h2>Widerrufsrecht<\/h2><p><p>Sie haben das Recht eine bereits erteilte Einwilligung jederzeit zu widerrufen, indem Sie die <a target=\"_blank\" class=\"lwb-ppsp\" href=\"#\" title=\"Datenschutzeinstellungen\">Datenschutzeinstellungen<\/a> \u00e4ndern.<\/p><p>Im Fall der Einwilligung in den Erhalt elektronischer Werbung kann der Widerruf Ihrer Einwilligung durch Klick auf den Abmeldelink erfolgen. In diesem Fall wird eine Verarbeitung, sofern keine andere Rechtsgrundlage besteht, eingestellt.<\/p><p>Die Rechtm\u00e4\u00dfigkeit der bis zum Widerruf verarbeiteten Daten wird durch den Widerruf nicht ber\u00fchrt.<\/p><\/p><h2>Betroffenenrechte<\/h2><p><p>Sie haben zudem das Recht auf Auskunft, Berichtigung, L\u00f6schung und Einschr\u00e4nkung der Verarbeitung der personenbezogenen Daten.<\/p><p>Soweit die Rechtsgrundlage der Verarbeitung Ihrer personenbezogenen Daten in Ihrer Einwilligung oder in einem mit Ihnen abgeschlossenen Vertrag besteht, haben Sie \u00fcberdies das Recht auf Daten\u00fcbertragbarkeit. <\/p><p>Weiters haben Sie das Recht auf Beschwerde bei der Aufsichtsbeh\u00f6rde. N\u00e4here Informationen zu den Aufsichtsbeh\u00f6rden in der Europ\u00e4ischen Union finden Sie <a target=\"_blank\" href=\"https:\/\/ec.europa.eu\/justice\/article-29\/structure\/data-protection-authorities\/index_en.htm\" title=\"Datenschutzbeh\u00f6rden\">hier<\/a>.<\/p><\/p>\n\n\n\n<h2 class=\"wp-block-heading\">Kontakt mit uns<\/h2>\n\n\n\n<p>Wenn du per Formular auf der Website oder per E-Mail Kontakt mit uns aufnimmst, werden deine angegebenen Daten zwecks Bearbeitung der Anfrage und f\u00fcr den Fall von Anschlussfragen sechs Monate bei uns gespeichert bzw. bis nach Ablauf einer gesetzlichen Aufbewahrungspflicht.<br>Diese Daten geben wir nicht ohne deine Einwilligung weiter.<br>Es ist zu beachten, dass E-Mails unter Umst\u00e4nden unverschl\u00fcsselt \u00fcbertragen werden, wenn dein Mailserver eine Verschl\u00fcsselung nicht unterst\u00fctzt. Es ist nicht auszuschlie\u00dfen, dass Daten dann unter Umst\u00e4nden missbraucht werden.<\/p>\n","protected":false},"excerpt":{"rendered":"<p>Kontakt mit uns Wenn du per Formular auf der Website oder per E-Mail Kontakt mit uns aufnimmst, werden deine angegebenen Daten zwecks Bearbeitung der Anfrage&hellip; <\/p>\n<p><a href=\"https:\/\/www.see-destillerie.at\/brennerei\/datenschutzerklaerung\/\" class=\"more-link\">Continue reading &rarr; <span class=\"screen-reader-text\">Datenschutzerkl\u00e4rung<\/span><\/a><\/p>\n","protected":false},"author":1,"featured_media":0,"parent":0,"menu_order":0,"comment_status":"closed","ping_status":"closed","template":"","meta":{"ngg_post_thumbnail":0,"footnotes":""},"class_list":["post-1228","page","type-page","status-publish","hentry"],"yoast_head":"<!-- This site is optimized with the Yoast SEO plugin v27.5 - https:\/\/yoast.com\/product\/yoast-seo-wordpress\/ -->\n<title>Datenschutzerkl\u00e4rung - SEE-DESTILLERIE\u00ae &amp; Klosterkellerei<\/title>\n<meta name=\"robots\" content=\"index, follow, max-snippet:-1, max-image-preview:large, max-video-preview:-1\" \/>\n<link rel=\"canonical\" href=\"https:\/\/www.see-destillerie.at\/brennerei\/datenschutzerklaerung\/\" \/>\n<meta property=\"og:locale\" content=\"de_DE\" \/>\n<meta property=\"og:type\" content=\"article\" \/>\n<meta property=\"og:title\" content=\"Datenschutzerkl\u00e4rung - SEE-DESTILLERIE\u00ae &amp; Klosterkellerei\" \/>\n<meta property=\"og:description\" content=\"Kontakt mit uns Wenn du per Formular auf der Website oder per E-Mail Kontakt mit uns aufnimmst, werden deine angegebenen Daten zwecks Bearbeitung der Anfrage&hellip; Continue reading &rarr; Datenschutzerkl\u00e4rung\" \/>\n<meta property=\"og:url\" content=\"https:\/\/www.see-destillerie.at\/brennerei\/datenschutzerklaerung\/\" \/>\n<meta property=\"og:site_name\" content=\"SEE-DESTILLERIE\u00ae &amp; Klosterkellerei\" \/>\n<meta property=\"article:publisher\" content=\"https:\/\/www.facebook.com\/seedestillerie\" \/>\n<meta property=\"article:modified_time\" content=\"2020-10-05T10:08:04+00:00\" \/>\n<meta name=\"twitter:card\" content=\"summary_large_image\" \/>\n<script type=\"application\/ld+json\" class=\"yoast-schema-graph\">{\"@context\":\"https:\\\/\\\/schema.org\",\"@graph\":[{\"@type\":\"WebPage\",\"@id\":\"https:\\\/\\\/www.see-destillerie.at\\\/brennerei\\\/datenschutzerklaerung\\\/\",\"url\":\"https:\\\/\\\/www.see-destillerie.at\\\/brennerei\\\/datenschutzerklaerung\\\/\",\"name\":\"Datenschutzerkl\u00e4rung - SEE-DESTILLERIE\u00ae &amp; Klosterkellerei\",\"isPartOf\":{\"@id\":\"https:\\\/\\\/www.see-destillerie.at\\\/brennerei\\\/#website\"},\"datePublished\":\"2018-05-22T11:38:38+00:00\",\"dateModified\":\"2020-10-05T10:08:04+00:00\",\"breadcrumb\":{\"@id\":\"https:\\\/\\\/www.see-destillerie.at\\\/brennerei\\\/datenschutzerklaerung\\\/#breadcrumb\"},\"inLanguage\":\"de\",\"potentialAction\":[{\"@type\":\"ReadAction\",\"target\":[\"https:\\\/\\\/www.see-destillerie.at\\\/brennerei\\\/datenschutzerklaerung\\\/\"]}]},{\"@type\":\"BreadcrumbList\",\"@id\":\"https:\\\/\\\/www.see-destillerie.at\\\/brennerei\\\/datenschutzerklaerung\\\/#breadcrumb\",\"itemListElement\":[{\"@type\":\"ListItem\",\"position\":1,\"name\":\"Startseite\",\"item\":\"https:\\\/\\\/www.see-destillerie.at\\\/brennerei\\\/\"},{\"@type\":\"ListItem\",\"position\":2,\"name\":\"Datenschutzerkl\u00e4rung\"}]},{\"@type\":\"WebSite\",\"@id\":\"https:\\\/\\\/www.see-destillerie.at\\\/brennerei\\\/#website\",\"url\":\"https:\\\/\\\/www.see-destillerie.at\\\/brennerei\\\/\",\"name\":\"SEE-DESTILLERIE\u00ae &amp; Klosterkellerei\",\"description\":\"GIN, WHISKY, RUM &amp; MORE \u2013 direkt vom Edelbrandsommelier vom Wolfgangsee\",\"publisher\":{\"@id\":\"https:\\\/\\\/www.see-destillerie.at\\\/brennerei\\\/#organization\"},\"potentialAction\":[{\"@type\":\"SearchAction\",\"target\":{\"@type\":\"EntryPoint\",\"urlTemplate\":\"https:\\\/\\\/www.see-destillerie.at\\\/brennerei\\\/?s={search_term_string}\"},\"query-input\":{\"@type\":\"PropertyValueSpecification\",\"valueRequired\":true,\"valueName\":\"search_term_string\"}}],\"inLanguage\":\"de\"},{\"@type\":\"Organization\",\"@id\":\"https:\\\/\\\/www.see-destillerie.at\\\/brennerei\\\/#organization\",\"name\":\"SEE-DESTILLERIE\u00ae &amp; Klosterkellerei\",\"url\":\"https:\\\/\\\/www.see-destillerie.at\\\/brennerei\\\/\",\"logo\":{\"@type\":\"ImageObject\",\"inLanguage\":\"de\",\"@id\":\"https:\\\/\\\/www.see-destillerie.at\\\/brennerei\\\/#\\\/schema\\\/logo\\\/image\\\/\",\"url\":\"https:\\\/\\\/www.see-destillerie.at\\\/brennerei\\\/wp-content\\\/uploads\\\/2017\\\/03\\\/cropped-seedestillerie-st-wolfgang.png\",\"contentUrl\":\"https:\\\/\\\/www.see-destillerie.at\\\/brennerei\\\/wp-content\\\/uploads\\\/2017\\\/03\\\/cropped-seedestillerie-st-wolfgang.png\",\"width\":512,\"height\":512,\"caption\":\"SEE-DESTILLERIE\u00ae &amp; Klosterkellerei\"},\"image\":{\"@id\":\"https:\\\/\\\/www.see-destillerie.at\\\/brennerei\\\/#\\\/schema\\\/logo\\\/image\\\/\"},\"sameAs\":[\"https:\\\/\\\/www.facebook.com\\\/seedestillerie\",\"https:\\\/\\\/www.instagram.com\\\/seedestillerie\\\/\"]}]}<\/script>\n<!-- \/ Yoast SEO plugin. -->","yoast_head_json":{"title":"Datenschutzerkl\u00e4rung - SEE-DESTILLERIE\u00ae &amp; Klosterkellerei","robots":{"index":"index","follow":"follow","max-snippet":"max-snippet:-1","max-image-preview":"max-image-preview:large","max-video-preview":"max-video-preview:-1"},"canonical":"https:\/\/www.see-destillerie.at\/brennerei\/datenschutzerklaerung\/","og_locale":"de_DE","og_type":"article","og_title":"Datenschutzerkl\u00e4rung - SEE-DESTILLERIE\u00ae &amp; Klosterkellerei","og_description":"Kontakt mit uns Wenn du per Formular auf der Website oder per E-Mail Kontakt mit uns aufnimmst, werden deine angegebenen Daten zwecks Bearbeitung der Anfrage&hellip; Continue reading &rarr; Datenschutzerkl\u00e4rung","og_url":"https:\/\/www.see-destillerie.at\/brennerei\/datenschutzerklaerung\/","og_site_name":"SEE-DESTILLERIE\u00ae &amp; Klosterkellerei","article_publisher":"https:\/\/www.facebook.com\/seedestillerie","article_modified_time":"2020-10-05T10:08:04+00:00","twitter_card":"summary_large_image","schema":{"@context":"https:\/\/schema.org","@graph":[{"@type":"WebPage","@id":"https:\/\/www.see-destillerie.at\/brennerei\/datenschutzerklaerung\/","url":"https:\/\/www.see-destillerie.at\/brennerei\/datenschutzerklaerung\/","name":"Datenschutzerkl\u00e4rung - SEE-DESTILLERIE\u00ae &amp; Klosterkellerei","isPartOf":{"@id":"https:\/\/www.see-destillerie.at\/brennerei\/#website"},"datePublished":"2018-05-22T11:38:38+00:00","dateModified":"2020-10-05T10:08:04+00:00","breadcrumb":{"@id":"https:\/\/www.see-destillerie.at\/brennerei\/datenschutzerklaerung\/#breadcrumb"},"inLanguage":"de","potentialAction":[{"@type":"ReadAction","target":["https:\/\/www.see-destillerie.at\/brennerei\/datenschutzerklaerung\/"]}]},{"@type":"BreadcrumbList","@id":"https:\/\/www.see-destillerie.at\/brennerei\/datenschutzerklaerung\/#breadcrumb","itemListElement":[{"@type":"ListItem","position":1,"name":"Startseite","item":"https:\/\/www.see-destillerie.at\/brennerei\/"},{"@type":"ListItem","position":2,"name":"Datenschutzerkl\u00e4rung"}]},{"@type":"WebSite","@id":"https:\/\/www.see-destillerie.at\/brennerei\/#website","url":"https:\/\/www.see-destillerie.at\/brennerei\/","name":"SEE-DESTILLERIE\u00ae &amp; Klosterkellerei","description":"GIN, WHISKY, RUM &amp; MORE \u2013 direkt vom Edelbrandsommelier vom Wolfgangsee","publisher":{"@id":"https:\/\/www.see-destillerie.at\/brennerei\/#organization"},"potentialAction":[{"@type":"SearchAction","target":{"@type":"EntryPoint","urlTemplate":"https:\/\/www.see-destillerie.at\/brennerei\/?s={search_term_string}"},"query-input":{"@type":"PropertyValueSpecification","valueRequired":true,"valueName":"search_term_string"}}],"inLanguage":"de"},{"@type":"Organization","@id":"https:\/\/www.see-destillerie.at\/brennerei\/#organization","name":"SEE-DESTILLERIE\u00ae &amp; Klosterkellerei","url":"https:\/\/www.see-destillerie.at\/brennerei\/","logo":{"@type":"ImageObject","inLanguage":"de","@id":"https:\/\/www.see-destillerie.at\/brennerei\/#\/schema\/logo\/image\/","url":"https:\/\/www.see-destillerie.at\/brennerei\/wp-content\/uploads\/2017\/03\/cropped-seedestillerie-st-wolfgang.png","contentUrl":"https:\/\/www.see-destillerie.at\/brennerei\/wp-content\/uploads\/2017\/03\/cropped-seedestillerie-st-wolfgang.png","width":512,"height":512,"caption":"SEE-DESTILLERIE\u00ae &amp; Klosterkellerei"},"image":{"@id":"https:\/\/www.see-destillerie.at\/brennerei\/#\/schema\/logo\/image\/"},"sameAs":["https:\/\/www.facebook.com\/seedestillerie","https:\/\/www.instagram.com\/seedestillerie\/"]}]}},"_links":{"self":[{"href":"https:\/\/www.see-destillerie.at\/brennerei\/wp-json\/wp\/v2\/pages\/1228","targetHints":{"allow":["GET"]}}],"collection":[{"href":"https:\/\/www.see-destillerie.at\/brennerei\/wp-json\/wp\/v2\/pages"}],"about":[{"href":"https:\/\/www.see-destillerie.at\/brennerei\/wp-json\/wp\/v2\/types\/page"}],"author":[{"embeddable":true,"href":"https:\/\/www.see-destillerie.at\/brennerei\/wp-json\/wp\/v2\/users\/1"}],"replies":[{"embeddable":true,"href":"https:\/\/www.see-destillerie.at\/brennerei\/wp-json\/wp\/v2\/comments?post=1228"}],"version-history":[{"count":12,"href":"https:\/\/www.see-destillerie.at\/brennerei\/wp-json\/wp\/v2\/pages\/1228\/revisions"}],"predecessor-version":[{"id":1959,"href":"https:\/\/www.see-destillerie.at\/brennerei\/wp-json\/wp\/v2\/pages\/1228\/revisions\/1959"}],"wp:attachment":[{"href":"https:\/\/www.see-destillerie.at\/brennerei\/wp-json\/wp\/v2\/media?parent=1228"}],"curies":[{"name":"wp","href":"https:\/\/api.w.org\/{rel}","templated":true}]}}