{"id":129,"date":"2017-03-17T08:36:33","date_gmt":"2017-03-17T08:36:33","guid":{"rendered":"http:\/\/www.see-destillerie.at\/brennerei\/?page_id=129"},"modified":"2022-06-29T09:21:51","modified_gmt":"2022-06-29T09:21:51","slug":"likoere","status":"publish","type":"page","link":"https:\/\/www.see-destillerie.at\/brennerei\/produkte\/likoere\/","title":{"rendered":"Lik\u00f6r-Spezialit\u00e4ten aus dem Salzkammergut"},"content":{"rendered":"\n<h1 class=\"has-text-align-center wp-block-heading\">Unsere Lik\u00f6re<\/h1>\n\n\n\n<h3 class=\"has-text-align-center wp-block-heading\">Traditionell, innovativ, genussorientiert.<\/h3>\n\n\n\n<div style=\"height:18px\" aria-hidden=\"true\" class=\"wp-block-spacer\"><\/div>\n\n\n\n<p class=\"has-text-align-center\">Die breit gef\u00e4cherte Auswahl an Lik\u00f6r-Spezialit\u00e4ten \u00fcberzeugt \u2013 vom klassischen Zwetschkenlik\u00f6r \u00fcber ausgefallene Kreationen wie Veilchenlik\u00f6r, Kaiserin Sisis Lieblingsaroma, bis hin zum Pina colada\u2013Sahne-Lik\u00f6r f\u00fcr die Sommernacht am Strand.<br>Ob pur, als Longdrink, in einem Cocktail, hei\u00df oder erfrischend k\u00fchl auf Eis oder auch mit Sahneh\u00e4ubchen \u2013 unsere Lik\u00f6re sind echte Genuss-Allrounder. Ob fruchtig, spritzig, cremig oder edel \u2013 f\u00fcr jeden Geschmack ist etwas dabei.<br>An die 70 innovativen Kreationen haben unsere Genuss-Werkstatt, die SEE-DESTILLERIE\u00ae, bereits verlassen \u2013 und st\u00e4ndig gibt es neue!<\/p>\n\n\n\n<p class=\"has-text-align-center\"><strong>Neugierig? <\/strong><br><strong>Alle unsere Lik\u00f6re erh\u00e4ltst du in unserem Gesch\u00e4ft <\/strong><br><strong>in St. Wolfgang\/Markt 2 sowie auf Bestellung per <a rel=\"noopener noreferrer\" href=\"mailto:klosterkellerei@see-destillerie.at\" target=\"_blank\">E-Mail.<\/a><\/strong><\/p>\n\n\n\n<h3 class=\"has-text-align-center wp-block-heading\">Eine Liste mit all unseren edlen Tropfen<br>findest du <a href=\"https:\/\/www.see-destillerie.at\/brennerei\/produktliste\/\">HIER.<\/a><br><\/h3>\n\n\n\n<div style=\"height:41px\" aria-hidden=\"true\" class=\"wp-block-spacer\"><\/div>\n","protected":false},"excerpt":{"rendered":"<p>Unsere Lik\u00f6re Traditionell, innovativ, genussorientiert. Die breit gef\u00e4cherte Auswahl an Lik\u00f6r-Spezialit\u00e4ten \u00fcberzeugt \u2013 vom klassischen Zwetschkenlik\u00f6r \u00fcber ausgefallene Kreationen wie Veilchenlik\u00f6r, Kaiserin Sisis Lieblingsaroma, bis&hellip; <\/p>\n<p><a href=\"https:\/\/www.see-destillerie.at\/brennerei\/produkte\/likoere\/\" class=\"more-link\">Continue reading &rarr; <span class=\"screen-reader-text\">Lik\u00f6r-Spezialit\u00e4ten aus dem Salzkammergut<\/span><\/a><\/p>\n","protected":false},"author":1,"featured_media":509,"parent":62,"menu_order":0,"comment_status":"closed","ping_status":"closed","template":"","meta":{"ngg_post_thumbnail":0,"footnotes":""},"class_list":["post-129","page","type-page","status-publish","has-post-thumbnail","hentry"],"yoast_head":"<!-- This site is optimized with the Yoast SEO plugin v27.3 - https:\/\/yoast.com\/product\/yoast-seo-wordpress\/ -->\n<title>Lik\u00f6r-Spezialit\u00e4ten aus dem Salzkammergut - SEE-DESTILLERIE\u00ae &amp; Klosterkellerei<\/title>\n<meta name=\"robots\" content=\"index, follow, max-snippet:-1, max-image-preview:large, max-video-preview:-1\" \/>\n<link rel=\"canonical\" href=\"https:\/\/www.see-destillerie.at\/brennerei\/produkte\/likoere\/\" \/>\n<meta property=\"og:locale\" content=\"de_DE\" \/>\n<meta property=\"og:type\" content=\"article\" \/>\n<meta property=\"og:title\" content=\"Lik\u00f6r-Spezialit\u00e4ten aus dem Salzkammergut - SEE-DESTILLERIE\u00ae &amp; Klosterkellerei\" \/>\n<meta property=\"og:description\" content=\"Unsere Lik\u00f6re Traditionell, innovativ, genussorientiert. Die breit gef\u00e4cherte Auswahl an Lik\u00f6r-Spezialit\u00e4ten \u00fcberzeugt \u2013 vom klassischen Zwetschkenlik\u00f6r \u00fcber ausgefallene Kreationen wie Veilchenlik\u00f6r, Kaiserin Sisis Lieblingsaroma, bis&hellip; Continue reading &rarr; Lik\u00f6r-Spezialit\u00e4ten aus dem Salzkammergut\" \/>\n<meta property=\"og:url\" content=\"https:\/\/www.see-destillerie.at\/brennerei\/produkte\/likoere\/\" \/>\n<meta property=\"og:site_name\" content=\"SEE-DESTILLERIE\u00ae &amp; Klosterkellerei\" \/>\n<meta property=\"article:publisher\" content=\"https:\/\/www.facebook.com\/seedestillerie\" \/>\n<meta property=\"article:modified_time\" content=\"2022-06-29T09:21:51+00:00\" \/>\n<meta property=\"og:image\" content=\"https:\/\/www.see-destillerie.at\/brennerei\/wp-content\/uploads\/2017\/03\/likoere.jpg\" \/>\n\t<meta property=\"og:image:width\" content=\"2000\" \/>\n\t<meta property=\"og:image:height\" content=\"1334\" \/>\n\t<meta property=\"og:image:type\" content=\"image\/jpeg\" \/>\n<meta name=\"twitter:card\" content=\"summary_large_image\" \/>\n<meta name=\"twitter:label1\" content=\"Gesch\u00e4tzte Lesezeit\" \/>\n\t<meta name=\"twitter:data1\" content=\"1\u00a0Minute\" \/>\n<script type=\"application\/ld+json\" class=\"yoast-schema-graph\">{\"@context\":\"https:\\\/\\\/schema.org\",\"@graph\":[{\"@type\":\"WebPage\",\"@id\":\"https:\\\/\\\/www.see-destillerie.at\\\/brennerei\\\/produkte\\\/likoere\\\/\",\"url\":\"https:\\\/\\\/www.see-destillerie.at\\\/brennerei\\\/produkte\\\/likoere\\\/\",\"name\":\"Lik\u00f6r-Spezialit\u00e4ten aus dem Salzkammergut - SEE-DESTILLERIE\u00ae &amp; Klosterkellerei\",\"isPartOf\":{\"@id\":\"https:\\\/\\\/www.see-destillerie.at\\\/brennerei\\\/#website\"},\"primaryImageOfPage\":{\"@id\":\"https:\\\/\\\/www.see-destillerie.at\\\/brennerei\\\/produkte\\\/likoere\\\/#primaryimage\"},\"image\":{\"@id\":\"https:\\\/\\\/www.see-destillerie.at\\\/brennerei\\\/produkte\\\/likoere\\\/#primaryimage\"},\"thumbnailUrl\":\"https:\\\/\\\/www.see-destillerie.at\\\/brennerei\\\/wp-content\\\/uploads\\\/2017\\\/03\\\/likoere.jpg\",\"datePublished\":\"2017-03-17T08:36:33+00:00\",\"dateModified\":\"2022-06-29T09:21:51+00:00\",\"breadcrumb\":{\"@id\":\"https:\\\/\\\/www.see-destillerie.at\\\/brennerei\\\/produkte\\\/likoere\\\/#breadcrumb\"},\"inLanguage\":\"de\",\"potentialAction\":[{\"@type\":\"ReadAction\",\"target\":[\"https:\\\/\\\/www.see-destillerie.at\\\/brennerei\\\/produkte\\\/likoere\\\/\"]}]},{\"@type\":\"ImageObject\",\"inLanguage\":\"de\",\"@id\":\"https:\\\/\\\/www.see-destillerie.at\\\/brennerei\\\/produkte\\\/likoere\\\/#primaryimage\",\"url\":\"https:\\\/\\\/www.see-destillerie.at\\\/brennerei\\\/wp-content\\\/uploads\\\/2017\\\/03\\\/likoere.jpg\",\"contentUrl\":\"https:\\\/\\\/www.see-destillerie.at\\\/brennerei\\\/wp-content\\\/uploads\\\/2017\\\/03\\\/likoere.jpg\",\"width\":2000,\"height\":1334,\"caption\":\"Lik\u00f6re\"},{\"@type\":\"BreadcrumbList\",\"@id\":\"https:\\\/\\\/www.see-destillerie.at\\\/brennerei\\\/produkte\\\/likoere\\\/#breadcrumb\",\"itemListElement\":[{\"@type\":\"ListItem\",\"position\":1,\"name\":\"Startseite\",\"item\":\"https:\\\/\\\/www.see-destillerie.at\\\/brennerei\\\/\"},{\"@type\":\"ListItem\",\"position\":2,\"name\":\"Produkte\",\"item\":\"https:\\\/\\\/www.see-destillerie.at\\\/brennerei\\\/produkte\\\/\"},{\"@type\":\"ListItem\",\"position\":3,\"name\":\"Lik\u00f6r-Spezialit\u00e4ten aus dem Salzkammergut\"}]},{\"@type\":\"WebSite\",\"@id\":\"https:\\\/\\\/www.see-destillerie.at\\\/brennerei\\\/#website\",\"url\":\"https:\\\/\\\/www.see-destillerie.at\\\/brennerei\\\/\",\"name\":\"SEE-DESTILLERIE\u00ae &amp; Klosterkellerei\",\"description\":\"GIN, WHISKY, RUM &amp; MORE \u2013 direkt vom Edelbrandsommelier vom Wolfgangsee\",\"publisher\":{\"@id\":\"https:\\\/\\\/www.see-destillerie.at\\\/brennerei\\\/#organization\"},\"potentialAction\":[{\"@type\":\"SearchAction\",\"target\":{\"@type\":\"EntryPoint\",\"urlTemplate\":\"https:\\\/\\\/www.see-destillerie.at\\\/brennerei\\\/?s={search_term_string}\"},\"query-input\":{\"@type\":\"PropertyValueSpecification\",\"valueRequired\":true,\"valueName\":\"search_term_string\"}}],\"inLanguage\":\"de\"},{\"@type\":\"Organization\",\"@id\":\"https:\\\/\\\/www.see-destillerie.at\\\/brennerei\\\/#organization\",\"name\":\"SEE-DESTILLERIE\u00ae &amp; Klosterkellerei\",\"url\":\"https:\\\/\\\/www.see-destillerie.at\\\/brennerei\\\/\",\"logo\":{\"@type\":\"ImageObject\",\"inLanguage\":\"de\",\"@id\":\"https:\\\/\\\/www.see-destillerie.at\\\/brennerei\\\/#\\\/schema\\\/logo\\\/image\\\/\",\"url\":\"https:\\\/\\\/www.see-destillerie.at\\\/brennerei\\\/wp-content\\\/uploads\\\/2017\\\/03\\\/cropped-seedestillerie-st-wolfgang.png\",\"contentUrl\":\"https:\\\/\\\/www.see-destillerie.at\\\/brennerei\\\/wp-content\\\/uploads\\\/2017\\\/03\\\/cropped-seedestillerie-st-wolfgang.png\",\"width\":512,\"height\":512,\"caption\":\"SEE-DESTILLERIE\u00ae &amp; Klosterkellerei\"},\"image\":{\"@id\":\"https:\\\/\\\/www.see-destillerie.at\\\/brennerei\\\/#\\\/schema\\\/logo\\\/image\\\/\"},\"sameAs\":[\"https:\\\/\\\/www.facebook.com\\\/seedestillerie\",\"https:\\\/\\\/www.instagram.com\\\/seedestillerie\\\/\"]}]}<\/script>\n<!-- \/ Yoast SEO plugin. -->","yoast_head_json":{"title":"Lik\u00f6r-Spezialit\u00e4ten aus dem Salzkammergut - SEE-DESTILLERIE\u00ae &amp; Klosterkellerei","robots":{"index":"index","follow":"follow","max-snippet":"max-snippet:-1","max-image-preview":"max-image-preview:large","max-video-preview":"max-video-preview:-1"},"canonical":"https:\/\/www.see-destillerie.at\/brennerei\/produkte\/likoere\/","og_locale":"de_DE","og_type":"article","og_title":"Lik\u00f6r-Spezialit\u00e4ten aus dem Salzkammergut - SEE-DESTILLERIE\u00ae &amp; Klosterkellerei","og_description":"Unsere Lik\u00f6re Traditionell, innovativ, genussorientiert. Die breit gef\u00e4cherte Auswahl an Lik\u00f6r-Spezialit\u00e4ten \u00fcberzeugt \u2013 vom klassischen Zwetschkenlik\u00f6r \u00fcber ausgefallene Kreationen wie Veilchenlik\u00f6r, Kaiserin Sisis Lieblingsaroma, bis&hellip; Continue reading &rarr; Lik\u00f6r-Spezialit\u00e4ten aus dem Salzkammergut","og_url":"https:\/\/www.see-destillerie.at\/brennerei\/produkte\/likoere\/","og_site_name":"SEE-DESTILLERIE\u00ae &amp; Klosterkellerei","article_publisher":"https:\/\/www.facebook.com\/seedestillerie","article_modified_time":"2022-06-29T09:21:51+00:00","og_image":[{"width":2000,"height":1334,"url":"https:\/\/www.see-destillerie.at\/brennerei\/wp-content\/uploads\/2017\/03\/likoere.jpg","type":"image\/jpeg"}],"twitter_card":"summary_large_image","twitter_misc":{"Gesch\u00e4tzte Lesezeit":"1\u00a0Minute"},"schema":{"@context":"https:\/\/schema.org","@graph":[{"@type":"WebPage","@id":"https:\/\/www.see-destillerie.at\/brennerei\/produkte\/likoere\/","url":"https:\/\/www.see-destillerie.at\/brennerei\/produkte\/likoere\/","name":"Lik\u00f6r-Spezialit\u00e4ten aus dem Salzkammergut - SEE-DESTILLERIE\u00ae &amp; Klosterkellerei","isPartOf":{"@id":"https:\/\/www.see-destillerie.at\/brennerei\/#website"},"primaryImageOfPage":{"@id":"https:\/\/www.see-destillerie.at\/brennerei\/produkte\/likoere\/#primaryimage"},"image":{"@id":"https:\/\/www.see-destillerie.at\/brennerei\/produkte\/likoere\/#primaryimage"},"thumbnailUrl":"https:\/\/www.see-destillerie.at\/brennerei\/wp-content\/uploads\/2017\/03\/likoere.jpg","datePublished":"2017-03-17T08:36:33+00:00","dateModified":"2022-06-29T09:21:51+00:00","breadcrumb":{"@id":"https:\/\/www.see-destillerie.at\/brennerei\/produkte\/likoere\/#breadcrumb"},"inLanguage":"de","potentialAction":[{"@type":"ReadAction","target":["https:\/\/www.see-destillerie.at\/brennerei\/produkte\/likoere\/"]}]},{"@type":"ImageObject","inLanguage":"de","@id":"https:\/\/www.see-destillerie.at\/brennerei\/produkte\/likoere\/#primaryimage","url":"https:\/\/www.see-destillerie.at\/brennerei\/wp-content\/uploads\/2017\/03\/likoere.jpg","contentUrl":"https:\/\/www.see-destillerie.at\/brennerei\/wp-content\/uploads\/2017\/03\/likoere.jpg","width":2000,"height":1334,"caption":"Lik\u00f6re"},{"@type":"BreadcrumbList","@id":"https:\/\/www.see-destillerie.at\/brennerei\/produkte\/likoere\/#breadcrumb","itemListElement":[{"@type":"ListItem","position":1,"name":"Startseite","item":"https:\/\/www.see-destillerie.at\/brennerei\/"},{"@type":"ListItem","position":2,"name":"Produkte","item":"https:\/\/www.see-destillerie.at\/brennerei\/produkte\/"},{"@type":"ListItem","position":3,"name":"Lik\u00f6r-Spezialit\u00e4ten aus dem Salzkammergut"}]},{"@type":"WebSite","@id":"https:\/\/www.see-destillerie.at\/brennerei\/#website","url":"https:\/\/www.see-destillerie.at\/brennerei\/","name":"SEE-DESTILLERIE\u00ae &amp; Klosterkellerei","description":"GIN, WHISKY, RUM &amp; MORE \u2013 direkt vom Edelbrandsommelier vom Wolfgangsee","publisher":{"@id":"https:\/\/www.see-destillerie.at\/brennerei\/#organization"},"potentialAction":[{"@type":"SearchAction","target":{"@type":"EntryPoint","urlTemplate":"https:\/\/www.see-destillerie.at\/brennerei\/?s={search_term_string}"},"query-input":{"@type":"PropertyValueSpecification","valueRequired":true,"valueName":"search_term_string"}}],"inLanguage":"de"},{"@type":"Organization","@id":"https:\/\/www.see-destillerie.at\/brennerei\/#organization","name":"SEE-DESTILLERIE\u00ae &amp; Klosterkellerei","url":"https:\/\/www.see-destillerie.at\/brennerei\/","logo":{"@type":"ImageObject","inLanguage":"de","@id":"https:\/\/www.see-destillerie.at\/brennerei\/#\/schema\/logo\/image\/","url":"https:\/\/www.see-destillerie.at\/brennerei\/wp-content\/uploads\/2017\/03\/cropped-seedestillerie-st-wolfgang.png","contentUrl":"https:\/\/www.see-destillerie.at\/brennerei\/wp-content\/uploads\/2017\/03\/cropped-seedestillerie-st-wolfgang.png","width":512,"height":512,"caption":"SEE-DESTILLERIE\u00ae &amp; Klosterkellerei"},"image":{"@id":"https:\/\/www.see-destillerie.at\/brennerei\/#\/schema\/logo\/image\/"},"sameAs":["https:\/\/www.facebook.com\/seedestillerie","https:\/\/www.instagram.com\/seedestillerie\/"]}]}},"_links":{"self":[{"href":"https:\/\/www.see-destillerie.at\/brennerei\/wp-json\/wp\/v2\/pages\/129","targetHints":{"allow":["GET"]}}],"collection":[{"href":"https:\/\/www.see-destillerie.at\/brennerei\/wp-json\/wp\/v2\/pages"}],"about":[{"href":"https:\/\/www.see-destillerie.at\/brennerei\/wp-json\/wp\/v2\/types\/page"}],"author":[{"embeddable":true,"href":"https:\/\/www.see-destillerie.at\/brennerei\/wp-json\/wp\/v2\/users\/1"}],"replies":[{"embeddable":true,"href":"https:\/\/www.see-destillerie.at\/brennerei\/wp-json\/wp\/v2\/comments?post=129"}],"version-history":[{"count":30,"href":"https:\/\/www.see-destillerie.at\/brennerei\/wp-json\/wp\/v2\/pages\/129\/revisions"}],"predecessor-version":[{"id":2435,"href":"https:\/\/www.see-destillerie.at\/brennerei\/wp-json\/wp\/v2\/pages\/129\/revisions\/2435"}],"up":[{"embeddable":true,"href":"https:\/\/www.see-destillerie.at\/brennerei\/wp-json\/wp\/v2\/pages\/62"}],"wp:featuredmedia":[{"embeddable":true,"href":"https:\/\/www.see-destillerie.at\/brennerei\/wp-json\/wp\/v2\/media\/509"}],"wp:attachment":[{"href":"https:\/\/www.see-destillerie.at\/brennerei\/wp-json\/wp\/v2\/media?parent=129"}],"curies":[{"name":"wp","href":"https:\/\/api.w.org\/{rel}","templated":true}]}}