{"id":131,"date":"2017-03-17T08:37:04","date_gmt":"2017-03-17T08:37:04","guid":{"rendered":"http:\/\/www.see-destillerie.at\/brennerei\/?page_id=131"},"modified":"2023-05-01T14:19:29","modified_gmt":"2023-05-01T14:19:29","slug":"trunseo-gin","status":"publish","type":"page","link":"https:\/\/www.see-destillerie.at\/brennerei\/bester-premium-gin-oberoesterreich-salzburg-wolfgangsee-stwolfgangimsalzkammergut-ginmanufaktur\/unsere-gins\/trunseo-gin\/","title":{"rendered":"Trunseo-GIN&reg;"},"content":{"rendered":"<h1 style=\"text-align: center;\">Der Verbindende<\/h1>\n<p style=\"text-align: center;\">Im Gebiet um den Traunsee, dem tiefsten See \u00d6sterreichs, hat man sich so manches zu erz\u00e4hlen \u2013 von heidnischen Salzpiraten, dem gesprengten L\u00f6wen, 2.400 Jahre alten Fruchtbarkeitssymbolen und verbindenden Menschen in allen Epochen. So spannend, wie die Geschichten rund um den Traunsee, ist unser \u201eTrunseo-GIN\u00ae\u201c.<br \/>\nKraftvolle Kr\u00e4uter und geheime Botanicals, vereint mit Wasser aus&nbsp; den sprudelnden Salzkammergut-Quellen, ergeben diesen Premium-GIN, der die Lebensgeister weckt. Die genauen Zutaten bleiben nat\u00fcrlich unser wohlbeh\u00fctetes Geheimnis.<\/p>\n<h3 style=\"text-align: center;\"><strong>\u201eGold\u201c f\u00fcr unseren \u201eTrunseo-GIN\u00ae\u201c beim internationalen WORLD-SPIRITS AWARD.<br \/>\nDie Jury beschreibt unseren Premium-GIN so:<\/strong><\/h3>\n<p style=\"text-align: center;\"><em><strong>DUFT:<\/strong> Sehr starke Anispr\u00e4senz, viel Zitrus, Orangenschale, K\u00fcmmel, Wacholder, Ingwer, Kardamom, Zimt, typische Lebkuchengew\u00fcrze.<br \/>\n<strong>GESCHMACK:<\/strong> <\/em><em>Spiegelbild des Duftes, viel Anis und K\u00fcmmel, fein \u00e4therisch-harzig, deutlich pflanzliche Stilistik, Zitrone, Orange, dezent Wacholder, Zimtrinde, viele florale Ankl\u00e4nge, Lavendel, Rosenbl\u00fcten, kompakter, dichter K\u00f6rper, anhaltende L\u00e4nge.<\/em><\/p>\n<h6 style=\"text-align: center;\"><img loading=\"lazy\" decoding=\"async\" class=\"alignnone size-large wp-image-1137\" src=\"https:\/\/www.see-destillerie.at\/brennerei\/wp-content\/uploads\/2018\/03\/trunseo-gin-premium-gin-mit-goldmedaille-1024x1024.jpg\" alt=\"Trunseo-GIN\u00ae\" width=\"760\" height=\"760\" srcset=\"https:\/\/www.see-destillerie.at\/brennerei\/wp-content\/uploads\/2018\/03\/trunseo-gin-premium-gin-mit-goldmedaille-1024x1024.jpg 1024w, https:\/\/www.see-destillerie.at\/brennerei\/wp-content\/uploads\/2018\/03\/trunseo-gin-premium-gin-mit-goldmedaille-150x150.jpg 150w, https:\/\/www.see-destillerie.at\/brennerei\/wp-content\/uploads\/2018\/03\/trunseo-gin-premium-gin-mit-goldmedaille-300x300.jpg 300w, https:\/\/www.see-destillerie.at\/brennerei\/wp-content\/uploads\/2018\/03\/trunseo-gin-premium-gin-mit-goldmedaille-768x768.jpg 768w, https:\/\/www.see-destillerie.at\/brennerei\/wp-content\/uploads\/2018\/03\/trunseo-gin-premium-gin-mit-goldmedaille-760x760.jpg 760w, https:\/\/www.see-destillerie.at\/brennerei\/wp-content\/uploads\/2018\/03\/trunseo-gin-premium-gin-mit-goldmedaille-348x348.jpg 348w, https:\/\/www.see-destillerie.at\/brennerei\/wp-content\/uploads\/2018\/03\/trunseo-gin-premium-gin-mit-goldmedaille.jpg 1200w\" sizes=\"auto, (max-width: 760px) 100vw, 760px\" \/><br \/>\n<img loading=\"lazy\" decoding=\"async\" class=\"alignnone size-full wp-image-1115\" src=\"https:\/\/www.see-destillerie.at\/brennerei\/wp-content\/uploads\/2018\/03\/wacholderintensitaet5.gif\" alt=\"Wacholderintensit\u00e4t 5\" width=\"410\" height=\"55\"><\/h6>\n<h6 style=\"text-align: center;\">\u201eTrunseo-Gin\u00ae\u201c . Traunsee<br \/>\nder Verbindende<br \/>\nFinest Handcrafted Salzkammergut GIN . 16 Botanicals . SMALL BATCH<br \/>\nAlkoholgehalt: 43,0 % vol<br \/>\nErh\u00e4ltlich in den Mengen: 200 ml, 500 ml, 700 ml<\/h6>\n<p style=\"text-align: center;\"><wbr><br \/>\n<img loading=\"lazy\" decoding=\"async\" class=\"alignnone size-full wp-image-464\" src=\"https:\/\/www.see-destillerie.at\/brennerei\/wp-content\/uploads\/2017\/02\/der-gin-profi-geniesst-ihn-pur.png\" alt=\"\" width=\"585\" height=\"66\" srcset=\"https:\/\/www.see-destillerie.at\/brennerei\/wp-content\/uploads\/2017\/02\/der-gin-profi-geniesst-ihn-pur.png 585w, https:\/\/www.see-destillerie.at\/brennerei\/wp-content\/uploads\/2017\/02\/der-gin-profi-geniesst-ihn-pur-300x34.png 300w, https:\/\/www.see-destillerie.at\/brennerei\/wp-content\/uploads\/2017\/02\/der-gin-profi-geniesst-ihn-pur-348x39.png 348w\" sizes=\"auto, (max-width: 585px) 100vw, 585px\" \/><\/p>\n<h3 style=\"text-align: center;\">Ob pur getrunken oder als hochkar\u00e4tige Zutat in Cocktails \u2013 werde zum GIN-Liebhaber!<\/h3>\n<p style=\"text-align: center;\">Rezepte f\u00fcr Cocktails und Drinks findest du <a href=\"https:\/\/www.see-destillerie.at\/brennerei\/rezepte\/\">HIER.<\/a><\/p>\n<p style=\"text-align: center;\">Du hast noch keinen GIN daheim?<br \/>\n\u201eTrunseo-GIN\u00ae\u201c erh\u00e4ltst du in unserem Shop, der <a href=\"https:\/\/www.see-destillerie.at\/st-wolfganger-klosterkellerei\/\" target=\"_blank\" rel=\"noopener noreferrer\">ST. WOLFGANGER KLOSTERKELLEREI.<\/a><\/p>\n<p style=\"text-align: center;\"><a href=\"https:\/\/www.see-destillerie.at\/brennerei\/produktliste\/\" rel=\"noopener noreferrer\">ZU UNSERER GESAMTEN PRODUKTLISTE GEHT\u00b4S HIER LANG!<\/a><\/p>\n<p style=\"text-align: center;\">Auszeichnung von World-Spirits: <a href=\"https:\/\/www.see-destillerie.at\/brennerei\/wp-content\/uploads\/2019\/07\/trunseo-GIN_worldspirits-gold-2018.pdf\" target=\"_blank\" rel=\"noopener noreferrer\">DIPLOM ANSEHEN<\/a><\/p>\n","protected":false},"excerpt":{"rendered":"<p>Der Verbindende Im Gebiet um den Traunsee, dem tiefsten See \u00d6sterreichs, hat man sich so manches zu erz\u00e4hlen \u2013 von heidnischen Salzpiraten, dem gesprengten L\u00f6wen,&hellip; <\/p>\n<p><a href=\"https:\/\/www.see-destillerie.at\/brennerei\/bester-premium-gin-oberoesterreich-salzburg-wolfgangsee-stwolfgangimsalzkammergut-ginmanufaktur\/unsere-gins\/trunseo-gin\/\" class=\"more-link\">Continue reading &rarr; <span class=\"screen-reader-text\">Trunseo-GIN&reg;<\/span><\/a><\/p>\n","protected":false},"author":1,"featured_media":812,"parent":151,"menu_order":0,"comment_status":"closed","ping_status":"closed","template":"","meta":{"ngg_post_thumbnail":0,"footnotes":""},"class_list":["post-131","page","type-page","status-publish","has-post-thumbnail","hentry"],"yoast_head":"<!-- This site is optimized with the Yoast SEO plugin v27.6 - https:\/\/yoast.com\/product\/yoast-seo-wordpress\/ -->\n<title>Trunseo-GIN&reg; - SEE-DESTILLERIE\u00ae &amp; Klosterkellerei<\/title>\n<meta name=\"robots\" content=\"index, follow, max-snippet:-1, max-image-preview:large, max-video-preview:-1\" \/>\n<link rel=\"canonical\" href=\"https:\/\/www.see-destillerie.at\/brennerei\/bester-premium-gin-oberoesterreich-salzburg-wolfgangsee-stwolfgangimsalzkammergut-ginmanufaktur\/unsere-gins\/trunseo-gin\/\" \/>\n<meta property=\"og:locale\" content=\"de_DE\" \/>\n<meta property=\"og:type\" content=\"article\" \/>\n<meta property=\"og:title\" content=\"Trunseo-GIN&reg; - SEE-DESTILLERIE\u00ae &amp; Klosterkellerei\" \/>\n<meta property=\"og:description\" content=\"Der Verbindende Im Gebiet um den Traunsee, dem tiefsten See \u00d6sterreichs, hat man sich so manches zu erz\u00e4hlen \u2013 von heidnischen Salzpiraten, dem gesprengten L\u00f6wen,&hellip; Continue reading &rarr; Trunseo-GIN&reg;\" \/>\n<meta property=\"og:url\" content=\"https:\/\/www.see-destillerie.at\/brennerei\/bester-premium-gin-oberoesterreich-salzburg-wolfgangsee-stwolfgangimsalzkammergut-ginmanufaktur\/unsere-gins\/trunseo-gin\/\" \/>\n<meta property=\"og:site_name\" content=\"SEE-DESTILLERIE\u00ae &amp; Klosterkellerei\" \/>\n<meta property=\"article:publisher\" content=\"https:\/\/www.facebook.com\/seedestillerie\" \/>\n<meta property=\"article:modified_time\" content=\"2023-05-01T14:19:29+00:00\" \/>\n<meta property=\"og:image\" content=\"https:\/\/www.see-destillerie.at\/brennerei\/wp-content\/uploads\/2017\/03\/trunseo-gin-premium-gin.jpg\" \/>\n\t<meta property=\"og:image:width\" content=\"1920\" \/>\n\t<meta property=\"og:image:height\" content=\"1000\" \/>\n\t<meta property=\"og:image:type\" content=\"image\/jpeg\" \/>\n<meta name=\"twitter:card\" content=\"summary_large_image\" \/>\n<meta name=\"twitter:label1\" content=\"Gesch\u00e4tzte Lesezeit\" \/>\n\t<meta name=\"twitter:data1\" content=\"2\u00a0Minuten\" \/>\n<script type=\"application\/ld+json\" class=\"yoast-schema-graph\">{\"@context\":\"https:\\\/\\\/schema.org\",\"@graph\":[{\"@type\":\"WebPage\",\"@id\":\"https:\\\/\\\/www.see-destillerie.at\\\/brennerei\\\/bester-premium-gin-oberoesterreich-salzburg-wolfgangsee-stwolfgangimsalzkammergut-ginmanufaktur\\\/unsere-gins\\\/trunseo-gin\\\/\",\"url\":\"https:\\\/\\\/www.see-destillerie.at\\\/brennerei\\\/bester-premium-gin-oberoesterreich-salzburg-wolfgangsee-stwolfgangimsalzkammergut-ginmanufaktur\\\/unsere-gins\\\/trunseo-gin\\\/\",\"name\":\"Trunseo-GIN&reg; - SEE-DESTILLERIE\u00ae &amp; Klosterkellerei\",\"isPartOf\":{\"@id\":\"https:\\\/\\\/www.see-destillerie.at\\\/brennerei\\\/#website\"},\"primaryImageOfPage\":{\"@id\":\"https:\\\/\\\/www.see-destillerie.at\\\/brennerei\\\/bester-premium-gin-oberoesterreich-salzburg-wolfgangsee-stwolfgangimsalzkammergut-ginmanufaktur\\\/unsere-gins\\\/trunseo-gin\\\/#primaryimage\"},\"image\":{\"@id\":\"https:\\\/\\\/www.see-destillerie.at\\\/brennerei\\\/bester-premium-gin-oberoesterreich-salzburg-wolfgangsee-stwolfgangimsalzkammergut-ginmanufaktur\\\/unsere-gins\\\/trunseo-gin\\\/#primaryimage\"},\"thumbnailUrl\":\"https:\\\/\\\/www.see-destillerie.at\\\/brennerei\\\/wp-content\\\/uploads\\\/2017\\\/03\\\/trunseo-gin-premium-gin.jpg\",\"datePublished\":\"2017-03-17T08:37:04+00:00\",\"dateModified\":\"2023-05-01T14:19:29+00:00\",\"breadcrumb\":{\"@id\":\"https:\\\/\\\/www.see-destillerie.at\\\/brennerei\\\/bester-premium-gin-oberoesterreich-salzburg-wolfgangsee-stwolfgangimsalzkammergut-ginmanufaktur\\\/unsere-gins\\\/trunseo-gin\\\/#breadcrumb\"},\"inLanguage\":\"de\",\"potentialAction\":[{\"@type\":\"ReadAction\",\"target\":[\"https:\\\/\\\/www.see-destillerie.at\\\/brennerei\\\/bester-premium-gin-oberoesterreich-salzburg-wolfgangsee-stwolfgangimsalzkammergut-ginmanufaktur\\\/unsere-gins\\\/trunseo-gin\\\/\"]}]},{\"@type\":\"ImageObject\",\"inLanguage\":\"de\",\"@id\":\"https:\\\/\\\/www.see-destillerie.at\\\/brennerei\\\/bester-premium-gin-oberoesterreich-salzburg-wolfgangsee-stwolfgangimsalzkammergut-ginmanufaktur\\\/unsere-gins\\\/trunseo-gin\\\/#primaryimage\",\"url\":\"https:\\\/\\\/www.see-destillerie.at\\\/brennerei\\\/wp-content\\\/uploads\\\/2017\\\/03\\\/trunseo-gin-premium-gin.jpg\",\"contentUrl\":\"https:\\\/\\\/www.see-destillerie.at\\\/brennerei\\\/wp-content\\\/uploads\\\/2017\\\/03\\\/trunseo-gin-premium-gin.jpg\",\"width\":1920,\"height\":1000,\"caption\":\"Premium-Trunseo-Gin\"},{\"@type\":\"BreadcrumbList\",\"@id\":\"https:\\\/\\\/www.see-destillerie.at\\\/brennerei\\\/bester-premium-gin-oberoesterreich-salzburg-wolfgangsee-stwolfgangimsalzkammergut-ginmanufaktur\\\/unsere-gins\\\/trunseo-gin\\\/#breadcrumb\",\"itemListElement\":[{\"@type\":\"ListItem\",\"position\":1,\"name\":\"Startseite\",\"item\":\"https:\\\/\\\/www.see-destillerie.at\\\/brennerei\\\/\"},{\"@type\":\"ListItem\",\"position\":2,\"name\":\"Bester Premium GIN Ober\u00f6sterreich\\\/Salzburg vom Wolfgangsee?!\",\"item\":\"https:\\\/\\\/www.see-destillerie.at\\\/brennerei\\\/bester-premium-gin-oberoesterreich-salzburg-wolfgangsee-stwolfgangimsalzkammergut-ginmanufaktur\\\/\"},{\"@type\":\"ListItem\",\"position\":3,\"name\":\"Premium-Gins aus \u00d6sterreich\",\"item\":\"https:\\\/\\\/www.see-destillerie.at\\\/brennerei\\\/bester-premium-gin-oberoesterreich-salzburg-wolfgangsee-stwolfgangimsalzkammergut-ginmanufaktur\\\/unsere-gins\\\/\"},{\"@type\":\"ListItem\",\"position\":4,\"name\":\"Trunseo-GIN&reg;\"}]},{\"@type\":\"WebSite\",\"@id\":\"https:\\\/\\\/www.see-destillerie.at\\\/brennerei\\\/#website\",\"url\":\"https:\\\/\\\/www.see-destillerie.at\\\/brennerei\\\/\",\"name\":\"SEE-DESTILLERIE\u00ae &amp; Klosterkellerei\",\"description\":\"GIN, WHISKY, RUM &amp; MORE \u2013 direkt vom Edelbrandsommelier vom Wolfgangsee\",\"publisher\":{\"@id\":\"https:\\\/\\\/www.see-destillerie.at\\\/brennerei\\\/#organization\"},\"potentialAction\":[{\"@type\":\"SearchAction\",\"target\":{\"@type\":\"EntryPoint\",\"urlTemplate\":\"https:\\\/\\\/www.see-destillerie.at\\\/brennerei\\\/?s={search_term_string}\"},\"query-input\":{\"@type\":\"PropertyValueSpecification\",\"valueRequired\":true,\"valueName\":\"search_term_string\"}}],\"inLanguage\":\"de\"},{\"@type\":\"Organization\",\"@id\":\"https:\\\/\\\/www.see-destillerie.at\\\/brennerei\\\/#organization\",\"name\":\"SEE-DESTILLERIE\u00ae &amp; Klosterkellerei\",\"url\":\"https:\\\/\\\/www.see-destillerie.at\\\/brennerei\\\/\",\"logo\":{\"@type\":\"ImageObject\",\"inLanguage\":\"de\",\"@id\":\"https:\\\/\\\/www.see-destillerie.at\\\/brennerei\\\/#\\\/schema\\\/logo\\\/image\\\/\",\"url\":\"https:\\\/\\\/www.see-destillerie.at\\\/brennerei\\\/wp-content\\\/uploads\\\/2017\\\/03\\\/cropped-seedestillerie-st-wolfgang.png\",\"contentUrl\":\"https:\\\/\\\/www.see-destillerie.at\\\/brennerei\\\/wp-content\\\/uploads\\\/2017\\\/03\\\/cropped-seedestillerie-st-wolfgang.png\",\"width\":512,\"height\":512,\"caption\":\"SEE-DESTILLERIE\u00ae &amp; Klosterkellerei\"},\"image\":{\"@id\":\"https:\\\/\\\/www.see-destillerie.at\\\/brennerei\\\/#\\\/schema\\\/logo\\\/image\\\/\"},\"sameAs\":[\"https:\\\/\\\/www.facebook.com\\\/seedestillerie\",\"https:\\\/\\\/www.instagram.com\\\/seedestillerie\\\/\"]}]}<\/script>\n<!-- \/ Yoast SEO plugin. -->","yoast_head_json":{"title":"Trunseo-GIN&reg; - SEE-DESTILLERIE\u00ae &amp; Klosterkellerei","robots":{"index":"index","follow":"follow","max-snippet":"max-snippet:-1","max-image-preview":"max-image-preview:large","max-video-preview":"max-video-preview:-1"},"canonical":"https:\/\/www.see-destillerie.at\/brennerei\/bester-premium-gin-oberoesterreich-salzburg-wolfgangsee-stwolfgangimsalzkammergut-ginmanufaktur\/unsere-gins\/trunseo-gin\/","og_locale":"de_DE","og_type":"article","og_title":"Trunseo-GIN&reg; - SEE-DESTILLERIE\u00ae &amp; Klosterkellerei","og_description":"Der Verbindende Im Gebiet um den Traunsee, dem tiefsten See \u00d6sterreichs, hat man sich so manches zu erz\u00e4hlen \u2013 von heidnischen Salzpiraten, dem gesprengten L\u00f6wen,&hellip; Continue reading &rarr; Trunseo-GIN&reg;","og_url":"https:\/\/www.see-destillerie.at\/brennerei\/bester-premium-gin-oberoesterreich-salzburg-wolfgangsee-stwolfgangimsalzkammergut-ginmanufaktur\/unsere-gins\/trunseo-gin\/","og_site_name":"SEE-DESTILLERIE\u00ae &amp; Klosterkellerei","article_publisher":"https:\/\/www.facebook.com\/seedestillerie","article_modified_time":"2023-05-01T14:19:29+00:00","og_image":[{"width":1920,"height":1000,"url":"https:\/\/www.see-destillerie.at\/brennerei\/wp-content\/uploads\/2017\/03\/trunseo-gin-premium-gin.jpg","type":"image\/jpeg"}],"twitter_card":"summary_large_image","twitter_misc":{"Gesch\u00e4tzte Lesezeit":"2\u00a0Minuten"},"schema":{"@context":"https:\/\/schema.org","@graph":[{"@type":"WebPage","@id":"https:\/\/www.see-destillerie.at\/brennerei\/bester-premium-gin-oberoesterreich-salzburg-wolfgangsee-stwolfgangimsalzkammergut-ginmanufaktur\/unsere-gins\/trunseo-gin\/","url":"https:\/\/www.see-destillerie.at\/brennerei\/bester-premium-gin-oberoesterreich-salzburg-wolfgangsee-stwolfgangimsalzkammergut-ginmanufaktur\/unsere-gins\/trunseo-gin\/","name":"Trunseo-GIN&reg; - SEE-DESTILLERIE\u00ae &amp; Klosterkellerei","isPartOf":{"@id":"https:\/\/www.see-destillerie.at\/brennerei\/#website"},"primaryImageOfPage":{"@id":"https:\/\/www.see-destillerie.at\/brennerei\/bester-premium-gin-oberoesterreich-salzburg-wolfgangsee-stwolfgangimsalzkammergut-ginmanufaktur\/unsere-gins\/trunseo-gin\/#primaryimage"},"image":{"@id":"https:\/\/www.see-destillerie.at\/brennerei\/bester-premium-gin-oberoesterreich-salzburg-wolfgangsee-stwolfgangimsalzkammergut-ginmanufaktur\/unsere-gins\/trunseo-gin\/#primaryimage"},"thumbnailUrl":"https:\/\/www.see-destillerie.at\/brennerei\/wp-content\/uploads\/2017\/03\/trunseo-gin-premium-gin.jpg","datePublished":"2017-03-17T08:37:04+00:00","dateModified":"2023-05-01T14:19:29+00:00","breadcrumb":{"@id":"https:\/\/www.see-destillerie.at\/brennerei\/bester-premium-gin-oberoesterreich-salzburg-wolfgangsee-stwolfgangimsalzkammergut-ginmanufaktur\/unsere-gins\/trunseo-gin\/#breadcrumb"},"inLanguage":"de","potentialAction":[{"@type":"ReadAction","target":["https:\/\/www.see-destillerie.at\/brennerei\/bester-premium-gin-oberoesterreich-salzburg-wolfgangsee-stwolfgangimsalzkammergut-ginmanufaktur\/unsere-gins\/trunseo-gin\/"]}]},{"@type":"ImageObject","inLanguage":"de","@id":"https:\/\/www.see-destillerie.at\/brennerei\/bester-premium-gin-oberoesterreich-salzburg-wolfgangsee-stwolfgangimsalzkammergut-ginmanufaktur\/unsere-gins\/trunseo-gin\/#primaryimage","url":"https:\/\/www.see-destillerie.at\/brennerei\/wp-content\/uploads\/2017\/03\/trunseo-gin-premium-gin.jpg","contentUrl":"https:\/\/www.see-destillerie.at\/brennerei\/wp-content\/uploads\/2017\/03\/trunseo-gin-premium-gin.jpg","width":1920,"height":1000,"caption":"Premium-Trunseo-Gin"},{"@type":"BreadcrumbList","@id":"https:\/\/www.see-destillerie.at\/brennerei\/bester-premium-gin-oberoesterreich-salzburg-wolfgangsee-stwolfgangimsalzkammergut-ginmanufaktur\/unsere-gins\/trunseo-gin\/#breadcrumb","itemListElement":[{"@type":"ListItem","position":1,"name":"Startseite","item":"https:\/\/www.see-destillerie.at\/brennerei\/"},{"@type":"ListItem","position":2,"name":"Bester Premium GIN Ober\u00f6sterreich\/Salzburg vom Wolfgangsee?!","item":"https:\/\/www.see-destillerie.at\/brennerei\/bester-premium-gin-oberoesterreich-salzburg-wolfgangsee-stwolfgangimsalzkammergut-ginmanufaktur\/"},{"@type":"ListItem","position":3,"name":"Premium-Gins aus \u00d6sterreich","item":"https:\/\/www.see-destillerie.at\/brennerei\/bester-premium-gin-oberoesterreich-salzburg-wolfgangsee-stwolfgangimsalzkammergut-ginmanufaktur\/unsere-gins\/"},{"@type":"ListItem","position":4,"name":"Trunseo-GIN&reg;"}]},{"@type":"WebSite","@id":"https:\/\/www.see-destillerie.at\/brennerei\/#website","url":"https:\/\/www.see-destillerie.at\/brennerei\/","name":"SEE-DESTILLERIE\u00ae &amp; Klosterkellerei","description":"GIN, WHISKY, RUM &amp; MORE \u2013 direkt vom Edelbrandsommelier vom Wolfgangsee","publisher":{"@id":"https:\/\/www.see-destillerie.at\/brennerei\/#organization"},"potentialAction":[{"@type":"SearchAction","target":{"@type":"EntryPoint","urlTemplate":"https:\/\/www.see-destillerie.at\/brennerei\/?s={search_term_string}"},"query-input":{"@type":"PropertyValueSpecification","valueRequired":true,"valueName":"search_term_string"}}],"inLanguage":"de"},{"@type":"Organization","@id":"https:\/\/www.see-destillerie.at\/brennerei\/#organization","name":"SEE-DESTILLERIE\u00ae &amp; Klosterkellerei","url":"https:\/\/www.see-destillerie.at\/brennerei\/","logo":{"@type":"ImageObject","inLanguage":"de","@id":"https:\/\/www.see-destillerie.at\/brennerei\/#\/schema\/logo\/image\/","url":"https:\/\/www.see-destillerie.at\/brennerei\/wp-content\/uploads\/2017\/03\/cropped-seedestillerie-st-wolfgang.png","contentUrl":"https:\/\/www.see-destillerie.at\/brennerei\/wp-content\/uploads\/2017\/03\/cropped-seedestillerie-st-wolfgang.png","width":512,"height":512,"caption":"SEE-DESTILLERIE\u00ae &amp; Klosterkellerei"},"image":{"@id":"https:\/\/www.see-destillerie.at\/brennerei\/#\/schema\/logo\/image\/"},"sameAs":["https:\/\/www.facebook.com\/seedestillerie","https:\/\/www.instagram.com\/seedestillerie\/"]}]}},"_links":{"self":[{"href":"https:\/\/www.see-destillerie.at\/brennerei\/wp-json\/wp\/v2\/pages\/131","targetHints":{"allow":["GET"]}}],"collection":[{"href":"https:\/\/www.see-destillerie.at\/brennerei\/wp-json\/wp\/v2\/pages"}],"about":[{"href":"https:\/\/www.see-destillerie.at\/brennerei\/wp-json\/wp\/v2\/types\/page"}],"author":[{"embeddable":true,"href":"https:\/\/www.see-destillerie.at\/brennerei\/wp-json\/wp\/v2\/users\/1"}],"replies":[{"embeddable":true,"href":"https:\/\/www.see-destillerie.at\/brennerei\/wp-json\/wp\/v2\/comments?post=131"}],"version-history":[{"count":29,"href":"https:\/\/www.see-destillerie.at\/brennerei\/wp-json\/wp\/v2\/pages\/131\/revisions"}],"predecessor-version":[{"id":2668,"href":"https:\/\/www.see-destillerie.at\/brennerei\/wp-json\/wp\/v2\/pages\/131\/revisions\/2668"}],"up":[{"embeddable":true,"href":"https:\/\/www.see-destillerie.at\/brennerei\/wp-json\/wp\/v2\/pages\/151"}],"wp:featuredmedia":[{"embeddable":true,"href":"https:\/\/www.see-destillerie.at\/brennerei\/wp-json\/wp\/v2\/media\/812"}],"wp:attachment":[{"href":"https:\/\/www.see-destillerie.at\/brennerei\/wp-json\/wp\/v2\/media?parent=131"}],"curies":[{"name":"wp","href":"https:\/\/api.w.org\/{rel}","templated":true}]}}