{"id":133,"date":"2017-03-17T08:37:27","date_gmt":"2017-03-17T08:37:27","guid":{"rendered":"http:\/\/www.see-destillerie.at\/brennerei\/?page_id=133"},"modified":"2022-06-29T09:25:29","modified_gmt":"2022-06-29T09:25:29","slug":"destillationsprodukte","status":"publish","type":"page","link":"https:\/\/www.see-destillerie.at\/brennerei\/produkte\/destillationsprodukte\/","title":{"rendered":"Feinste Destillations-Produkte"},"content":{"rendered":"\n<h1 class=\"has-text-align-center wp-block-heading\">Vom \u201eExoten\u201c bis hin zum \u201eZirbengeist\u201c<\/h1>\n\n\n\n<div style=\"height:11px\" aria-hidden=\"true\" class=\"wp-block-spacer\"><\/div>\n\n\n\n<p class=\"has-text-align-center\">Vieles, von Fr\u00fcchten \u00fcber Gem\u00fcse, Kr\u00e4uter und Beeren bis hin zu Gew\u00fcrzen, ist schon durch unsere Brennblase gegeistert, um nach sorgsamer Destillation deinen Gaumen zu erfreuen \u2013 vom \u201eExoten\u201c wie dem Arabica Kaffeegeist bis hin zum \u201eZirbengeist\u201c. Jeder Edelbrand bekommt in unserer SEE-DESTILLERIE\u00ae in einem Spezialkessel den letzten \u201eFeinschliff\u201c \u2013 die guten werden von den schlechten Geistern getrennt.<br>Apropos Brennkessel: diesen haben wir eigens bei uns im Haus entwickelt. Damit ist es uns m\u00f6glich, feinste Naturaromen zu gewinnen, die zusammen mit Alkohol und weichem Quellwasser zu unvergleichlichen Spirituosen werden.<\/p>\n\n\n\n<p class=\"has-text-align-center\"><strong>Neugierig? <br>Alle unsere Lik\u00f6re erh\u00e4ltst du in unserem Gesch\u00e4ft <br>in St. Wolfgang\/Markt 2 sowie auf Bestellung per <a href=\"mailto:klosterkellerei@see-destillerie.at\" target=\"_blank\" rel=\"noopener noreferrer\">E-Mail.<\/a><\/strong><\/p>\n\n\n\n<h3 class=\"has-text-align-center wp-block-heading\">Eine Liste mit all unseren edlen Tropfen<br>findest du <a href=\"https:\/\/www.see-destillerie.at\/brennerei\/produktliste\/\">HIER.<\/a><\/h3>\n\n\n\n<div style=\"height:63px\" aria-hidden=\"true\" class=\"wp-block-spacer\"><\/div>\n","protected":false},"excerpt":{"rendered":"<p>Vom \u201eExoten\u201c bis hin zum \u201eZirbengeist\u201c Vieles, von Fr\u00fcchten \u00fcber Gem\u00fcse, Kr\u00e4uter und Beeren bis hin zu Gew\u00fcrzen, ist schon durch unsere Brennblase gegeistert, um&hellip; <\/p>\n<p><a href=\"https:\/\/www.see-destillerie.at\/brennerei\/produkte\/destillationsprodukte\/\" class=\"more-link\">Continue reading &rarr; <span class=\"screen-reader-text\">Feinste Destillations-Produkte<\/span><\/a><\/p>\n","protected":false},"author":1,"featured_media":22,"parent":62,"menu_order":0,"comment_status":"closed","ping_status":"closed","template":"","meta":{"ngg_post_thumbnail":0,"footnotes":""},"class_list":["post-133","page","type-page","status-publish","has-post-thumbnail","hentry"],"yoast_head":"<!-- This site is optimized with the Yoast SEO plugin v27.4 - https:\/\/yoast.com\/product\/yoast-seo-wordpress\/ -->\n<title>Feinste Destillations-Produkte - SEE-DESTILLERIE\u00ae &amp; Klosterkellerei<\/title>\n<meta name=\"robots\" content=\"index, follow, max-snippet:-1, max-image-preview:large, max-video-preview:-1\" \/>\n<link rel=\"canonical\" href=\"https:\/\/www.see-destillerie.at\/brennerei\/produkte\/destillationsprodukte\/\" \/>\n<meta property=\"og:locale\" content=\"de_DE\" \/>\n<meta property=\"og:type\" content=\"article\" \/>\n<meta property=\"og:title\" content=\"Feinste Destillations-Produkte - SEE-DESTILLERIE\u00ae &amp; Klosterkellerei\" \/>\n<meta property=\"og:description\" content=\"Vom \u201eExoten\u201c bis hin zum \u201eZirbengeist\u201c Vieles, von Fr\u00fcchten \u00fcber Gem\u00fcse, Kr\u00e4uter und Beeren bis hin zu Gew\u00fcrzen, ist schon durch unsere Brennblase gegeistert, um&hellip; Continue reading &rarr; Feinste Destillations-Produkte\" \/>\n<meta property=\"og:url\" content=\"https:\/\/www.see-destillerie.at\/brennerei\/produkte\/destillationsprodukte\/\" \/>\n<meta property=\"og:site_name\" content=\"SEE-DESTILLERIE\u00ae &amp; Klosterkellerei\" \/>\n<meta property=\"article:publisher\" content=\"https:\/\/www.facebook.com\/seedestillerie\" \/>\n<meta property=\"article:modified_time\" content=\"2022-06-29T09:25:29+00:00\" \/>\n<meta property=\"og:image\" content=\"https:\/\/www.see-destillerie.at\/brennerei\/wp-content\/uploads\/2017\/02\/IMG_3149_by-MORI-Fotografie.jpg\" \/>\n\t<meta property=\"og:image:width\" content=\"1920\" \/>\n\t<meta property=\"og:image:height\" content=\"1008\" \/>\n\t<meta property=\"og:image:type\" content=\"image\/jpeg\" \/>\n<meta name=\"twitter:card\" content=\"summary_large_image\" \/>\n<meta name=\"twitter:label1\" content=\"Gesch\u00e4tzte Lesezeit\" \/>\n\t<meta name=\"twitter:data1\" content=\"1\u00a0Minute\" \/>\n<script type=\"application\/ld+json\" class=\"yoast-schema-graph\">{\"@context\":\"https:\\\/\\\/schema.org\",\"@graph\":[{\"@type\":\"WebPage\",\"@id\":\"https:\\\/\\\/www.see-destillerie.at\\\/brennerei\\\/produkte\\\/destillationsprodukte\\\/\",\"url\":\"https:\\\/\\\/www.see-destillerie.at\\\/brennerei\\\/produkte\\\/destillationsprodukte\\\/\",\"name\":\"Feinste Destillations-Produkte - SEE-DESTILLERIE\u00ae &amp; Klosterkellerei\",\"isPartOf\":{\"@id\":\"https:\\\/\\\/www.see-destillerie.at\\\/brennerei\\\/#website\"},\"primaryImageOfPage\":{\"@id\":\"https:\\\/\\\/www.see-destillerie.at\\\/brennerei\\\/produkte\\\/destillationsprodukte\\\/#primaryimage\"},\"image\":{\"@id\":\"https:\\\/\\\/www.see-destillerie.at\\\/brennerei\\\/produkte\\\/destillationsprodukte\\\/#primaryimage\"},\"thumbnailUrl\":\"https:\\\/\\\/www.see-destillerie.at\\\/brennerei\\\/wp-content\\\/uploads\\\/2017\\\/02\\\/IMG_3149_by-MORI-Fotografie.jpg\",\"datePublished\":\"2017-03-17T08:37:27+00:00\",\"dateModified\":\"2022-06-29T09:25:29+00:00\",\"breadcrumb\":{\"@id\":\"https:\\\/\\\/www.see-destillerie.at\\\/brennerei\\\/produkte\\\/destillationsprodukte\\\/#breadcrumb\"},\"inLanguage\":\"de\",\"potentialAction\":[{\"@type\":\"ReadAction\",\"target\":[\"https:\\\/\\\/www.see-destillerie.at\\\/brennerei\\\/produkte\\\/destillationsprodukte\\\/\"]}]},{\"@type\":\"ImageObject\",\"inLanguage\":\"de\",\"@id\":\"https:\\\/\\\/www.see-destillerie.at\\\/brennerei\\\/produkte\\\/destillationsprodukte\\\/#primaryimage\",\"url\":\"https:\\\/\\\/www.see-destillerie.at\\\/brennerei\\\/wp-content\\\/uploads\\\/2017\\\/02\\\/IMG_3149_by-MORI-Fotografie.jpg\",\"contentUrl\":\"https:\\\/\\\/www.see-destillerie.at\\\/brennerei\\\/wp-content\\\/uploads\\\/2017\\\/02\\\/IMG_3149_by-MORI-Fotografie.jpg\",\"width\":1920,\"height\":1008,\"caption\":\"See-Destillerie - St. Wolfgang im Salzkammergut - Impressionen aus der Brennerei\"},{\"@type\":\"BreadcrumbList\",\"@id\":\"https:\\\/\\\/www.see-destillerie.at\\\/brennerei\\\/produkte\\\/destillationsprodukte\\\/#breadcrumb\",\"itemListElement\":[{\"@type\":\"ListItem\",\"position\":1,\"name\":\"Startseite\",\"item\":\"https:\\\/\\\/www.see-destillerie.at\\\/brennerei\\\/\"},{\"@type\":\"ListItem\",\"position\":2,\"name\":\"Produkte\",\"item\":\"https:\\\/\\\/www.see-destillerie.at\\\/brennerei\\\/produkte\\\/\"},{\"@type\":\"ListItem\",\"position\":3,\"name\":\"Feinste Destillations-Produkte\"}]},{\"@type\":\"WebSite\",\"@id\":\"https:\\\/\\\/www.see-destillerie.at\\\/brennerei\\\/#website\",\"url\":\"https:\\\/\\\/www.see-destillerie.at\\\/brennerei\\\/\",\"name\":\"SEE-DESTILLERIE\u00ae &amp; Klosterkellerei\",\"description\":\"GIN, WHISKY, RUM &amp; MORE \u2013 direkt vom Edelbrandsommelier vom Wolfgangsee\",\"publisher\":{\"@id\":\"https:\\\/\\\/www.see-destillerie.at\\\/brennerei\\\/#organization\"},\"potentialAction\":[{\"@type\":\"SearchAction\",\"target\":{\"@type\":\"EntryPoint\",\"urlTemplate\":\"https:\\\/\\\/www.see-destillerie.at\\\/brennerei\\\/?s={search_term_string}\"},\"query-input\":{\"@type\":\"PropertyValueSpecification\",\"valueRequired\":true,\"valueName\":\"search_term_string\"}}],\"inLanguage\":\"de\"},{\"@type\":\"Organization\",\"@id\":\"https:\\\/\\\/www.see-destillerie.at\\\/brennerei\\\/#organization\",\"name\":\"SEE-DESTILLERIE\u00ae &amp; Klosterkellerei\",\"url\":\"https:\\\/\\\/www.see-destillerie.at\\\/brennerei\\\/\",\"logo\":{\"@type\":\"ImageObject\",\"inLanguage\":\"de\",\"@id\":\"https:\\\/\\\/www.see-destillerie.at\\\/brennerei\\\/#\\\/schema\\\/logo\\\/image\\\/\",\"url\":\"https:\\\/\\\/www.see-destillerie.at\\\/brennerei\\\/wp-content\\\/uploads\\\/2017\\\/03\\\/cropped-seedestillerie-st-wolfgang.png\",\"contentUrl\":\"https:\\\/\\\/www.see-destillerie.at\\\/brennerei\\\/wp-content\\\/uploads\\\/2017\\\/03\\\/cropped-seedestillerie-st-wolfgang.png\",\"width\":512,\"height\":512,\"caption\":\"SEE-DESTILLERIE\u00ae &amp; Klosterkellerei\"},\"image\":{\"@id\":\"https:\\\/\\\/www.see-destillerie.at\\\/brennerei\\\/#\\\/schema\\\/logo\\\/image\\\/\"},\"sameAs\":[\"https:\\\/\\\/www.facebook.com\\\/seedestillerie\",\"https:\\\/\\\/www.instagram.com\\\/seedestillerie\\\/\"]}]}<\/script>\n<!-- \/ Yoast SEO plugin. -->","yoast_head_json":{"title":"Feinste Destillations-Produkte - SEE-DESTILLERIE\u00ae &amp; Klosterkellerei","robots":{"index":"index","follow":"follow","max-snippet":"max-snippet:-1","max-image-preview":"max-image-preview:large","max-video-preview":"max-video-preview:-1"},"canonical":"https:\/\/www.see-destillerie.at\/brennerei\/produkte\/destillationsprodukte\/","og_locale":"de_DE","og_type":"article","og_title":"Feinste Destillations-Produkte - SEE-DESTILLERIE\u00ae &amp; Klosterkellerei","og_description":"Vom \u201eExoten\u201c bis hin zum \u201eZirbengeist\u201c Vieles, von Fr\u00fcchten \u00fcber Gem\u00fcse, Kr\u00e4uter und Beeren bis hin zu Gew\u00fcrzen, ist schon durch unsere Brennblase gegeistert, um&hellip; Continue reading &rarr; Feinste Destillations-Produkte","og_url":"https:\/\/www.see-destillerie.at\/brennerei\/produkte\/destillationsprodukte\/","og_site_name":"SEE-DESTILLERIE\u00ae &amp; Klosterkellerei","article_publisher":"https:\/\/www.facebook.com\/seedestillerie","article_modified_time":"2022-06-29T09:25:29+00:00","og_image":[{"width":1920,"height":1008,"url":"https:\/\/www.see-destillerie.at\/brennerei\/wp-content\/uploads\/2017\/02\/IMG_3149_by-MORI-Fotografie.jpg","type":"image\/jpeg"}],"twitter_card":"summary_large_image","twitter_misc":{"Gesch\u00e4tzte Lesezeit":"1\u00a0Minute"},"schema":{"@context":"https:\/\/schema.org","@graph":[{"@type":"WebPage","@id":"https:\/\/www.see-destillerie.at\/brennerei\/produkte\/destillationsprodukte\/","url":"https:\/\/www.see-destillerie.at\/brennerei\/produkte\/destillationsprodukte\/","name":"Feinste Destillations-Produkte - SEE-DESTILLERIE\u00ae &amp; Klosterkellerei","isPartOf":{"@id":"https:\/\/www.see-destillerie.at\/brennerei\/#website"},"primaryImageOfPage":{"@id":"https:\/\/www.see-destillerie.at\/brennerei\/produkte\/destillationsprodukte\/#primaryimage"},"image":{"@id":"https:\/\/www.see-destillerie.at\/brennerei\/produkte\/destillationsprodukte\/#primaryimage"},"thumbnailUrl":"https:\/\/www.see-destillerie.at\/brennerei\/wp-content\/uploads\/2017\/02\/IMG_3149_by-MORI-Fotografie.jpg","datePublished":"2017-03-17T08:37:27+00:00","dateModified":"2022-06-29T09:25:29+00:00","breadcrumb":{"@id":"https:\/\/www.see-destillerie.at\/brennerei\/produkte\/destillationsprodukte\/#breadcrumb"},"inLanguage":"de","potentialAction":[{"@type":"ReadAction","target":["https:\/\/www.see-destillerie.at\/brennerei\/produkte\/destillationsprodukte\/"]}]},{"@type":"ImageObject","inLanguage":"de","@id":"https:\/\/www.see-destillerie.at\/brennerei\/produkte\/destillationsprodukte\/#primaryimage","url":"https:\/\/www.see-destillerie.at\/brennerei\/wp-content\/uploads\/2017\/02\/IMG_3149_by-MORI-Fotografie.jpg","contentUrl":"https:\/\/www.see-destillerie.at\/brennerei\/wp-content\/uploads\/2017\/02\/IMG_3149_by-MORI-Fotografie.jpg","width":1920,"height":1008,"caption":"See-Destillerie - St. Wolfgang im Salzkammergut - Impressionen aus der Brennerei"},{"@type":"BreadcrumbList","@id":"https:\/\/www.see-destillerie.at\/brennerei\/produkte\/destillationsprodukte\/#breadcrumb","itemListElement":[{"@type":"ListItem","position":1,"name":"Startseite","item":"https:\/\/www.see-destillerie.at\/brennerei\/"},{"@type":"ListItem","position":2,"name":"Produkte","item":"https:\/\/www.see-destillerie.at\/brennerei\/produkte\/"},{"@type":"ListItem","position":3,"name":"Feinste Destillations-Produkte"}]},{"@type":"WebSite","@id":"https:\/\/www.see-destillerie.at\/brennerei\/#website","url":"https:\/\/www.see-destillerie.at\/brennerei\/","name":"SEE-DESTILLERIE\u00ae &amp; Klosterkellerei","description":"GIN, WHISKY, RUM &amp; MORE \u2013 direkt vom Edelbrandsommelier vom Wolfgangsee","publisher":{"@id":"https:\/\/www.see-destillerie.at\/brennerei\/#organization"},"potentialAction":[{"@type":"SearchAction","target":{"@type":"EntryPoint","urlTemplate":"https:\/\/www.see-destillerie.at\/brennerei\/?s={search_term_string}"},"query-input":{"@type":"PropertyValueSpecification","valueRequired":true,"valueName":"search_term_string"}}],"inLanguage":"de"},{"@type":"Organization","@id":"https:\/\/www.see-destillerie.at\/brennerei\/#organization","name":"SEE-DESTILLERIE\u00ae &amp; Klosterkellerei","url":"https:\/\/www.see-destillerie.at\/brennerei\/","logo":{"@type":"ImageObject","inLanguage":"de","@id":"https:\/\/www.see-destillerie.at\/brennerei\/#\/schema\/logo\/image\/","url":"https:\/\/www.see-destillerie.at\/brennerei\/wp-content\/uploads\/2017\/03\/cropped-seedestillerie-st-wolfgang.png","contentUrl":"https:\/\/www.see-destillerie.at\/brennerei\/wp-content\/uploads\/2017\/03\/cropped-seedestillerie-st-wolfgang.png","width":512,"height":512,"caption":"SEE-DESTILLERIE\u00ae &amp; Klosterkellerei"},"image":{"@id":"https:\/\/www.see-destillerie.at\/brennerei\/#\/schema\/logo\/image\/"},"sameAs":["https:\/\/www.facebook.com\/seedestillerie","https:\/\/www.instagram.com\/seedestillerie\/"]}]}},"_links":{"self":[{"href":"https:\/\/www.see-destillerie.at\/brennerei\/wp-json\/wp\/v2\/pages\/133","targetHints":{"allow":["GET"]}}],"collection":[{"href":"https:\/\/www.see-destillerie.at\/brennerei\/wp-json\/wp\/v2\/pages"}],"about":[{"href":"https:\/\/www.see-destillerie.at\/brennerei\/wp-json\/wp\/v2\/types\/page"}],"author":[{"embeddable":true,"href":"https:\/\/www.see-destillerie.at\/brennerei\/wp-json\/wp\/v2\/users\/1"}],"replies":[{"embeddable":true,"href":"https:\/\/www.see-destillerie.at\/brennerei\/wp-json\/wp\/v2\/comments?post=133"}],"version-history":[{"count":23,"href":"https:\/\/www.see-destillerie.at\/brennerei\/wp-json\/wp\/v2\/pages\/133\/revisions"}],"predecessor-version":[{"id":2440,"href":"https:\/\/www.see-destillerie.at\/brennerei\/wp-json\/wp\/v2\/pages\/133\/revisions\/2440"}],"up":[{"embeddable":true,"href":"https:\/\/www.see-destillerie.at\/brennerei\/wp-json\/wp\/v2\/pages\/62"}],"wp:featuredmedia":[{"embeddable":true,"href":"https:\/\/www.see-destillerie.at\/brennerei\/wp-json\/wp\/v2\/media\/22"}],"wp:attachment":[{"href":"https:\/\/www.see-destillerie.at\/brennerei\/wp-json\/wp\/v2\/media?parent=133"}],"curies":[{"name":"wp","href":"https:\/\/api.w.org\/{rel}","templated":true}]}}