{"id":148,"date":"2017-03-17T09:05:25","date_gmt":"2017-03-17T09:05:25","guid":{"rendered":"http:\/\/www.see-destillerie.at\/brennerei\/?page_id=148"},"modified":"2022-06-29T08:22:52","modified_gmt":"2022-06-29T08:22:52","slug":"was-ist-premium-gin-und-wie-wird-gin-hergestellt-was-sind-botanicals","status":"publish","type":"page","link":"https:\/\/www.see-destillerie.at\/brennerei\/bester-premium-gin-oberoesterreich-salzburg-wolfgangsee-stwolfgangimsalzkammergut-ginmanufaktur\/was-ist-premium-gin-und-wie-wird-gin-hergestellt-was-sind-botanicals\/","title":{"rendered":"Alles \u00fcber GIN"},"content":{"rendered":"<h1>Was ist GIN und wie wird er hergestellt?<\/h1>\n<p>GIN ist glasklar, fast wie Wasser. Er ist das \u201eParfum\u201c unter den Spirituosen. Die Zutaten bilden unz\u00e4hlige verschiedene Botanicals, die jedem GIN seine individuelle, charakteristische Note verleihen. Dabei gilt die Wacholderbeere als Hauptkomponente.<\/p>\n<h3>Was sind Botanicals?<\/h3>\n<p>Botanicals sind die Aromengeber f\u00fcr jeden GIN. Neben Wacholder werden f\u00fcr den spezifischen Geschmack verschiedene andere Zutaten verwendet, wie zum Beispiel Zitrusschalen, Ingwer, Kardamom, Koriander, Sternanis, raffinierte regionale sowie auch mediterrane Kr\u00e4uter, verschiedene Bl\u00fcten, Lavendel etc.<\/p>\n<h3>Wie wird GIN hergestellt?<\/h3>\n<p>Guter GIN wird zwei Mal destilliert und darf daher den Namen \u201eDistilled GIN\u201c tragen.<br \/>\nZumeist aus Getreide gebrannter, geschmacksneutraler Alkohol wird, zusammen mit mineralstoffreichem Wasser, in der Brennblase erhitzt. Die daraus entstehenden alkoholischen Gase und Wasserd\u00e4mpfe steigen auf und werden durch Siebe geleitet, die mit Botanicals bef\u00fcllt sind. Dadurch werden feinste Aromanuancen extrahiert. Der Dampf nimmt die Aromen der Gew\u00fcrze und Kr\u00e4uter auf. Durch das anschlie\u00dfende Herunterk\u00fchlen in einem Kondensator verfl\u00fcssigen sich die Gase und D\u00e4mpfe zu feinstem Destillat, das mit bestem und weichem Quellwasser auf Trinkst\u00e4rke verd\u00fcnnt wird.<\/p>\n<h3>Die Besonderheit des GINs<\/h3>\n<p>Durch die spezielle Destillationstechnik ist ein Premium-GIN absolut \u201esauber\u201c, somit frei von Vorlaufstoffen und Fusel\u00f6len, und das Beste dabei ist:<\/p>\n<h3><img loading=\"lazy\" decoding=\"async\" class=\"alignnone wp-image-459 size-full\" src=\"https:\/\/www.see-destillerie.at\/brennerei\/wp-content\/uploads\/2017\/03\/der-kater-bleibt-aus.png\" alt=\"\" width=\"431\" height=\"66\" srcset=\"https:\/\/www.see-destillerie.at\/brennerei\/wp-content\/uploads\/2017\/03\/der-kater-bleibt-aus.png 431w, https:\/\/www.see-destillerie.at\/brennerei\/wp-content\/uploads\/2017\/03\/der-kater-bleibt-aus-300x46.png 300w, https:\/\/www.see-destillerie.at\/brennerei\/wp-content\/uploads\/2017\/03\/der-kater-bleibt-aus-348x53.png 348w\" sizes=\"auto, (max-width: 431px) 100vw, 431px\" \/><\/h3>\n<h1>Noch mehr gute Gr\u00fcnde, warum du GIN trinken solltest, findest du hier:<\/h1>\n<p><wbr \/><\/p>\n<p style=\"text-align: left;\"><a class=\"button\" href=\"https:\/\/www.see-destillerie.at\/brennerei\/warum-du-gin-trinken-solltest\/\">HIER LANG<\/a><\/p>\n<p><span style=\"border-radius: 2px; text-indent: 20px; width: auto; padding: 0px 4px 0px 0px; text-align: center; font: bold 11px\/20px 'Helvetica Neue',Helvetica,sans-serif; color: #ffffff; background: #bd081c no-repeat scroll 3px 50% \/ 14px 14px; position: absolute; opacity: 1; z-index: 8675309; display: none; cursor: pointer;\">Merken<\/span><\/p>\n","protected":false},"excerpt":{"rendered":"<p>Was ist GIN und wie wird er hergestellt? GIN ist glasklar, fast wie Wasser. Er ist das \u201eParfum\u201c unter den Spirituosen. Die Zutaten bilden unz\u00e4hlige&hellip; <\/p>\n<p><a href=\"https:\/\/www.see-destillerie.at\/brennerei\/bester-premium-gin-oberoesterreich-salzburg-wolfgangsee-stwolfgangimsalzkammergut-ginmanufaktur\/was-ist-premium-gin-und-wie-wird-gin-hergestellt-was-sind-botanicals\/\" class=\"more-link\">Continue reading &rarr; <span class=\"screen-reader-text\">Alles \u00fcber GIN<\/span><\/a><\/p>\n","protected":false},"author":1,"featured_media":312,"parent":69,"menu_order":0,"comment_status":"closed","ping_status":"closed","template":"","meta":{"ngg_post_thumbnail":0,"footnotes":""},"class_list":["post-148","page","type-page","status-publish","has-post-thumbnail","hentry"],"yoast_head":"<!-- This site is optimized with the Yoast SEO plugin v27.6 - https:\/\/yoast.com\/product\/yoast-seo-wordpress\/ -->\n<title>Alles \u00fcber GIN - SEE-DESTILLERIE\u00ae &amp; Klosterkellerei<\/title>\n<meta name=\"robots\" content=\"index, follow, max-snippet:-1, max-image-preview:large, max-video-preview:-1\" \/>\n<link rel=\"canonical\" href=\"https:\/\/www.see-destillerie.at\/brennerei\/bester-premium-gin-oberoesterreich-salzburg-wolfgangsee-stwolfgangimsalzkammergut-ginmanufaktur\/was-ist-premium-gin-und-wie-wird-gin-hergestellt-was-sind-botanicals\/\" \/>\n<meta property=\"og:locale\" content=\"de_DE\" \/>\n<meta property=\"og:type\" content=\"article\" \/>\n<meta property=\"og:title\" content=\"Alles \u00fcber GIN - SEE-DESTILLERIE\u00ae &amp; Klosterkellerei\" \/>\n<meta property=\"og:description\" content=\"Was ist GIN und wie wird er hergestellt? GIN ist glasklar, fast wie Wasser. Er ist das \u201eParfum\u201c unter den Spirituosen. Die Zutaten bilden unz\u00e4hlige&hellip; Continue reading &rarr; Alles \u00fcber GIN\" \/>\n<meta property=\"og:url\" content=\"https:\/\/www.see-destillerie.at\/brennerei\/bester-premium-gin-oberoesterreich-salzburg-wolfgangsee-stwolfgangimsalzkammergut-ginmanufaktur\/was-ist-premium-gin-und-wie-wird-gin-hergestellt-was-sind-botanicals\/\" \/>\n<meta property=\"og:site_name\" content=\"SEE-DESTILLERIE\u00ae &amp; Klosterkellerei\" \/>\n<meta property=\"article:publisher\" content=\"https:\/\/www.facebook.com\/seedestillerie\" \/>\n<meta property=\"article:modified_time\" content=\"2022-06-29T08:22:52+00:00\" \/>\n<meta property=\"og:image\" content=\"https:\/\/www.see-destillerie.at\/brennerei\/wp-content\/uploads\/2017\/03\/botanicals.jpg\" \/>\n\t<meta property=\"og:image:width\" content=\"1920\" \/>\n\t<meta property=\"og:image:height\" content=\"1000\" \/>\n\t<meta property=\"og:image:type\" content=\"image\/jpeg\" \/>\n<meta name=\"twitter:card\" content=\"summary_large_image\" \/>\n<meta name=\"twitter:label1\" content=\"Gesch\u00e4tzte Lesezeit\" \/>\n\t<meta name=\"twitter:data1\" content=\"1\u00a0Minute\" \/>\n<script type=\"application\/ld+json\" class=\"yoast-schema-graph\">{\"@context\":\"https:\\\/\\\/schema.org\",\"@graph\":[{\"@type\":\"WebPage\",\"@id\":\"https:\\\/\\\/www.see-destillerie.at\\\/brennerei\\\/bester-premium-gin-oberoesterreich-salzburg-wolfgangsee-stwolfgangimsalzkammergut-ginmanufaktur\\\/was-ist-premium-gin-und-wie-wird-gin-hergestellt-was-sind-botanicals\\\/\",\"url\":\"https:\\\/\\\/www.see-destillerie.at\\\/brennerei\\\/bester-premium-gin-oberoesterreich-salzburg-wolfgangsee-stwolfgangimsalzkammergut-ginmanufaktur\\\/was-ist-premium-gin-und-wie-wird-gin-hergestellt-was-sind-botanicals\\\/\",\"name\":\"Alles \u00fcber GIN - SEE-DESTILLERIE\u00ae &amp; Klosterkellerei\",\"isPartOf\":{\"@id\":\"https:\\\/\\\/www.see-destillerie.at\\\/brennerei\\\/#website\"},\"primaryImageOfPage\":{\"@id\":\"https:\\\/\\\/www.see-destillerie.at\\\/brennerei\\\/bester-premium-gin-oberoesterreich-salzburg-wolfgangsee-stwolfgangimsalzkammergut-ginmanufaktur\\\/was-ist-premium-gin-und-wie-wird-gin-hergestellt-was-sind-botanicals\\\/#primaryimage\"},\"image\":{\"@id\":\"https:\\\/\\\/www.see-destillerie.at\\\/brennerei\\\/bester-premium-gin-oberoesterreich-salzburg-wolfgangsee-stwolfgangimsalzkammergut-ginmanufaktur\\\/was-ist-premium-gin-und-wie-wird-gin-hergestellt-was-sind-botanicals\\\/#primaryimage\"},\"thumbnailUrl\":\"https:\\\/\\\/www.see-destillerie.at\\\/brennerei\\\/wp-content\\\/uploads\\\/2017\\\/03\\\/botanicals.jpg\",\"datePublished\":\"2017-03-17T09:05:25+00:00\",\"dateModified\":\"2022-06-29T08:22:52+00:00\",\"breadcrumb\":{\"@id\":\"https:\\\/\\\/www.see-destillerie.at\\\/brennerei\\\/bester-premium-gin-oberoesterreich-salzburg-wolfgangsee-stwolfgangimsalzkammergut-ginmanufaktur\\\/was-ist-premium-gin-und-wie-wird-gin-hergestellt-was-sind-botanicals\\\/#breadcrumb\"},\"inLanguage\":\"de\",\"potentialAction\":[{\"@type\":\"ReadAction\",\"target\":[\"https:\\\/\\\/www.see-destillerie.at\\\/brennerei\\\/bester-premium-gin-oberoesterreich-salzburg-wolfgangsee-stwolfgangimsalzkammergut-ginmanufaktur\\\/was-ist-premium-gin-und-wie-wird-gin-hergestellt-was-sind-botanicals\\\/\"]}]},{\"@type\":\"ImageObject\",\"inLanguage\":\"de\",\"@id\":\"https:\\\/\\\/www.see-destillerie.at\\\/brennerei\\\/bester-premium-gin-oberoesterreich-salzburg-wolfgangsee-stwolfgangimsalzkammergut-ginmanufaktur\\\/was-ist-premium-gin-und-wie-wird-gin-hergestellt-was-sind-botanicals\\\/#primaryimage\",\"url\":\"https:\\\/\\\/www.see-destillerie.at\\\/brennerei\\\/wp-content\\\/uploads\\\/2017\\\/03\\\/botanicals.jpg\",\"contentUrl\":\"https:\\\/\\\/www.see-destillerie.at\\\/brennerei\\\/wp-content\\\/uploads\\\/2017\\\/03\\\/botanicals.jpg\",\"width\":1920,\"height\":1000,\"caption\":\"Botanicals\"},{\"@type\":\"BreadcrumbList\",\"@id\":\"https:\\\/\\\/www.see-destillerie.at\\\/brennerei\\\/bester-premium-gin-oberoesterreich-salzburg-wolfgangsee-stwolfgangimsalzkammergut-ginmanufaktur\\\/was-ist-premium-gin-und-wie-wird-gin-hergestellt-was-sind-botanicals\\\/#breadcrumb\",\"itemListElement\":[{\"@type\":\"ListItem\",\"position\":1,\"name\":\"Startseite\",\"item\":\"https:\\\/\\\/www.see-destillerie.at\\\/brennerei\\\/\"},{\"@type\":\"ListItem\",\"position\":2,\"name\":\"Bester Premium GIN Ober\u00f6sterreich\\\/Salzburg vom Wolfgangsee?!\",\"item\":\"https:\\\/\\\/www.see-destillerie.at\\\/brennerei\\\/bester-premium-gin-oberoesterreich-salzburg-wolfgangsee-stwolfgangimsalzkammergut-ginmanufaktur\\\/\"},{\"@type\":\"ListItem\",\"position\":3,\"name\":\"Alles \u00fcber GIN\"}]},{\"@type\":\"WebSite\",\"@id\":\"https:\\\/\\\/www.see-destillerie.at\\\/brennerei\\\/#website\",\"url\":\"https:\\\/\\\/www.see-destillerie.at\\\/brennerei\\\/\",\"name\":\"SEE-DESTILLERIE\u00ae &amp; Klosterkellerei\",\"description\":\"GIN, WHISKY, RUM &amp; MORE \u2013 direkt vom Edelbrandsommelier vom Wolfgangsee\",\"publisher\":{\"@id\":\"https:\\\/\\\/www.see-destillerie.at\\\/brennerei\\\/#organization\"},\"potentialAction\":[{\"@type\":\"SearchAction\",\"target\":{\"@type\":\"EntryPoint\",\"urlTemplate\":\"https:\\\/\\\/www.see-destillerie.at\\\/brennerei\\\/?s={search_term_string}\"},\"query-input\":{\"@type\":\"PropertyValueSpecification\",\"valueRequired\":true,\"valueName\":\"search_term_string\"}}],\"inLanguage\":\"de\"},{\"@type\":\"Organization\",\"@id\":\"https:\\\/\\\/www.see-destillerie.at\\\/brennerei\\\/#organization\",\"name\":\"SEE-DESTILLERIE\u00ae &amp; Klosterkellerei\",\"url\":\"https:\\\/\\\/www.see-destillerie.at\\\/brennerei\\\/\",\"logo\":{\"@type\":\"ImageObject\",\"inLanguage\":\"de\",\"@id\":\"https:\\\/\\\/www.see-destillerie.at\\\/brennerei\\\/#\\\/schema\\\/logo\\\/image\\\/\",\"url\":\"https:\\\/\\\/www.see-destillerie.at\\\/brennerei\\\/wp-content\\\/uploads\\\/2017\\\/03\\\/cropped-seedestillerie-st-wolfgang.png\",\"contentUrl\":\"https:\\\/\\\/www.see-destillerie.at\\\/brennerei\\\/wp-content\\\/uploads\\\/2017\\\/03\\\/cropped-seedestillerie-st-wolfgang.png\",\"width\":512,\"height\":512,\"caption\":\"SEE-DESTILLERIE\u00ae &amp; Klosterkellerei\"},\"image\":{\"@id\":\"https:\\\/\\\/www.see-destillerie.at\\\/brennerei\\\/#\\\/schema\\\/logo\\\/image\\\/\"},\"sameAs\":[\"https:\\\/\\\/www.facebook.com\\\/seedestillerie\",\"https:\\\/\\\/www.instagram.com\\\/seedestillerie\\\/\"]}]}<\/script>\n<!-- \/ Yoast SEO plugin. -->","yoast_head_json":{"title":"Alles \u00fcber GIN - SEE-DESTILLERIE\u00ae &amp; Klosterkellerei","robots":{"index":"index","follow":"follow","max-snippet":"max-snippet:-1","max-image-preview":"max-image-preview:large","max-video-preview":"max-video-preview:-1"},"canonical":"https:\/\/www.see-destillerie.at\/brennerei\/bester-premium-gin-oberoesterreich-salzburg-wolfgangsee-stwolfgangimsalzkammergut-ginmanufaktur\/was-ist-premium-gin-und-wie-wird-gin-hergestellt-was-sind-botanicals\/","og_locale":"de_DE","og_type":"article","og_title":"Alles \u00fcber GIN - SEE-DESTILLERIE\u00ae &amp; Klosterkellerei","og_description":"Was ist GIN und wie wird er hergestellt? GIN ist glasklar, fast wie Wasser. Er ist das \u201eParfum\u201c unter den Spirituosen. Die Zutaten bilden unz\u00e4hlige&hellip; Continue reading &rarr; Alles \u00fcber GIN","og_url":"https:\/\/www.see-destillerie.at\/brennerei\/bester-premium-gin-oberoesterreich-salzburg-wolfgangsee-stwolfgangimsalzkammergut-ginmanufaktur\/was-ist-premium-gin-und-wie-wird-gin-hergestellt-was-sind-botanicals\/","og_site_name":"SEE-DESTILLERIE\u00ae &amp; Klosterkellerei","article_publisher":"https:\/\/www.facebook.com\/seedestillerie","article_modified_time":"2022-06-29T08:22:52+00:00","og_image":[{"width":1920,"height":1000,"url":"https:\/\/www.see-destillerie.at\/brennerei\/wp-content\/uploads\/2017\/03\/botanicals.jpg","type":"image\/jpeg"}],"twitter_card":"summary_large_image","twitter_misc":{"Gesch\u00e4tzte Lesezeit":"1\u00a0Minute"},"schema":{"@context":"https:\/\/schema.org","@graph":[{"@type":"WebPage","@id":"https:\/\/www.see-destillerie.at\/brennerei\/bester-premium-gin-oberoesterreich-salzburg-wolfgangsee-stwolfgangimsalzkammergut-ginmanufaktur\/was-ist-premium-gin-und-wie-wird-gin-hergestellt-was-sind-botanicals\/","url":"https:\/\/www.see-destillerie.at\/brennerei\/bester-premium-gin-oberoesterreich-salzburg-wolfgangsee-stwolfgangimsalzkammergut-ginmanufaktur\/was-ist-premium-gin-und-wie-wird-gin-hergestellt-was-sind-botanicals\/","name":"Alles \u00fcber GIN - SEE-DESTILLERIE\u00ae &amp; Klosterkellerei","isPartOf":{"@id":"https:\/\/www.see-destillerie.at\/brennerei\/#website"},"primaryImageOfPage":{"@id":"https:\/\/www.see-destillerie.at\/brennerei\/bester-premium-gin-oberoesterreich-salzburg-wolfgangsee-stwolfgangimsalzkammergut-ginmanufaktur\/was-ist-premium-gin-und-wie-wird-gin-hergestellt-was-sind-botanicals\/#primaryimage"},"image":{"@id":"https:\/\/www.see-destillerie.at\/brennerei\/bester-premium-gin-oberoesterreich-salzburg-wolfgangsee-stwolfgangimsalzkammergut-ginmanufaktur\/was-ist-premium-gin-und-wie-wird-gin-hergestellt-was-sind-botanicals\/#primaryimage"},"thumbnailUrl":"https:\/\/www.see-destillerie.at\/brennerei\/wp-content\/uploads\/2017\/03\/botanicals.jpg","datePublished":"2017-03-17T09:05:25+00:00","dateModified":"2022-06-29T08:22:52+00:00","breadcrumb":{"@id":"https:\/\/www.see-destillerie.at\/brennerei\/bester-premium-gin-oberoesterreich-salzburg-wolfgangsee-stwolfgangimsalzkammergut-ginmanufaktur\/was-ist-premium-gin-und-wie-wird-gin-hergestellt-was-sind-botanicals\/#breadcrumb"},"inLanguage":"de","potentialAction":[{"@type":"ReadAction","target":["https:\/\/www.see-destillerie.at\/brennerei\/bester-premium-gin-oberoesterreich-salzburg-wolfgangsee-stwolfgangimsalzkammergut-ginmanufaktur\/was-ist-premium-gin-und-wie-wird-gin-hergestellt-was-sind-botanicals\/"]}]},{"@type":"ImageObject","inLanguage":"de","@id":"https:\/\/www.see-destillerie.at\/brennerei\/bester-premium-gin-oberoesterreich-salzburg-wolfgangsee-stwolfgangimsalzkammergut-ginmanufaktur\/was-ist-premium-gin-und-wie-wird-gin-hergestellt-was-sind-botanicals\/#primaryimage","url":"https:\/\/www.see-destillerie.at\/brennerei\/wp-content\/uploads\/2017\/03\/botanicals.jpg","contentUrl":"https:\/\/www.see-destillerie.at\/brennerei\/wp-content\/uploads\/2017\/03\/botanicals.jpg","width":1920,"height":1000,"caption":"Botanicals"},{"@type":"BreadcrumbList","@id":"https:\/\/www.see-destillerie.at\/brennerei\/bester-premium-gin-oberoesterreich-salzburg-wolfgangsee-stwolfgangimsalzkammergut-ginmanufaktur\/was-ist-premium-gin-und-wie-wird-gin-hergestellt-was-sind-botanicals\/#breadcrumb","itemListElement":[{"@type":"ListItem","position":1,"name":"Startseite","item":"https:\/\/www.see-destillerie.at\/brennerei\/"},{"@type":"ListItem","position":2,"name":"Bester Premium GIN Ober\u00f6sterreich\/Salzburg vom Wolfgangsee?!","item":"https:\/\/www.see-destillerie.at\/brennerei\/bester-premium-gin-oberoesterreich-salzburg-wolfgangsee-stwolfgangimsalzkammergut-ginmanufaktur\/"},{"@type":"ListItem","position":3,"name":"Alles \u00fcber GIN"}]},{"@type":"WebSite","@id":"https:\/\/www.see-destillerie.at\/brennerei\/#website","url":"https:\/\/www.see-destillerie.at\/brennerei\/","name":"SEE-DESTILLERIE\u00ae &amp; Klosterkellerei","description":"GIN, WHISKY, RUM &amp; MORE \u2013 direkt vom Edelbrandsommelier vom Wolfgangsee","publisher":{"@id":"https:\/\/www.see-destillerie.at\/brennerei\/#organization"},"potentialAction":[{"@type":"SearchAction","target":{"@type":"EntryPoint","urlTemplate":"https:\/\/www.see-destillerie.at\/brennerei\/?s={search_term_string}"},"query-input":{"@type":"PropertyValueSpecification","valueRequired":true,"valueName":"search_term_string"}}],"inLanguage":"de"},{"@type":"Organization","@id":"https:\/\/www.see-destillerie.at\/brennerei\/#organization","name":"SEE-DESTILLERIE\u00ae &amp; Klosterkellerei","url":"https:\/\/www.see-destillerie.at\/brennerei\/","logo":{"@type":"ImageObject","inLanguage":"de","@id":"https:\/\/www.see-destillerie.at\/brennerei\/#\/schema\/logo\/image\/","url":"https:\/\/www.see-destillerie.at\/brennerei\/wp-content\/uploads\/2017\/03\/cropped-seedestillerie-st-wolfgang.png","contentUrl":"https:\/\/www.see-destillerie.at\/brennerei\/wp-content\/uploads\/2017\/03\/cropped-seedestillerie-st-wolfgang.png","width":512,"height":512,"caption":"SEE-DESTILLERIE\u00ae &amp; Klosterkellerei"},"image":{"@id":"https:\/\/www.see-destillerie.at\/brennerei\/#\/schema\/logo\/image\/"},"sameAs":["https:\/\/www.facebook.com\/seedestillerie","https:\/\/www.instagram.com\/seedestillerie\/"]}]}},"_links":{"self":[{"href":"https:\/\/www.see-destillerie.at\/brennerei\/wp-json\/wp\/v2\/pages\/148","targetHints":{"allow":["GET"]}}],"collection":[{"href":"https:\/\/www.see-destillerie.at\/brennerei\/wp-json\/wp\/v2\/pages"}],"about":[{"href":"https:\/\/www.see-destillerie.at\/brennerei\/wp-json\/wp\/v2\/types\/page"}],"author":[{"embeddable":true,"href":"https:\/\/www.see-destillerie.at\/brennerei\/wp-json\/wp\/v2\/users\/1"}],"replies":[{"embeddable":true,"href":"https:\/\/www.see-destillerie.at\/brennerei\/wp-json\/wp\/v2\/comments?post=148"}],"version-history":[{"count":24,"href":"https:\/\/www.see-destillerie.at\/brennerei\/wp-json\/wp\/v2\/pages\/148\/revisions"}],"predecessor-version":[{"id":2402,"href":"https:\/\/www.see-destillerie.at\/brennerei\/wp-json\/wp\/v2\/pages\/148\/revisions\/2402"}],"up":[{"embeddable":true,"href":"https:\/\/www.see-destillerie.at\/brennerei\/wp-json\/wp\/v2\/pages\/69"}],"wp:featuredmedia":[{"embeddable":true,"href":"https:\/\/www.see-destillerie.at\/brennerei\/wp-json\/wp\/v2\/media\/312"}],"wp:attachment":[{"href":"https:\/\/www.see-destillerie.at\/brennerei\/wp-json\/wp\/v2\/media?parent=148"}],"curies":[{"name":"wp","href":"https:\/\/api.w.org\/{rel}","templated":true}]}}