{"id":1646,"date":"2020-08-13T18:09:55","date_gmt":"2020-08-13T18:09:55","guid":{"rendered":"http:\/\/www.see-destillerie.at\/brennerei\/?page_id=1646"},"modified":"2024-07-16T14:20:48","modified_gmt":"2024-07-16T14:20:48","slug":"premium-wolfgangsee-rum-1528-bester-rum-obeoesterreich-salzburg","status":"publish","type":"page","link":"https:\/\/www.see-destillerie.at\/brennerei\/premium-wolfgangsee-rum-1528-bester-rum-obeoesterreich-salzburg\/","title":{"rendered":"Bester Premium RUM Ober\u00f6sterreich\/Salzburg vom Wolfgangsee?!"},"content":{"rendered":"\n<h1 class=\"wp-block-heading has-text-align-center\">Wolfgangsee RUM 1528,<br>einer der feinsten Tropfen aus dem Salzkammergut<\/h1>\n\n\n\n<p class=\"has-text-align-center\">Dieser Premium RUM erinnert an den Hauch von S\u00fcdsee.<br>Gebrannt aus Zuckerrohrmelasse. Nach der Lagerung in franz\u00f6sischen Eichenf\u00e4ssern und in Sherryf\u00e4ssern, reift der Wolfgangsee RUM in amerikanischen Eichenf\u00e4ssern. Das Finish erh\u00e4lt er in einem Solera-Fasssystem aus Jamaika Rumf\u00e4ssern, die in den Gew\u00f6lben unserer Klosterkellerei lagern, dem \u00e4ltesten Geb\u00e4ude in St. Wolfgang im Salzkammergut.<br>Ist nun der beste Premium RUM aus Ober\u00f6sterreich\/Salzburg unser Wolfgangsee RUM 1528?<br>Entscheide du!  Auf jeden Fall erwarten dich vielschichtig-fruchtige Aromen und unvergleichlicher Geschmack!<\/p>\n\n\n\n<h3 class=\"wp-block-heading has-text-align-center\"><strong>\u201eWolfgangsee RUM 1528\u201c, pr\u00e4miert beim internationalen WORLD-SPIRITS AWARD.<br>Die Jury beschreibt unseren RUM so:<\/strong><\/h3>\n\n\n\n<p class=\"has-text-align-center\"><em><strong>Duft:<\/strong> Sehr intensive Kokosraspelaromatik, Vanille, Karamell, Kokoskuppel,<br>Kokos-Schokolade, orangig, S\u00fcdseearomen, sehr verhaltene Rumesternoten,<br>zart bananig.<br><strong>Geschmack:<\/strong> Kokosraspelaromatik, Kokoskuppel, Kokosbusserl, Ananas, Maracuja, sehr dezent rumig, etwas Rumester, zart bananig, Artischocke, mittlerer K\u00f6rper, anhaltende L\u00e4nge.<\/em><\/p>\n\n\n\n<p><\/p>\n\n\n\n<figure class=\"wp-block-image size-large\"><img loading=\"lazy\" decoding=\"async\" width=\"1024\" height=\"1024\" src=\"https:\/\/www.see-destillerie.at\/brennerei\/wp-content\/uploads\/2020\/08\/wolfgangsee-RUM-SEEDESTILLERIE-salzkammergut-1024x1024.jpg\" alt=\"Wolfgangsee RUM 1528\" class=\"wp-image-1648\" srcset=\"https:\/\/www.see-destillerie.at\/brennerei\/wp-content\/uploads\/2020\/08\/wolfgangsee-RUM-SEEDESTILLERIE-salzkammergut-1024x1024.jpg 1024w, https:\/\/www.see-destillerie.at\/brennerei\/wp-content\/uploads\/2020\/08\/wolfgangsee-RUM-SEEDESTILLERIE-salzkammergut-300x300.jpg 300w, https:\/\/www.see-destillerie.at\/brennerei\/wp-content\/uploads\/2020\/08\/wolfgangsee-RUM-SEEDESTILLERIE-salzkammergut-150x150.jpg 150w, https:\/\/www.see-destillerie.at\/brennerei\/wp-content\/uploads\/2020\/08\/wolfgangsee-RUM-SEEDESTILLERIE-salzkammergut-768x768.jpg 768w, https:\/\/www.see-destillerie.at\/brennerei\/wp-content\/uploads\/2020\/08\/wolfgangsee-RUM-SEEDESTILLERIE-salzkammergut-760x760.jpg 760w, https:\/\/www.see-destillerie.at\/brennerei\/wp-content\/uploads\/2020\/08\/wolfgangsee-RUM-SEEDESTILLERIE-salzkammergut-348x348.jpg 348w, https:\/\/www.see-destillerie.at\/brennerei\/wp-content\/uploads\/2020\/08\/wolfgangsee-RUM-SEEDESTILLERIE-salzkammergut.jpg 1200w\" sizes=\"auto, (max-width: 1024px) 100vw, 1024px\" \/><\/figure>\n\n\n\n<div style=\"height:38px\" aria-hidden=\"true\" class=\"wp-block-spacer\"><\/div>\n\n\n\n<p class=\"has-text-align-center\">Du kennst Wolfgangsee RUM 1528 bereits?<\/p>\n\n\n\n<h2 class=\"wp-block-heading has-text-align-center\">Bester Premium RUM <br>Ober\u00f6sterreich\/Salzburg vom Wolfgangsee?!<\/h2>\n\n\n\n<p class=\"has-text-align-center\">Wenn du unseren Wolfgangsee RUM 1528 bereits kennst, was meinst du?<br>Wir freuen uns \u00fcber dein Feedback oder wenn du ein Foto von dir mit deinem Drink auf Social-Media teilst und uns verlinkst!<\/p>\n\n\n\n<p class=\"has-text-align-center\">Du hast noch keinen Premium Wolfgangsee RUM daheim?<br>\u201eWolfgangsee RUM 1528\u201c erh\u00e4ltst du in unserem Gesch\u00e4ft in St. Wolfgang, Markt 2 oder gerne auf Bestellung.<\/p>\n\n\n\n<h3 class=\"wp-block-heading has-text-align-center\">Eine Liste mit all unseren edlen Tropfen,<br>findest du <a href=\"https:\/\/www.see-destillerie.at\/brennerei\/produktliste\/\">HIER.<\/a><\/h3>\n\n\n\n<div style=\"height:20px\" aria-hidden=\"true\" class=\"wp-block-spacer\"><\/div>\n\n\n\n<p class=\"has-text-align-center\">Mehr zu uns und weshalb unsere Kunden immer wieder zu uns kommen, <br>findest du <a href=\"https:\/\/www.see-destillerie.at\/brennerei\/mehr-zu-uns-johannes-und-renate-peinsteiner-klosterkellerei-st-wolfgang\/\">HIER.<\/a><\/p>\n","protected":false},"excerpt":{"rendered":"<p>Wolfgangsee RUM 1528,einer der feinsten Tropfen aus dem Salzkammergut Dieser Premium RUM erinnert an den Hauch von S\u00fcdsee.Gebrannt aus Zuckerrohrmelasse. Nach der Lagerung in franz\u00f6sischen&hellip; <\/p>\n<p><a href=\"https:\/\/www.see-destillerie.at\/brennerei\/premium-wolfgangsee-rum-1528-bester-rum-obeoesterreich-salzburg\/\" class=\"more-link\">Continue reading &rarr; <span class=\"screen-reader-text\">Bester Premium RUM Ober\u00f6sterreich\/Salzburg vom Wolfgangsee?!<\/span><\/a><\/p>\n","protected":false},"author":1,"featured_media":1803,"parent":0,"menu_order":0,"comment_status":"closed","ping_status":"closed","template":"","meta":{"ngg_post_thumbnail":0,"footnotes":""},"class_list":["post-1646","page","type-page","status-publish","has-post-thumbnail","hentry"],"yoast_head":"<!-- This site is optimized with the Yoast SEO plugin v27.6 - https:\/\/yoast.com\/product\/yoast-seo-wordpress\/ -->\n<title>Bester Premium RUM Ober\u00f6sterreich\/Salzburg vom Wolfgangsee?!<\/title>\n<meta name=\"description\" content=\"Bester Premium RUM Ober\u00f6sterreich\/Salzburg vom Wolfgangsee?! RUM 1528 - St. Wolfgang\/Salzkammergut aus der SEE-DESTILLERIE\u00ae\" \/>\n<meta name=\"robots\" content=\"index, follow, max-snippet:-1, max-image-preview:large, max-video-preview:-1\" \/>\n<link rel=\"canonical\" href=\"https:\/\/www.see-destillerie.at\/brennerei\/premium-wolfgangsee-rum-1528-bester-rum-obeoesterreich-salzburg\/\" \/>\n<meta property=\"og:locale\" content=\"de_DE\" \/>\n<meta property=\"og:type\" content=\"article\" \/>\n<meta property=\"og:title\" content=\"Bester Premium RUM Ober\u00f6sterreich\/Salzburg vom Wolfgangsee?!\" \/>\n<meta property=\"og:description\" content=\"Bester Premium RUM Ober\u00f6sterreich\/Salzburg vom Wolfgangsee?! RUM 1528 - St. Wolfgang\/Salzkammergut aus der SEE-DESTILLERIE\u00ae\" \/>\n<meta property=\"og:url\" content=\"https:\/\/www.see-destillerie.at\/brennerei\/premium-wolfgangsee-rum-1528-bester-rum-obeoesterreich-salzburg\/\" \/>\n<meta property=\"og:site_name\" content=\"SEE-DESTILLERIE\u00ae &amp; Klosterkellerei\" \/>\n<meta property=\"article:publisher\" content=\"https:\/\/www.facebook.com\/seedestillerie\" \/>\n<meta property=\"article:modified_time\" content=\"2024-07-16T14:20:48+00:00\" \/>\n<meta property=\"og:image\" content=\"https:\/\/www.see-destillerie.at\/brennerei\/wp-content\/uploads\/2020\/09\/wolfgangsee-rum-1528.jpg\" \/>\n\t<meta property=\"og:image:width\" content=\"1920\" \/>\n\t<meta property=\"og:image:height\" content=\"1000\" \/>\n\t<meta property=\"og:image:type\" content=\"image\/jpeg\" \/>\n<meta name=\"twitter:card\" content=\"summary_large_image\" \/>\n<meta name=\"twitter:label1\" content=\"Gesch\u00e4tzte Lesezeit\" \/>\n\t<meta name=\"twitter:data1\" content=\"2\u00a0Minuten\" \/>\n<script type=\"application\/ld+json\" class=\"yoast-schema-graph\">{\"@context\":\"https:\\\/\\\/schema.org\",\"@graph\":[{\"@type\":\"WebPage\",\"@id\":\"https:\\\/\\\/www.see-destillerie.at\\\/brennerei\\\/premium-wolfgangsee-rum-1528-bester-rum-obeoesterreich-salzburg\\\/\",\"url\":\"https:\\\/\\\/www.see-destillerie.at\\\/brennerei\\\/premium-wolfgangsee-rum-1528-bester-rum-obeoesterreich-salzburg\\\/\",\"name\":\"Bester Premium RUM Ober\u00f6sterreich\\\/Salzburg vom Wolfgangsee?!\",\"isPartOf\":{\"@id\":\"https:\\\/\\\/www.see-destillerie.at\\\/brennerei\\\/#website\"},\"primaryImageOfPage\":{\"@id\":\"https:\\\/\\\/www.see-destillerie.at\\\/brennerei\\\/premium-wolfgangsee-rum-1528-bester-rum-obeoesterreich-salzburg\\\/#primaryimage\"},\"image\":{\"@id\":\"https:\\\/\\\/www.see-destillerie.at\\\/brennerei\\\/premium-wolfgangsee-rum-1528-bester-rum-obeoesterreich-salzburg\\\/#primaryimage\"},\"thumbnailUrl\":\"https:\\\/\\\/www.see-destillerie.at\\\/brennerei\\\/wp-content\\\/uploads\\\/2020\\\/09\\\/wolfgangsee-rum-1528.jpg\",\"datePublished\":\"2020-08-13T18:09:55+00:00\",\"dateModified\":\"2024-07-16T14:20:48+00:00\",\"description\":\"Bester Premium RUM Ober\u00f6sterreich\\\/Salzburg vom Wolfgangsee?! RUM 1528 - St. Wolfgang\\\/Salzkammergut aus der SEE-DESTILLERIE\u00ae\",\"breadcrumb\":{\"@id\":\"https:\\\/\\\/www.see-destillerie.at\\\/brennerei\\\/premium-wolfgangsee-rum-1528-bester-rum-obeoesterreich-salzburg\\\/#breadcrumb\"},\"inLanguage\":\"de\",\"potentialAction\":[{\"@type\":\"ReadAction\",\"target\":[\"https:\\\/\\\/www.see-destillerie.at\\\/brennerei\\\/premium-wolfgangsee-rum-1528-bester-rum-obeoesterreich-salzburg\\\/\"]}]},{\"@type\":\"ImageObject\",\"inLanguage\":\"de\",\"@id\":\"https:\\\/\\\/www.see-destillerie.at\\\/brennerei\\\/premium-wolfgangsee-rum-1528-bester-rum-obeoesterreich-salzburg\\\/#primaryimage\",\"url\":\"https:\\\/\\\/www.see-destillerie.at\\\/brennerei\\\/wp-content\\\/uploads\\\/2020\\\/09\\\/wolfgangsee-rum-1528.jpg\",\"contentUrl\":\"https:\\\/\\\/www.see-destillerie.at\\\/brennerei\\\/wp-content\\\/uploads\\\/2020\\\/09\\\/wolfgangsee-rum-1528.jpg\",\"width\":1920,\"height\":1000,\"caption\":\"Wolfgangsee RUM 1528\"},{\"@type\":\"BreadcrumbList\",\"@id\":\"https:\\\/\\\/www.see-destillerie.at\\\/brennerei\\\/premium-wolfgangsee-rum-1528-bester-rum-obeoesterreich-salzburg\\\/#breadcrumb\",\"itemListElement\":[{\"@type\":\"ListItem\",\"position\":1,\"name\":\"Startseite\",\"item\":\"https:\\\/\\\/www.see-destillerie.at\\\/brennerei\\\/\"},{\"@type\":\"ListItem\",\"position\":2,\"name\":\"Bester Premium RUM Ober\u00f6sterreich\\\/Salzburg vom Wolfgangsee?!\"}]},{\"@type\":\"WebSite\",\"@id\":\"https:\\\/\\\/www.see-destillerie.at\\\/brennerei\\\/#website\",\"url\":\"https:\\\/\\\/www.see-destillerie.at\\\/brennerei\\\/\",\"name\":\"SEE-DESTILLERIE\u00ae &amp; Klosterkellerei\",\"description\":\"GIN, WHISKY, RUM &amp; MORE \u2013 direkt vom Edelbrandsommelier vom Wolfgangsee\",\"publisher\":{\"@id\":\"https:\\\/\\\/www.see-destillerie.at\\\/brennerei\\\/#organization\"},\"potentialAction\":[{\"@type\":\"SearchAction\",\"target\":{\"@type\":\"EntryPoint\",\"urlTemplate\":\"https:\\\/\\\/www.see-destillerie.at\\\/brennerei\\\/?s={search_term_string}\"},\"query-input\":{\"@type\":\"PropertyValueSpecification\",\"valueRequired\":true,\"valueName\":\"search_term_string\"}}],\"inLanguage\":\"de\"},{\"@type\":\"Organization\",\"@id\":\"https:\\\/\\\/www.see-destillerie.at\\\/brennerei\\\/#organization\",\"name\":\"SEE-DESTILLERIE\u00ae &amp; Klosterkellerei\",\"url\":\"https:\\\/\\\/www.see-destillerie.at\\\/brennerei\\\/\",\"logo\":{\"@type\":\"ImageObject\",\"inLanguage\":\"de\",\"@id\":\"https:\\\/\\\/www.see-destillerie.at\\\/brennerei\\\/#\\\/schema\\\/logo\\\/image\\\/\",\"url\":\"https:\\\/\\\/www.see-destillerie.at\\\/brennerei\\\/wp-content\\\/uploads\\\/2017\\\/03\\\/cropped-seedestillerie-st-wolfgang.png\",\"contentUrl\":\"https:\\\/\\\/www.see-destillerie.at\\\/brennerei\\\/wp-content\\\/uploads\\\/2017\\\/03\\\/cropped-seedestillerie-st-wolfgang.png\",\"width\":512,\"height\":512,\"caption\":\"SEE-DESTILLERIE\u00ae &amp; Klosterkellerei\"},\"image\":{\"@id\":\"https:\\\/\\\/www.see-destillerie.at\\\/brennerei\\\/#\\\/schema\\\/logo\\\/image\\\/\"},\"sameAs\":[\"https:\\\/\\\/www.facebook.com\\\/seedestillerie\",\"https:\\\/\\\/www.instagram.com\\\/seedestillerie\\\/\"]}]}<\/script>\n<!-- \/ Yoast SEO plugin. -->","yoast_head_json":{"title":"Bester Premium RUM Ober\u00f6sterreich\/Salzburg vom Wolfgangsee?!","description":"Bester Premium RUM Ober\u00f6sterreich\/Salzburg vom Wolfgangsee?! RUM 1528 - St. Wolfgang\/Salzkammergut aus der SEE-DESTILLERIE\u00ae","robots":{"index":"index","follow":"follow","max-snippet":"max-snippet:-1","max-image-preview":"max-image-preview:large","max-video-preview":"max-video-preview:-1"},"canonical":"https:\/\/www.see-destillerie.at\/brennerei\/premium-wolfgangsee-rum-1528-bester-rum-obeoesterreich-salzburg\/","og_locale":"de_DE","og_type":"article","og_title":"Bester Premium RUM Ober\u00f6sterreich\/Salzburg vom Wolfgangsee?!","og_description":"Bester Premium RUM Ober\u00f6sterreich\/Salzburg vom Wolfgangsee?! RUM 1528 - St. Wolfgang\/Salzkammergut aus der SEE-DESTILLERIE\u00ae","og_url":"https:\/\/www.see-destillerie.at\/brennerei\/premium-wolfgangsee-rum-1528-bester-rum-obeoesterreich-salzburg\/","og_site_name":"SEE-DESTILLERIE\u00ae &amp; Klosterkellerei","article_publisher":"https:\/\/www.facebook.com\/seedestillerie","article_modified_time":"2024-07-16T14:20:48+00:00","og_image":[{"width":1920,"height":1000,"url":"https:\/\/www.see-destillerie.at\/brennerei\/wp-content\/uploads\/2020\/09\/wolfgangsee-rum-1528.jpg","type":"image\/jpeg"}],"twitter_card":"summary_large_image","twitter_misc":{"Gesch\u00e4tzte Lesezeit":"2\u00a0Minuten"},"schema":{"@context":"https:\/\/schema.org","@graph":[{"@type":"WebPage","@id":"https:\/\/www.see-destillerie.at\/brennerei\/premium-wolfgangsee-rum-1528-bester-rum-obeoesterreich-salzburg\/","url":"https:\/\/www.see-destillerie.at\/brennerei\/premium-wolfgangsee-rum-1528-bester-rum-obeoesterreich-salzburg\/","name":"Bester Premium RUM Ober\u00f6sterreich\/Salzburg vom Wolfgangsee?!","isPartOf":{"@id":"https:\/\/www.see-destillerie.at\/brennerei\/#website"},"primaryImageOfPage":{"@id":"https:\/\/www.see-destillerie.at\/brennerei\/premium-wolfgangsee-rum-1528-bester-rum-obeoesterreich-salzburg\/#primaryimage"},"image":{"@id":"https:\/\/www.see-destillerie.at\/brennerei\/premium-wolfgangsee-rum-1528-bester-rum-obeoesterreich-salzburg\/#primaryimage"},"thumbnailUrl":"https:\/\/www.see-destillerie.at\/brennerei\/wp-content\/uploads\/2020\/09\/wolfgangsee-rum-1528.jpg","datePublished":"2020-08-13T18:09:55+00:00","dateModified":"2024-07-16T14:20:48+00:00","description":"Bester Premium RUM Ober\u00f6sterreich\/Salzburg vom Wolfgangsee?! RUM 1528 - St. Wolfgang\/Salzkammergut aus der SEE-DESTILLERIE\u00ae","breadcrumb":{"@id":"https:\/\/www.see-destillerie.at\/brennerei\/premium-wolfgangsee-rum-1528-bester-rum-obeoesterreich-salzburg\/#breadcrumb"},"inLanguage":"de","potentialAction":[{"@type":"ReadAction","target":["https:\/\/www.see-destillerie.at\/brennerei\/premium-wolfgangsee-rum-1528-bester-rum-obeoesterreich-salzburg\/"]}]},{"@type":"ImageObject","inLanguage":"de","@id":"https:\/\/www.see-destillerie.at\/brennerei\/premium-wolfgangsee-rum-1528-bester-rum-obeoesterreich-salzburg\/#primaryimage","url":"https:\/\/www.see-destillerie.at\/brennerei\/wp-content\/uploads\/2020\/09\/wolfgangsee-rum-1528.jpg","contentUrl":"https:\/\/www.see-destillerie.at\/brennerei\/wp-content\/uploads\/2020\/09\/wolfgangsee-rum-1528.jpg","width":1920,"height":1000,"caption":"Wolfgangsee RUM 1528"},{"@type":"BreadcrumbList","@id":"https:\/\/www.see-destillerie.at\/brennerei\/premium-wolfgangsee-rum-1528-bester-rum-obeoesterreich-salzburg\/#breadcrumb","itemListElement":[{"@type":"ListItem","position":1,"name":"Startseite","item":"https:\/\/www.see-destillerie.at\/brennerei\/"},{"@type":"ListItem","position":2,"name":"Bester Premium RUM Ober\u00f6sterreich\/Salzburg vom Wolfgangsee?!"}]},{"@type":"WebSite","@id":"https:\/\/www.see-destillerie.at\/brennerei\/#website","url":"https:\/\/www.see-destillerie.at\/brennerei\/","name":"SEE-DESTILLERIE\u00ae &amp; Klosterkellerei","description":"GIN, WHISKY, RUM &amp; MORE \u2013 direkt vom Edelbrandsommelier vom Wolfgangsee","publisher":{"@id":"https:\/\/www.see-destillerie.at\/brennerei\/#organization"},"potentialAction":[{"@type":"SearchAction","target":{"@type":"EntryPoint","urlTemplate":"https:\/\/www.see-destillerie.at\/brennerei\/?s={search_term_string}"},"query-input":{"@type":"PropertyValueSpecification","valueRequired":true,"valueName":"search_term_string"}}],"inLanguage":"de"},{"@type":"Organization","@id":"https:\/\/www.see-destillerie.at\/brennerei\/#organization","name":"SEE-DESTILLERIE\u00ae &amp; Klosterkellerei","url":"https:\/\/www.see-destillerie.at\/brennerei\/","logo":{"@type":"ImageObject","inLanguage":"de","@id":"https:\/\/www.see-destillerie.at\/brennerei\/#\/schema\/logo\/image\/","url":"https:\/\/www.see-destillerie.at\/brennerei\/wp-content\/uploads\/2017\/03\/cropped-seedestillerie-st-wolfgang.png","contentUrl":"https:\/\/www.see-destillerie.at\/brennerei\/wp-content\/uploads\/2017\/03\/cropped-seedestillerie-st-wolfgang.png","width":512,"height":512,"caption":"SEE-DESTILLERIE\u00ae &amp; Klosterkellerei"},"image":{"@id":"https:\/\/www.see-destillerie.at\/brennerei\/#\/schema\/logo\/image\/"},"sameAs":["https:\/\/www.facebook.com\/seedestillerie","https:\/\/www.instagram.com\/seedestillerie\/"]}]}},"_links":{"self":[{"href":"https:\/\/www.see-destillerie.at\/brennerei\/wp-json\/wp\/v2\/pages\/1646","targetHints":{"allow":["GET"]}}],"collection":[{"href":"https:\/\/www.see-destillerie.at\/brennerei\/wp-json\/wp\/v2\/pages"}],"about":[{"href":"https:\/\/www.see-destillerie.at\/brennerei\/wp-json\/wp\/v2\/types\/page"}],"author":[{"embeddable":true,"href":"https:\/\/www.see-destillerie.at\/brennerei\/wp-json\/wp\/v2\/users\/1"}],"replies":[{"embeddable":true,"href":"https:\/\/www.see-destillerie.at\/brennerei\/wp-json\/wp\/v2\/comments?post=1646"}],"version-history":[{"count":34,"href":"https:\/\/www.see-destillerie.at\/brennerei\/wp-json\/wp\/v2\/pages\/1646\/revisions"}],"predecessor-version":[{"id":2809,"href":"https:\/\/www.see-destillerie.at\/brennerei\/wp-json\/wp\/v2\/pages\/1646\/revisions\/2809"}],"wp:featuredmedia":[{"embeddable":true,"href":"https:\/\/www.see-destillerie.at\/brennerei\/wp-json\/wp\/v2\/media\/1803"}],"wp:attachment":[{"href":"https:\/\/www.see-destillerie.at\/brennerei\/wp-json\/wp\/v2\/media?parent=1646"}],"curies":[{"name":"wp","href":"https:\/\/api.w.org\/{rel}","templated":true}]}}