{"id":2009,"date":"2021-03-11T05:49:10","date_gmt":"2021-03-11T05:49:10","guid":{"rendered":"http:\/\/www.see-destillerie.at\/brennerei\/?page_id=2009"},"modified":"2021-04-06T13:45:55","modified_gmt":"2021-04-06T13:45:55","slug":"postalm-gin","status":"publish","type":"page","link":"https:\/\/www.see-destillerie.at\/brennerei\/bester-premium-gin-oberoesterreich-salzburg-wolfgangsee-stwolfgangimsalzkammergut-ginmanufaktur\/unsere-gins\/postalm-gin\/","title":{"rendered":"Postalm-GIN"},"content":{"rendered":"\n<h1 class=\"has-text-align-center wp-block-heading\">Der Einkehrer<\/h1>\n\n\n\n<p class=\"has-text-align-center\">Nicht nur f\u00fcr st\u00fcrmische Zeiten.<br>Mit 27 Botanicals.<br><br>Das breite Aromaprofil dieses einmaligen Premium-GINs spiegelt die unendliche Weite des gr\u00f6\u00dften Almgebietes \u00d6sterreichs.<\/p>\n\n\n\n<p class=\"has-text-align-center\"><em><strong>DUFT:<\/strong> <em>Sehr frisch, deutliche Wacholderaromatik, Himbeer, Almrosenbl\u00e4tter, Veilchen, typische Almkr\u00e4uter, wilder K\u00fcmmel, wurzelig, zart harzig.<\/em><\/em><br><em><strong>GESCHMACK:<\/strong> <em>Deutlicher Wacholder, Zirbe, Latschen, Alpenkr\u00e4uter, Zitrusschalen, Orange, Minze, Thymian, Koriander, Ingwer, kompakter K\u00f6rper, anhaltende L\u00e4nge.<\/em><\/em><\/p>\n\n\n\n<figure class=\"wp-block-image size-large\"><img loading=\"lazy\" decoding=\"async\" width=\"1024\" height=\"1024\" src=\"https:\/\/www.see-destillerie.at\/brennerei\/wp-content\/uploads\/2021\/03\/postalm-gin_ohne-medaille-1024x1024.jpg\" alt=\"Postalm-GIN\" class=\"wp-image-2010\" srcset=\"https:\/\/www.see-destillerie.at\/brennerei\/wp-content\/uploads\/2021\/03\/postalm-gin_ohne-medaille-1024x1024.jpg 1024w, https:\/\/www.see-destillerie.at\/brennerei\/wp-content\/uploads\/2021\/03\/postalm-gin_ohne-medaille-300x300.jpg 300w, https:\/\/www.see-destillerie.at\/brennerei\/wp-content\/uploads\/2021\/03\/postalm-gin_ohne-medaille-150x150.jpg 150w, https:\/\/www.see-destillerie.at\/brennerei\/wp-content\/uploads\/2021\/03\/postalm-gin_ohne-medaille-768x768.jpg 768w, https:\/\/www.see-destillerie.at\/brennerei\/wp-content\/uploads\/2021\/03\/postalm-gin_ohne-medaille-760x760.jpg 760w, https:\/\/www.see-destillerie.at\/brennerei\/wp-content\/uploads\/2021\/03\/postalm-gin_ohne-medaille-348x348.jpg 348w, https:\/\/www.see-destillerie.at\/brennerei\/wp-content\/uploads\/2021\/03\/postalm-gin_ohne-medaille.jpg 1200w\" sizes=\"auto, (max-width: 1024px) 100vw, 1024px\" \/><\/figure>\n\n\n\n<div class=\"wp-block-image\"><figure class=\"aligncenter size-large\"><img loading=\"lazy\" decoding=\"async\" width=\"410\" height=\"55\" src=\"https:\/\/www.see-destillerie.at\/brennerei\/wp-content\/uploads\/2018\/03\/wacholderintensitaet6.gif\" alt=\"Wacholderintensit\u00e4t 6\" class=\"wp-image-1116\"\/><\/figure><\/div>\n\n\n\n<h6 class=\"has-text-align-center wp-block-heading\">\u201ePostalm-Gin\u201c . Wolfgangsee\/Postalm-Gebiet<br>Der Einkehrer<br>Finest Distilled Salzkammergut Premium-GIN . SMALL BATCH<br>Alkoholgehalt: 42,5 % vol<\/h6>\n\n\n\n<h6 class=\"has-text-align-center wp-block-heading\"><img loading=\"lazy\" decoding=\"async\" srcset=\"https:\/\/www.see-destillerie.at\/brennerei\/wp-content\/uploads\/2017\/02\/der-gin-profi-geniesst-ihn-pur.png 585w, https:\/\/www.see-destillerie.at\/brennerei\/wp-content\/uploads\/2017\/02\/der-gin-profi-geniesst-ihn-pur-300x34.png 300w, https:\/\/www.see-destillerie.at\/brennerei\/wp-content\/uploads\/2017\/02\/der-gin-profi-geniesst-ihn-pur-348x39.png 348w\" src=\"https:\/\/www.see-destillerie.at\/brennerei\/wp-content\/uploads\/2017\/02\/der-gin-profi-geniesst-ihn-pur.png\" alt=\"\" width=\"585\" height=\"66\"><\/h6>\n\n\n\n<h3 class=\"has-text-align-center wp-block-heading\">Ob pur getrunken oder als hochkar\u00e4tige Zutat in Cocktails \u2013 werde zum GIN-Liebhaber!<\/h3>\n\n\n\n<p class=\"has-text-align-center\">Rezepte f\u00fcr Cocktails und Drinks findest du <a href=\"https:\/\/www.see-destillerie.at\/brennerei\/rezepte\/\">HIER.<\/a><\/p>\n\n\n\n<p class=\"has-text-align-center\">Du hast noch keinen GIN daheim?<\/p>\n\n\n\n<p class=\"has-text-align-center\"><a href=\"https:\/\/www.see-destillerie.at\/brennerei\/produktliste\/\">ZU UNSERER GESAMTEN PRODUKTLISTE GEHT\u00b4S HIER LANG!<\/a><\/p>\n","protected":false},"excerpt":{"rendered":"<p>Der Einkehrer Nicht nur f\u00fcr st\u00fcrmische Zeiten.Mit 27 Botanicals. Das breite Aromaprofil dieses einmaligen Premium-GINs spiegelt die unendliche Weite des gr\u00f6\u00dften Almgebietes \u00d6sterreichs. DUFT: Sehr&hellip; <\/p>\n<p><a href=\"https:\/\/www.see-destillerie.at\/brennerei\/bester-premium-gin-oberoesterreich-salzburg-wolfgangsee-stwolfgangimsalzkammergut-ginmanufaktur\/unsere-gins\/postalm-gin\/\" class=\"more-link\">Continue reading &rarr; <span class=\"screen-reader-text\">Postalm-GIN<\/span><\/a><\/p>\n","protected":false},"author":1,"featured_media":2030,"parent":151,"menu_order":0,"comment_status":"closed","ping_status":"closed","template":"","meta":{"ngg_post_thumbnail":0,"footnotes":""},"class_list":["post-2009","page","type-page","status-publish","has-post-thumbnail","hentry"],"yoast_head":"<!-- This site is optimized with the Yoast SEO plugin v27.6 - https:\/\/yoast.com\/product\/yoast-seo-wordpress\/ -->\n<title>Postalm-GIN - SEE-DESTILLERIE\u00ae &amp; Klosterkellerei<\/title>\n<meta name=\"robots\" content=\"index, follow, max-snippet:-1, max-image-preview:large, max-video-preview:-1\" \/>\n<link rel=\"canonical\" href=\"https:\/\/www.see-destillerie.at\/brennerei\/bester-premium-gin-oberoesterreich-salzburg-wolfgangsee-stwolfgangimsalzkammergut-ginmanufaktur\/unsere-gins\/postalm-gin\/\" \/>\n<meta property=\"og:locale\" content=\"de_DE\" \/>\n<meta property=\"og:type\" content=\"article\" \/>\n<meta property=\"og:title\" content=\"Postalm-GIN - SEE-DESTILLERIE\u00ae &amp; Klosterkellerei\" \/>\n<meta property=\"og:description\" content=\"Der Einkehrer Nicht nur f\u00fcr st\u00fcrmische Zeiten.Mit 27 Botanicals. Das breite Aromaprofil dieses einmaligen Premium-GINs spiegelt die unendliche Weite des gr\u00f6\u00dften Almgebietes \u00d6sterreichs. DUFT: Sehr&hellip; Continue reading &rarr; Postalm-GIN\" \/>\n<meta property=\"og:url\" content=\"https:\/\/www.see-destillerie.at\/brennerei\/bester-premium-gin-oberoesterreich-salzburg-wolfgangsee-stwolfgangimsalzkammergut-ginmanufaktur\/unsere-gins\/postalm-gin\/\" \/>\n<meta property=\"og:site_name\" content=\"SEE-DESTILLERIE\u00ae &amp; Klosterkellerei\" \/>\n<meta property=\"article:publisher\" content=\"https:\/\/www.facebook.com\/seedestillerie\" \/>\n<meta property=\"article:modified_time\" content=\"2021-04-06T13:45:55+00:00\" \/>\n<meta property=\"og:image\" content=\"https:\/\/www.see-destillerie.at\/brennerei\/wp-content\/uploads\/2021\/03\/postalm-premium-gin-1.jpg\" \/>\n\t<meta property=\"og:image:width\" content=\"1920\" \/>\n\t<meta property=\"og:image:height\" content=\"1000\" \/>\n\t<meta property=\"og:image:type\" content=\"image\/jpeg\" \/>\n<meta name=\"twitter:card\" content=\"summary_large_image\" \/>\n<meta name=\"twitter:label1\" content=\"Gesch\u00e4tzte Lesezeit\" \/>\n\t<meta name=\"twitter:data1\" content=\"1\u00a0Minute\" \/>\n<script type=\"application\/ld+json\" class=\"yoast-schema-graph\">{\"@context\":\"https:\\\/\\\/schema.org\",\"@graph\":[{\"@type\":\"WebPage\",\"@id\":\"https:\\\/\\\/www.see-destillerie.at\\\/brennerei\\\/bester-premium-gin-oberoesterreich-salzburg-wolfgangsee-stwolfgangimsalzkammergut-ginmanufaktur\\\/unsere-gins\\\/postalm-gin\\\/\",\"url\":\"https:\\\/\\\/www.see-destillerie.at\\\/brennerei\\\/bester-premium-gin-oberoesterreich-salzburg-wolfgangsee-stwolfgangimsalzkammergut-ginmanufaktur\\\/unsere-gins\\\/postalm-gin\\\/\",\"name\":\"Postalm-GIN - SEE-DESTILLERIE\u00ae &amp; Klosterkellerei\",\"isPartOf\":{\"@id\":\"https:\\\/\\\/www.see-destillerie.at\\\/brennerei\\\/#website\"},\"primaryImageOfPage\":{\"@id\":\"https:\\\/\\\/www.see-destillerie.at\\\/brennerei\\\/bester-premium-gin-oberoesterreich-salzburg-wolfgangsee-stwolfgangimsalzkammergut-ginmanufaktur\\\/unsere-gins\\\/postalm-gin\\\/#primaryimage\"},\"image\":{\"@id\":\"https:\\\/\\\/www.see-destillerie.at\\\/brennerei\\\/bester-premium-gin-oberoesterreich-salzburg-wolfgangsee-stwolfgangimsalzkammergut-ginmanufaktur\\\/unsere-gins\\\/postalm-gin\\\/#primaryimage\"},\"thumbnailUrl\":\"https:\\\/\\\/www.see-destillerie.at\\\/brennerei\\\/wp-content\\\/uploads\\\/2021\\\/03\\\/postalm-premium-gin-1.jpg\",\"datePublished\":\"2021-03-11T05:49:10+00:00\",\"dateModified\":\"2021-04-06T13:45:55+00:00\",\"breadcrumb\":{\"@id\":\"https:\\\/\\\/www.see-destillerie.at\\\/brennerei\\\/bester-premium-gin-oberoesterreich-salzburg-wolfgangsee-stwolfgangimsalzkammergut-ginmanufaktur\\\/unsere-gins\\\/postalm-gin\\\/#breadcrumb\"},\"inLanguage\":\"de\",\"potentialAction\":[{\"@type\":\"ReadAction\",\"target\":[\"https:\\\/\\\/www.see-destillerie.at\\\/brennerei\\\/bester-premium-gin-oberoesterreich-salzburg-wolfgangsee-stwolfgangimsalzkammergut-ginmanufaktur\\\/unsere-gins\\\/postalm-gin\\\/\"]}]},{\"@type\":\"ImageObject\",\"inLanguage\":\"de\",\"@id\":\"https:\\\/\\\/www.see-destillerie.at\\\/brennerei\\\/bester-premium-gin-oberoesterreich-salzburg-wolfgangsee-stwolfgangimsalzkammergut-ginmanufaktur\\\/unsere-gins\\\/postalm-gin\\\/#primaryimage\",\"url\":\"https:\\\/\\\/www.see-destillerie.at\\\/brennerei\\\/wp-content\\\/uploads\\\/2021\\\/03\\\/postalm-premium-gin-1.jpg\",\"contentUrl\":\"https:\\\/\\\/www.see-destillerie.at\\\/brennerei\\\/wp-content\\\/uploads\\\/2021\\\/03\\\/postalm-premium-gin-1.jpg\",\"width\":1920,\"height\":1000,\"caption\":\"Premium-Postalm-GIN\"},{\"@type\":\"BreadcrumbList\",\"@id\":\"https:\\\/\\\/www.see-destillerie.at\\\/brennerei\\\/bester-premium-gin-oberoesterreich-salzburg-wolfgangsee-stwolfgangimsalzkammergut-ginmanufaktur\\\/unsere-gins\\\/postalm-gin\\\/#breadcrumb\",\"itemListElement\":[{\"@type\":\"ListItem\",\"position\":1,\"name\":\"Startseite\",\"item\":\"https:\\\/\\\/www.see-destillerie.at\\\/brennerei\\\/\"},{\"@type\":\"ListItem\",\"position\":2,\"name\":\"Bester Premium GIN Ober\u00f6sterreich\\\/Salzburg vom Wolfgangsee?!\",\"item\":\"https:\\\/\\\/www.see-destillerie.at\\\/brennerei\\\/bester-premium-gin-oberoesterreich-salzburg-wolfgangsee-stwolfgangimsalzkammergut-ginmanufaktur\\\/\"},{\"@type\":\"ListItem\",\"position\":3,\"name\":\"Premium-Gins aus \u00d6sterreich\",\"item\":\"https:\\\/\\\/www.see-destillerie.at\\\/brennerei\\\/bester-premium-gin-oberoesterreich-salzburg-wolfgangsee-stwolfgangimsalzkammergut-ginmanufaktur\\\/unsere-gins\\\/\"},{\"@type\":\"ListItem\",\"position\":4,\"name\":\"Postalm-GIN\"}]},{\"@type\":\"WebSite\",\"@id\":\"https:\\\/\\\/www.see-destillerie.at\\\/brennerei\\\/#website\",\"url\":\"https:\\\/\\\/www.see-destillerie.at\\\/brennerei\\\/\",\"name\":\"SEE-DESTILLERIE\u00ae &amp; Klosterkellerei\",\"description\":\"GIN, WHISKY, RUM &amp; MORE \u2013 direkt vom Edelbrandsommelier vom Wolfgangsee\",\"publisher\":{\"@id\":\"https:\\\/\\\/www.see-destillerie.at\\\/brennerei\\\/#organization\"},\"potentialAction\":[{\"@type\":\"SearchAction\",\"target\":{\"@type\":\"EntryPoint\",\"urlTemplate\":\"https:\\\/\\\/www.see-destillerie.at\\\/brennerei\\\/?s={search_term_string}\"},\"query-input\":{\"@type\":\"PropertyValueSpecification\",\"valueRequired\":true,\"valueName\":\"search_term_string\"}}],\"inLanguage\":\"de\"},{\"@type\":\"Organization\",\"@id\":\"https:\\\/\\\/www.see-destillerie.at\\\/brennerei\\\/#organization\",\"name\":\"SEE-DESTILLERIE\u00ae &amp; Klosterkellerei\",\"url\":\"https:\\\/\\\/www.see-destillerie.at\\\/brennerei\\\/\",\"logo\":{\"@type\":\"ImageObject\",\"inLanguage\":\"de\",\"@id\":\"https:\\\/\\\/www.see-destillerie.at\\\/brennerei\\\/#\\\/schema\\\/logo\\\/image\\\/\",\"url\":\"https:\\\/\\\/www.see-destillerie.at\\\/brennerei\\\/wp-content\\\/uploads\\\/2017\\\/03\\\/cropped-seedestillerie-st-wolfgang.png\",\"contentUrl\":\"https:\\\/\\\/www.see-destillerie.at\\\/brennerei\\\/wp-content\\\/uploads\\\/2017\\\/03\\\/cropped-seedestillerie-st-wolfgang.png\",\"width\":512,\"height\":512,\"caption\":\"SEE-DESTILLERIE\u00ae &amp; Klosterkellerei\"},\"image\":{\"@id\":\"https:\\\/\\\/www.see-destillerie.at\\\/brennerei\\\/#\\\/schema\\\/logo\\\/image\\\/\"},\"sameAs\":[\"https:\\\/\\\/www.facebook.com\\\/seedestillerie\",\"https:\\\/\\\/www.instagram.com\\\/seedestillerie\\\/\"]}]}<\/script>\n<!-- \/ Yoast SEO plugin. -->","yoast_head_json":{"title":"Postalm-GIN - SEE-DESTILLERIE\u00ae &amp; Klosterkellerei","robots":{"index":"index","follow":"follow","max-snippet":"max-snippet:-1","max-image-preview":"max-image-preview:large","max-video-preview":"max-video-preview:-1"},"canonical":"https:\/\/www.see-destillerie.at\/brennerei\/bester-premium-gin-oberoesterreich-salzburg-wolfgangsee-stwolfgangimsalzkammergut-ginmanufaktur\/unsere-gins\/postalm-gin\/","og_locale":"de_DE","og_type":"article","og_title":"Postalm-GIN - SEE-DESTILLERIE\u00ae &amp; Klosterkellerei","og_description":"Der Einkehrer Nicht nur f\u00fcr st\u00fcrmische Zeiten.Mit 27 Botanicals. Das breite Aromaprofil dieses einmaligen Premium-GINs spiegelt die unendliche Weite des gr\u00f6\u00dften Almgebietes \u00d6sterreichs. DUFT: Sehr&hellip; Continue reading &rarr; Postalm-GIN","og_url":"https:\/\/www.see-destillerie.at\/brennerei\/bester-premium-gin-oberoesterreich-salzburg-wolfgangsee-stwolfgangimsalzkammergut-ginmanufaktur\/unsere-gins\/postalm-gin\/","og_site_name":"SEE-DESTILLERIE\u00ae &amp; Klosterkellerei","article_publisher":"https:\/\/www.facebook.com\/seedestillerie","article_modified_time":"2021-04-06T13:45:55+00:00","og_image":[{"width":1920,"height":1000,"url":"https:\/\/www.see-destillerie.at\/brennerei\/wp-content\/uploads\/2021\/03\/postalm-premium-gin-1.jpg","type":"image\/jpeg"}],"twitter_card":"summary_large_image","twitter_misc":{"Gesch\u00e4tzte Lesezeit":"1\u00a0Minute"},"schema":{"@context":"https:\/\/schema.org","@graph":[{"@type":"WebPage","@id":"https:\/\/www.see-destillerie.at\/brennerei\/bester-premium-gin-oberoesterreich-salzburg-wolfgangsee-stwolfgangimsalzkammergut-ginmanufaktur\/unsere-gins\/postalm-gin\/","url":"https:\/\/www.see-destillerie.at\/brennerei\/bester-premium-gin-oberoesterreich-salzburg-wolfgangsee-stwolfgangimsalzkammergut-ginmanufaktur\/unsere-gins\/postalm-gin\/","name":"Postalm-GIN - SEE-DESTILLERIE\u00ae &amp; Klosterkellerei","isPartOf":{"@id":"https:\/\/www.see-destillerie.at\/brennerei\/#website"},"primaryImageOfPage":{"@id":"https:\/\/www.see-destillerie.at\/brennerei\/bester-premium-gin-oberoesterreich-salzburg-wolfgangsee-stwolfgangimsalzkammergut-ginmanufaktur\/unsere-gins\/postalm-gin\/#primaryimage"},"image":{"@id":"https:\/\/www.see-destillerie.at\/brennerei\/bester-premium-gin-oberoesterreich-salzburg-wolfgangsee-stwolfgangimsalzkammergut-ginmanufaktur\/unsere-gins\/postalm-gin\/#primaryimage"},"thumbnailUrl":"https:\/\/www.see-destillerie.at\/brennerei\/wp-content\/uploads\/2021\/03\/postalm-premium-gin-1.jpg","datePublished":"2021-03-11T05:49:10+00:00","dateModified":"2021-04-06T13:45:55+00:00","breadcrumb":{"@id":"https:\/\/www.see-destillerie.at\/brennerei\/bester-premium-gin-oberoesterreich-salzburg-wolfgangsee-stwolfgangimsalzkammergut-ginmanufaktur\/unsere-gins\/postalm-gin\/#breadcrumb"},"inLanguage":"de","potentialAction":[{"@type":"ReadAction","target":["https:\/\/www.see-destillerie.at\/brennerei\/bester-premium-gin-oberoesterreich-salzburg-wolfgangsee-stwolfgangimsalzkammergut-ginmanufaktur\/unsere-gins\/postalm-gin\/"]}]},{"@type":"ImageObject","inLanguage":"de","@id":"https:\/\/www.see-destillerie.at\/brennerei\/bester-premium-gin-oberoesterreich-salzburg-wolfgangsee-stwolfgangimsalzkammergut-ginmanufaktur\/unsere-gins\/postalm-gin\/#primaryimage","url":"https:\/\/www.see-destillerie.at\/brennerei\/wp-content\/uploads\/2021\/03\/postalm-premium-gin-1.jpg","contentUrl":"https:\/\/www.see-destillerie.at\/brennerei\/wp-content\/uploads\/2021\/03\/postalm-premium-gin-1.jpg","width":1920,"height":1000,"caption":"Premium-Postalm-GIN"},{"@type":"BreadcrumbList","@id":"https:\/\/www.see-destillerie.at\/brennerei\/bester-premium-gin-oberoesterreich-salzburg-wolfgangsee-stwolfgangimsalzkammergut-ginmanufaktur\/unsere-gins\/postalm-gin\/#breadcrumb","itemListElement":[{"@type":"ListItem","position":1,"name":"Startseite","item":"https:\/\/www.see-destillerie.at\/brennerei\/"},{"@type":"ListItem","position":2,"name":"Bester Premium GIN Ober\u00f6sterreich\/Salzburg vom Wolfgangsee?!","item":"https:\/\/www.see-destillerie.at\/brennerei\/bester-premium-gin-oberoesterreich-salzburg-wolfgangsee-stwolfgangimsalzkammergut-ginmanufaktur\/"},{"@type":"ListItem","position":3,"name":"Premium-Gins aus \u00d6sterreich","item":"https:\/\/www.see-destillerie.at\/brennerei\/bester-premium-gin-oberoesterreich-salzburg-wolfgangsee-stwolfgangimsalzkammergut-ginmanufaktur\/unsere-gins\/"},{"@type":"ListItem","position":4,"name":"Postalm-GIN"}]},{"@type":"WebSite","@id":"https:\/\/www.see-destillerie.at\/brennerei\/#website","url":"https:\/\/www.see-destillerie.at\/brennerei\/","name":"SEE-DESTILLERIE\u00ae &amp; Klosterkellerei","description":"GIN, WHISKY, RUM &amp; MORE \u2013 direkt vom Edelbrandsommelier vom Wolfgangsee","publisher":{"@id":"https:\/\/www.see-destillerie.at\/brennerei\/#organization"},"potentialAction":[{"@type":"SearchAction","target":{"@type":"EntryPoint","urlTemplate":"https:\/\/www.see-destillerie.at\/brennerei\/?s={search_term_string}"},"query-input":{"@type":"PropertyValueSpecification","valueRequired":true,"valueName":"search_term_string"}}],"inLanguage":"de"},{"@type":"Organization","@id":"https:\/\/www.see-destillerie.at\/brennerei\/#organization","name":"SEE-DESTILLERIE\u00ae &amp; Klosterkellerei","url":"https:\/\/www.see-destillerie.at\/brennerei\/","logo":{"@type":"ImageObject","inLanguage":"de","@id":"https:\/\/www.see-destillerie.at\/brennerei\/#\/schema\/logo\/image\/","url":"https:\/\/www.see-destillerie.at\/brennerei\/wp-content\/uploads\/2017\/03\/cropped-seedestillerie-st-wolfgang.png","contentUrl":"https:\/\/www.see-destillerie.at\/brennerei\/wp-content\/uploads\/2017\/03\/cropped-seedestillerie-st-wolfgang.png","width":512,"height":512,"caption":"SEE-DESTILLERIE\u00ae &amp; Klosterkellerei"},"image":{"@id":"https:\/\/www.see-destillerie.at\/brennerei\/#\/schema\/logo\/image\/"},"sameAs":["https:\/\/www.facebook.com\/seedestillerie","https:\/\/www.instagram.com\/seedestillerie\/"]}]}},"_links":{"self":[{"href":"https:\/\/www.see-destillerie.at\/brennerei\/wp-json\/wp\/v2\/pages\/2009","targetHints":{"allow":["GET"]}}],"collection":[{"href":"https:\/\/www.see-destillerie.at\/brennerei\/wp-json\/wp\/v2\/pages"}],"about":[{"href":"https:\/\/www.see-destillerie.at\/brennerei\/wp-json\/wp\/v2\/types\/page"}],"author":[{"embeddable":true,"href":"https:\/\/www.see-destillerie.at\/brennerei\/wp-json\/wp\/v2\/users\/1"}],"replies":[{"embeddable":true,"href":"https:\/\/www.see-destillerie.at\/brennerei\/wp-json\/wp\/v2\/comments?post=2009"}],"version-history":[{"count":8,"href":"https:\/\/www.see-destillerie.at\/brennerei\/wp-json\/wp\/v2\/pages\/2009\/revisions"}],"predecessor-version":[{"id":2044,"href":"https:\/\/www.see-destillerie.at\/brennerei\/wp-json\/wp\/v2\/pages\/2009\/revisions\/2044"}],"up":[{"embeddable":true,"href":"https:\/\/www.see-destillerie.at\/brennerei\/wp-json\/wp\/v2\/pages\/151"}],"wp:featuredmedia":[{"embeddable":true,"href":"https:\/\/www.see-destillerie.at\/brennerei\/wp-json\/wp\/v2\/media\/2030"}],"wp:attachment":[{"href":"https:\/\/www.see-destillerie.at\/brennerei\/wp-json\/wp\/v2\/media?parent=2009"}],"curies":[{"name":"wp","href":"https:\/\/api.w.org\/{rel}","templated":true}]}}