{"id":2115,"date":"2021-05-20T16:25:30","date_gmt":"2021-05-20T16:25:30","guid":{"rendered":"http:\/\/www.see-destillerie.at\/brennerei\/?page_id=2115"},"modified":"2021-10-07T16:09:01","modified_gmt":"2021-10-07T16:09:01","slug":"videos","status":"publish","type":"page","link":"https:\/\/www.see-destillerie.at\/brennerei\/videos\/","title":{"rendered":"Videos"},"content":{"rendered":"\n<p>Sollten die Videos nicht angezeigt werden, ben\u00f6tigen wir bitte deine Zustimmung, damit der Inhalt von YouTube geladen werden darf.<\/p>\n\n\n\n<h2 class=\"wp-block-heading\"> A Star Is Born &#8211; Wolfgangsee Whisky 1528<\/h2>\n\n\n\n<div style=\"height:20px\" aria-hidden=\"true\" class=\"wp-block-spacer\"><\/div>\n\n\n\n<figure class=\"wp-block-embed is-type-video is-provider-youtube wp-block-embed-youtube wp-embed-aspect-16-9 wp-has-aspect-ratio\"><div class=\"wp-block-embed__wrapper\">\n<div class=\"sp-dsgvo sp-dsgvo-embedding-container sp-dsgvo-embedding-youtube \"><div class=\"sp-dsgvo-blocked-embedding-placeholder sp-dsgvo-blocked-embedding-placeholder-youtube\">  <div class=\"sp-dsgvo-blocked-embedding-placeholder-header\"><img decoding=\"async\" class=\"sp-dsgvo-blocked-embedding-placeholder-header-icon\" src=\"https:\/\/www.see-destillerie.at\/brennerei\/wp-content\/plugins\/shapepress-dsgvo\/public\/images\/embeddings\/icon-youtube.svg\"\/>Wir ben\u00f6tigen Ihre Zustimmung um den Inhalt von YouTube laden zu k\u00f6nnen.<\/div>  <div class=\"sp-dsgvo-blocked-embedding-placeholder-body\"><p>Mit dem Klick auf das Video werden durch den mit uns gemeinsam Verantwortlichen Youtube [Google Ireland Limited, Irland] das Video abgespielt, auf Ihrem Endger\u00e4t Skripte geladen, Cookies gespeichert und personenbezogene Daten erfasst. Damit kann Google Aktivit\u00e4ten im Internet verfolgen und Werbung zielgruppengerecht ausspielen. Es erfolgt eine Daten\u00fcbermittlung in die USA, diese verf\u00fcgt \u00fcber keinen EU-konformen Datenschutz. Weitere Informationen finden Sie <a target=\"_blank\" href=\"#\" class=\"sp-dsgvo-navigate-privacy-policy\">hier<\/a>.<\/p>   <div class=\"sp-dsgvo-blocked-embedding-button-container\"> <a href=\"#\" class=\"sp-dsgvo-direct-enable-popup sp-dsgvo-blocked-embedding-button-enable\" data-slug=\"youtube\">Hier klicken um den Inhalt zu aktivieren.<\/a><\/div>  <\/div><\/div><div class=\"sp-dsgvo-hidden-embedding-content sp-dsgvo-hidden-embedding-content-youtube\" data-sp-dsgvo-embedding-slug=\"youtube\">Jmx0O2lmcmFtZSB0aXRsZT0mcXVvdDtBIFNUQVIgSVMgQk9STiAtIFdvbGZnYW5nc2VlIFdoaXNreSAxNTI4IGF1cyBkZXIgU0VFLURFU1RJTExFUklFIGltIFNhbHprYW1tZXJndXQmcXVvdDsgd2lkdGg9JnF1b3Q7NzYwJnF1b3Q7IGhlaWdodD0mcXVvdDs0MjgmcXVvdDsgc3JjPSZxdW90O2h0dHBzOi8vd3d3LnlvdXR1YmUuY29tL2VtYmVkL0lCRl9UcU9SVEdJP2ZlYXR1cmU9b2VtYmVkJnF1b3Q7IGZyYW1lYm9yZGVyPSZxdW90OzAmcXVvdDsgYWxsb3c9JnF1b3Q7YWNjZWxlcm9tZXRlcjsgYXV0b3BsYXk7IGNsaXBib2FyZC13cml0ZTsgZW5jcnlwdGVkLW1lZGlhOyBneXJvc2NvcGU7IHBpY3R1cmUtaW4tcGljdHVyZSZxdW90OyBhbGxvd2Z1bGxzY3JlZW4mZ3Q7Jmx0Oy9pZnJhbWUmZ3Q7<\/div><\/div>\n<\/div><\/figure>\n\n\n\n<div style=\"height:31px\" aria-hidden=\"true\" class=\"wp-block-spacer\"><\/div>\n\n\n\n<h2 class=\"wp-block-heading\">Einblick in die Whisky-Produktion<\/h2>\n\n\n\n<div style=\"height:19px\" aria-hidden=\"true\" class=\"wp-block-spacer\"><\/div>\n\n\n\n<div class=\"sp-dsgvo sp-dsgvo-embedding-container sp-dsgvo-embedding-youtube \"><div class=\"sp-dsgvo-blocked-embedding-placeholder sp-dsgvo-blocked-embedding-placeholder-youtube\">  <div class=\"sp-dsgvo-blocked-embedding-placeholder-header\"><img class=\"sp-dsgvo-blocked-embedding-placeholder-header-icon\" src=\"https:\/\/www.see-destillerie.at\/brennerei\/wp-content\/plugins\/shapepress-dsgvo\/public\/images\/embeddings\/icon-youtube.svg\"\/>Wir ben\u00f6tigen Ihre Zustimmung um den Inhalt von YouTube laden zu k\u00f6nnen.<\/div>  <div class=\"sp-dsgvo-blocked-embedding-placeholder-body\"><p>Mit dem Klick auf das Video werden durch den mit uns gemeinsam Verantwortlichen Youtube [Google Ireland Limited, Irland] das Video abgespielt, auf Ihrem Endger\u00e4t Skripte geladen, Cookies gespeichert und personenbezogene Daten erfasst. Damit kann Google Aktivit\u00e4ten im Internet verfolgen und Werbung zielgruppengerecht ausspielen. Es erfolgt eine Daten\u00fcbermittlung in die USA, diese verf\u00fcgt \u00fcber keinen EU-konformen Datenschutz. Weitere Informationen finden Sie <a target=\"_blank\" href=\"#\" class=\"sp-dsgvo-navigate-privacy-policy\">hier<\/a>.<\/p>   <div class=\"sp-dsgvo-blocked-embedding-button-container\"> <a href=\"#\" class=\"sp-dsgvo-direct-enable-popup sp-dsgvo-blocked-embedding-button-enable\" data-slug=\"youtube\">Hier klicken um den Inhalt zu aktivieren.<\/a><\/div>  <\/div><\/div><div class=\"sp-dsgvo-hidden-embedding-content sp-dsgvo-hidden-embedding-content-youtube\" data-sp-dsgvo-embedding-slug=\"youtube\">Jmx0O3AmZ3Q7Jmx0O2lmcmFtZSBsb2FkaW5nPSZxdW90O2xhenkmcXVvdDsgdGl0bGU9JnF1b3Q7WW91VHViZSB2aWRlbyBwbGF5ZXImcXVvdDsgc3JjPSZxdW90O2h0dHBzOi8vd3d3LnlvdXR1YmUtbm9jb29raWUuY29tL2VtYmVkL0J4VnpxV21qMUlrJnF1b3Q7IGFsbG93ZnVsbHNjcmVlbj0mcXVvdDthbGxvd2Z1bGxzY3JlZW4mcXVvdDsgd2lkdGg9JnF1b3Q7NTYwJnF1b3Q7IGhlaWdodD0mcXVvdDszMTUmcXVvdDsgZnJhbWVib3JkZXI9JnF1b3Q7MCZxdW90OyZndDsmYW1wO2x0Oy9wJmd0OyZsdDsvaWZyYW1lJmd0OyZsdDsvcCZndDs=<\/div><\/div>\n\n\n\n<div style=\"height:30px\" aria-hidden=\"true\" class=\"wp-block-spacer\"><\/div>\n\n\n\n<h2 class=\"wp-block-heading\">GIN-Genuss aus der SEE-DESTILLERIE\u00ae<\/h2>\n\n\n\n<div style=\"height:24px\" aria-hidden=\"true\" class=\"wp-block-spacer\"><\/div>\n\n\n\n<div class=\"sp-dsgvo sp-dsgvo-embedding-container sp-dsgvo-embedding-youtube \"><div class=\"sp-dsgvo-blocked-embedding-placeholder sp-dsgvo-blocked-embedding-placeholder-youtube\">  <div class=\"sp-dsgvo-blocked-embedding-placeholder-header\"><img class=\"sp-dsgvo-blocked-embedding-placeholder-header-icon\" src=\"https:\/\/www.see-destillerie.at\/brennerei\/wp-content\/plugins\/shapepress-dsgvo\/public\/images\/embeddings\/icon-youtube.svg\"\/>Wir ben\u00f6tigen Ihre Zustimmung um den Inhalt von YouTube laden zu k\u00f6nnen.<\/div>  <div class=\"sp-dsgvo-blocked-embedding-placeholder-body\"><p>Mit dem Klick auf das Video werden durch den mit uns gemeinsam Verantwortlichen Youtube [Google Ireland Limited, Irland] das Video abgespielt, auf Ihrem Endger\u00e4t Skripte geladen, Cookies gespeichert und personenbezogene Daten erfasst. Damit kann Google Aktivit\u00e4ten im Internet verfolgen und Werbung zielgruppengerecht ausspielen. Es erfolgt eine Daten\u00fcbermittlung in die USA, diese verf\u00fcgt \u00fcber keinen EU-konformen Datenschutz. Weitere Informationen finden Sie <a target=\"_blank\" href=\"#\" class=\"sp-dsgvo-navigate-privacy-policy\">hier<\/a>.<\/p>   <div class=\"sp-dsgvo-blocked-embedding-button-container\"> <a href=\"#\" class=\"sp-dsgvo-direct-enable-popup sp-dsgvo-blocked-embedding-button-enable\" data-slug=\"youtube\">Hier klicken um den Inhalt zu aktivieren.<\/a><\/div>  <\/div><\/div><div class=\"sp-dsgvo-hidden-embedding-content sp-dsgvo-hidden-embedding-content-youtube\" data-sp-dsgvo-embedding-slug=\"youtube\">Jmx0O3AmZ3Q7Jmx0O2lmcmFtZSBsb2FkaW5nPSZxdW90O2xhenkmcXVvdDsgc3JjPSZxdW90O2h0dHBzOi8vd3d3LnlvdXR1YmUtbm9jb29raWUuY29tL2VtYmVkL29YYkdyM3pyVFpZJnF1b3Q7IHRpdGxlPSZxdW90O1lvdVR1YmUgdmlkZW8gcGxheWVyJnF1b3Q7IGFsbG93PSZxdW90O2FjY2VsZXJvbWV0ZXI7IGF1dG9wbGF5OyBjbGlwYm9hcmQtd3JpdGU7IGVuY3J5cHRlZC1tZWRpYTsgZ3lyb3Njb3BlOyBwaWN0dXJlLWluLXBpY3R1cmUmcXVvdDsgYWxsb3dmdWxsc2NyZWVuPSZxdW90OyZxdW90OyB3aWR0aD0mcXVvdDs1NjAmcXVvdDsgaGVpZ2h0PSZxdW90OzMxNSZxdW90OyBmcmFtZWJvcmRlcj0mcXVvdDswJnF1b3Q7Jmd0OyAmYW1wO2x0Oy9wJmd0OyZsdDsvaWZyYW1lJmd0OyZsdDsvcCZndDs=<\/div><\/div>\n\n\n\n<div style=\"height:30px\" aria-hidden=\"true\" class=\"wp-block-spacer\"><\/div>\n\n\n\n<h2 class=\"wp-block-heading\"> GIN vom Wolfgangsee<\/h2>\n\n\n\n<div style=\"height:24px\" aria-hidden=\"true\" class=\"wp-block-spacer\"><\/div>\n\n\n\n<div class=\"sp-dsgvo sp-dsgvo-embedding-container sp-dsgvo-embedding-youtube \"><div class=\"sp-dsgvo-blocked-embedding-placeholder sp-dsgvo-blocked-embedding-placeholder-youtube\">  <div class=\"sp-dsgvo-blocked-embedding-placeholder-header\"><img class=\"sp-dsgvo-blocked-embedding-placeholder-header-icon\" src=\"https:\/\/www.see-destillerie.at\/brennerei\/wp-content\/plugins\/shapepress-dsgvo\/public\/images\/embeddings\/icon-youtube.svg\"\/>Wir ben\u00f6tigen Ihre Zustimmung um den Inhalt von YouTube laden zu k\u00f6nnen.<\/div>  <div class=\"sp-dsgvo-blocked-embedding-placeholder-body\"><p>Mit dem Klick auf das Video werden durch den mit uns gemeinsam Verantwortlichen Youtube [Google Ireland Limited, Irland] das Video abgespielt, auf Ihrem Endger\u00e4t Skripte geladen, Cookies gespeichert und personenbezogene Daten erfasst. Damit kann Google Aktivit\u00e4ten im Internet verfolgen und Werbung zielgruppengerecht ausspielen. Es erfolgt eine Daten\u00fcbermittlung in die USA, diese verf\u00fcgt \u00fcber keinen EU-konformen Datenschutz. Weitere Informationen finden Sie <a target=\"_blank\" href=\"#\" class=\"sp-dsgvo-navigate-privacy-policy\">hier<\/a>.<\/p>   <div class=\"sp-dsgvo-blocked-embedding-button-container\"> <a href=\"#\" class=\"sp-dsgvo-direct-enable-popup sp-dsgvo-blocked-embedding-button-enable\" data-slug=\"youtube\">Hier klicken um den Inhalt zu aktivieren.<\/a><\/div>  <\/div><\/div><div class=\"sp-dsgvo-hidden-embedding-content sp-dsgvo-hidden-embedding-content-youtube\" data-sp-dsgvo-embedding-slug=\"youtube\">Jmx0O3AmZ3Q7Jmx0O2lmcmFtZSBsb2FkaW5nPSZxdW90O2xhenkmcXVvdDsgc3JjPSZxdW90O2h0dHBzOi8vd3d3LnlvdXR1YmUtbm9jb29raWUuY29tL2VtYmVkL0RwZU9HT21CWG4wJnF1b3Q7IHRpdGxlPSZxdW90O1lvdVR1YmUgdmlkZW8gcGxheWVyJnF1b3Q7IGFsbG93PSZxdW90O2FjY2VsZXJvbWV0ZXI7IGF1dG9wbGF5OyBjbGlwYm9hcmQtd3JpdGU7IGVuY3J5cHRlZC1tZWRpYTsgZ3lyb3Njb3BlOyBwaWN0dXJlLWluLXBpY3R1cmUmcXVvdDsgYWxsb3dmdWxsc2NyZWVuPSZxdW90OyZxdW90OyB3aWR0aD0mcXVvdDs1NjAmcXVvdDsgaGVpZ2h0PSZxdW90OzMxNSZxdW90OyBmcmFtZWJvcmRlcj0mcXVvdDswJnF1b3Q7Jmd0OyAmbHQ7L2lmcmFtZSZndDsmbHQ7L3AmZ3Q7<\/div><\/div>\n\n\n\n<div style=\"height:60px\" aria-hidden=\"true\" class=\"wp-block-spacer\"><\/div>\n","protected":false},"excerpt":{"rendered":"<p>Sollten die Videos nicht angezeigt werden, ben\u00f6tigen wir bitte deine Zustimmung, damit der Inhalt von YouTube geladen werden darf. A Star Is Born &#8211; Wolfgangsee&hellip; <\/p>\n<p><a href=\"https:\/\/www.see-destillerie.at\/brennerei\/videos\/\" class=\"more-link\">Continue reading &rarr; <span class=\"screen-reader-text\">Videos<\/span><\/a><\/p>\n","protected":false},"author":1,"featured_media":0,"parent":0,"menu_order":0,"comment_status":"closed","ping_status":"closed","template":"","meta":{"ngg_post_thumbnail":0,"footnotes":""},"class_list":["post-2115","page","type-page","status-publish","hentry"],"yoast_head":"<!-- This site is optimized with the Yoast SEO plugin v27.5 - https:\/\/yoast.com\/product\/yoast-seo-wordpress\/ -->\n<title>Videos - SEE-DESTILLERIE\u00ae &amp; Klosterkellerei<\/title>\n<meta name=\"robots\" content=\"index, follow, max-snippet:-1, max-image-preview:large, max-video-preview:-1\" \/>\n<link rel=\"canonical\" href=\"https:\/\/www.see-destillerie.at\/brennerei\/videos\/\" \/>\n<meta property=\"og:locale\" content=\"de_DE\" \/>\n<meta property=\"og:type\" content=\"article\" \/>\n<meta property=\"og:title\" content=\"Videos - SEE-DESTILLERIE\u00ae &amp; Klosterkellerei\" \/>\n<meta property=\"og:description\" content=\"Sollten die Videos nicht angezeigt werden, ben\u00f6tigen wir bitte deine Zustimmung, damit der Inhalt von YouTube geladen werden darf. A Star Is Born &#8211; Wolfgangsee&hellip; Continue reading &rarr; Videos\" \/>\n<meta property=\"og:url\" content=\"https:\/\/www.see-destillerie.at\/brennerei\/videos\/\" \/>\n<meta property=\"og:site_name\" content=\"SEE-DESTILLERIE\u00ae &amp; Klosterkellerei\" \/>\n<meta property=\"article:publisher\" content=\"https:\/\/www.facebook.com\/seedestillerie\" \/>\n<meta property=\"article:modified_time\" content=\"2021-10-07T16:09:01+00:00\" \/>\n<meta name=\"twitter:card\" content=\"summary_large_image\" \/>\n<script type=\"application\/ld+json\" class=\"yoast-schema-graph\">{\"@context\":\"https:\\\/\\\/schema.org\",\"@graph\":[{\"@type\":\"WebPage\",\"@id\":\"https:\\\/\\\/www.see-destillerie.at\\\/brennerei\\\/videos\\\/\",\"url\":\"https:\\\/\\\/www.see-destillerie.at\\\/brennerei\\\/videos\\\/\",\"name\":\"Videos - SEE-DESTILLERIE\u00ae &amp; Klosterkellerei\",\"isPartOf\":{\"@id\":\"https:\\\/\\\/www.see-destillerie.at\\\/brennerei\\\/#website\"},\"datePublished\":\"2021-05-20T16:25:30+00:00\",\"dateModified\":\"2021-10-07T16:09:01+00:00\",\"breadcrumb\":{\"@id\":\"https:\\\/\\\/www.see-destillerie.at\\\/brennerei\\\/videos\\\/#breadcrumb\"},\"inLanguage\":\"de\",\"potentialAction\":[{\"@type\":\"ReadAction\",\"target\":[\"https:\\\/\\\/www.see-destillerie.at\\\/brennerei\\\/videos\\\/\"]}]},{\"@type\":\"BreadcrumbList\",\"@id\":\"https:\\\/\\\/www.see-destillerie.at\\\/brennerei\\\/videos\\\/#breadcrumb\",\"itemListElement\":[{\"@type\":\"ListItem\",\"position\":1,\"name\":\"Startseite\",\"item\":\"https:\\\/\\\/www.see-destillerie.at\\\/brennerei\\\/\"},{\"@type\":\"ListItem\",\"position\":2,\"name\":\"Videos\"}]},{\"@type\":\"WebSite\",\"@id\":\"https:\\\/\\\/www.see-destillerie.at\\\/brennerei\\\/#website\",\"url\":\"https:\\\/\\\/www.see-destillerie.at\\\/brennerei\\\/\",\"name\":\"SEE-DESTILLERIE\u00ae &amp; Klosterkellerei\",\"description\":\"GIN, WHISKY, RUM &amp; MORE \u2013 direkt vom Edelbrandsommelier vom Wolfgangsee\",\"publisher\":{\"@id\":\"https:\\\/\\\/www.see-destillerie.at\\\/brennerei\\\/#organization\"},\"potentialAction\":[{\"@type\":\"SearchAction\",\"target\":{\"@type\":\"EntryPoint\",\"urlTemplate\":\"https:\\\/\\\/www.see-destillerie.at\\\/brennerei\\\/?s={search_term_string}\"},\"query-input\":{\"@type\":\"PropertyValueSpecification\",\"valueRequired\":true,\"valueName\":\"search_term_string\"}}],\"inLanguage\":\"de\"},{\"@type\":\"Organization\",\"@id\":\"https:\\\/\\\/www.see-destillerie.at\\\/brennerei\\\/#organization\",\"name\":\"SEE-DESTILLERIE\u00ae &amp; Klosterkellerei\",\"url\":\"https:\\\/\\\/www.see-destillerie.at\\\/brennerei\\\/\",\"logo\":{\"@type\":\"ImageObject\",\"inLanguage\":\"de\",\"@id\":\"https:\\\/\\\/www.see-destillerie.at\\\/brennerei\\\/#\\\/schema\\\/logo\\\/image\\\/\",\"url\":\"https:\\\/\\\/www.see-destillerie.at\\\/brennerei\\\/wp-content\\\/uploads\\\/2017\\\/03\\\/cropped-seedestillerie-st-wolfgang.png\",\"contentUrl\":\"https:\\\/\\\/www.see-destillerie.at\\\/brennerei\\\/wp-content\\\/uploads\\\/2017\\\/03\\\/cropped-seedestillerie-st-wolfgang.png\",\"width\":512,\"height\":512,\"caption\":\"SEE-DESTILLERIE\u00ae &amp; Klosterkellerei\"},\"image\":{\"@id\":\"https:\\\/\\\/www.see-destillerie.at\\\/brennerei\\\/#\\\/schema\\\/logo\\\/image\\\/\"},\"sameAs\":[\"https:\\\/\\\/www.facebook.com\\\/seedestillerie\",\"https:\\\/\\\/www.instagram.com\\\/seedestillerie\\\/\"]}]}<\/script>\n<!-- \/ Yoast SEO plugin. -->","yoast_head_json":{"title":"Videos - SEE-DESTILLERIE\u00ae &amp; Klosterkellerei","robots":{"index":"index","follow":"follow","max-snippet":"max-snippet:-1","max-image-preview":"max-image-preview:large","max-video-preview":"max-video-preview:-1"},"canonical":"https:\/\/www.see-destillerie.at\/brennerei\/videos\/","og_locale":"de_DE","og_type":"article","og_title":"Videos - SEE-DESTILLERIE\u00ae &amp; Klosterkellerei","og_description":"Sollten die Videos nicht angezeigt werden, ben\u00f6tigen wir bitte deine Zustimmung, damit der Inhalt von YouTube geladen werden darf. A Star Is Born &#8211; Wolfgangsee&hellip; Continue reading &rarr; Videos","og_url":"https:\/\/www.see-destillerie.at\/brennerei\/videos\/","og_site_name":"SEE-DESTILLERIE\u00ae &amp; Klosterkellerei","article_publisher":"https:\/\/www.facebook.com\/seedestillerie","article_modified_time":"2021-10-07T16:09:01+00:00","twitter_card":"summary_large_image","schema":{"@context":"https:\/\/schema.org","@graph":[{"@type":"WebPage","@id":"https:\/\/www.see-destillerie.at\/brennerei\/videos\/","url":"https:\/\/www.see-destillerie.at\/brennerei\/videos\/","name":"Videos - SEE-DESTILLERIE\u00ae &amp; Klosterkellerei","isPartOf":{"@id":"https:\/\/www.see-destillerie.at\/brennerei\/#website"},"datePublished":"2021-05-20T16:25:30+00:00","dateModified":"2021-10-07T16:09:01+00:00","breadcrumb":{"@id":"https:\/\/www.see-destillerie.at\/brennerei\/videos\/#breadcrumb"},"inLanguage":"de","potentialAction":[{"@type":"ReadAction","target":["https:\/\/www.see-destillerie.at\/brennerei\/videos\/"]}]},{"@type":"BreadcrumbList","@id":"https:\/\/www.see-destillerie.at\/brennerei\/videos\/#breadcrumb","itemListElement":[{"@type":"ListItem","position":1,"name":"Startseite","item":"https:\/\/www.see-destillerie.at\/brennerei\/"},{"@type":"ListItem","position":2,"name":"Videos"}]},{"@type":"WebSite","@id":"https:\/\/www.see-destillerie.at\/brennerei\/#website","url":"https:\/\/www.see-destillerie.at\/brennerei\/","name":"SEE-DESTILLERIE\u00ae &amp; Klosterkellerei","description":"GIN, WHISKY, RUM &amp; MORE \u2013 direkt vom Edelbrandsommelier vom Wolfgangsee","publisher":{"@id":"https:\/\/www.see-destillerie.at\/brennerei\/#organization"},"potentialAction":[{"@type":"SearchAction","target":{"@type":"EntryPoint","urlTemplate":"https:\/\/www.see-destillerie.at\/brennerei\/?s={search_term_string}"},"query-input":{"@type":"PropertyValueSpecification","valueRequired":true,"valueName":"search_term_string"}}],"inLanguage":"de"},{"@type":"Organization","@id":"https:\/\/www.see-destillerie.at\/brennerei\/#organization","name":"SEE-DESTILLERIE\u00ae &amp; Klosterkellerei","url":"https:\/\/www.see-destillerie.at\/brennerei\/","logo":{"@type":"ImageObject","inLanguage":"de","@id":"https:\/\/www.see-destillerie.at\/brennerei\/#\/schema\/logo\/image\/","url":"https:\/\/www.see-destillerie.at\/brennerei\/wp-content\/uploads\/2017\/03\/cropped-seedestillerie-st-wolfgang.png","contentUrl":"https:\/\/www.see-destillerie.at\/brennerei\/wp-content\/uploads\/2017\/03\/cropped-seedestillerie-st-wolfgang.png","width":512,"height":512,"caption":"SEE-DESTILLERIE\u00ae &amp; Klosterkellerei"},"image":{"@id":"https:\/\/www.see-destillerie.at\/brennerei\/#\/schema\/logo\/image\/"},"sameAs":["https:\/\/www.facebook.com\/seedestillerie","https:\/\/www.instagram.com\/seedestillerie\/"]}]}},"_links":{"self":[{"href":"https:\/\/www.see-destillerie.at\/brennerei\/wp-json\/wp\/v2\/pages\/2115","targetHints":{"allow":["GET"]}}],"collection":[{"href":"https:\/\/www.see-destillerie.at\/brennerei\/wp-json\/wp\/v2\/pages"}],"about":[{"href":"https:\/\/www.see-destillerie.at\/brennerei\/wp-json\/wp\/v2\/types\/page"}],"author":[{"embeddable":true,"href":"https:\/\/www.see-destillerie.at\/brennerei\/wp-json\/wp\/v2\/users\/1"}],"replies":[{"embeddable":true,"href":"https:\/\/www.see-destillerie.at\/brennerei\/wp-json\/wp\/v2\/comments?post=2115"}],"version-history":[{"count":16,"href":"https:\/\/www.see-destillerie.at\/brennerei\/wp-json\/wp\/v2\/pages\/2115\/revisions"}],"predecessor-version":[{"id":2249,"href":"https:\/\/www.see-destillerie.at\/brennerei\/wp-json\/wp\/v2\/pages\/2115\/revisions\/2249"}],"wp:attachment":[{"href":"https:\/\/www.see-destillerie.at\/brennerei\/wp-json\/wp\/v2\/media?parent=2115"}],"curies":[{"name":"wp","href":"https:\/\/api.w.org\/{rel}","templated":true}]}}