{"id":59,"date":"2017-02-16T05:27:22","date_gmt":"2017-02-16T05:27:22","guid":{"rendered":"http:\/\/www.see-destillerie.at\/brennerei\/?page_id=59"},"modified":"2020-09-24T10:15:51","modified_gmt":"2020-09-24T10:15:51","slug":"mehr-zu-uns-johannes-und-renate-peinsteiner-klosterkellerei-st-wolfgang","status":"publish","type":"page","link":"https:\/\/www.see-destillerie.at\/brennerei\/mehr-zu-uns-johannes-und-renate-peinsteiner-klosterkellerei-st-wolfgang\/","title":{"rendered":"Mehr zu uns"},"content":{"rendered":"<h1 style=\"text-align: center;\">\u201eMit dem guten Geschmack ist es ganz einfach: Man nehme von allem nur das Beste.\u201c<\/h1>\n<p style=\"text-align: center;\"><em>Oscar Wilde<\/em><\/p>\n<p style=\"text-align: center;\">Im Jahr 2003 gr\u00fcndeten wir, Renate und Johannes Peinsteiner, in den alten Gem\u00e4uern des ehemaligen Benediktinerklosters (dem \u00e4ltesten Geb\u00e4ude im wundersch\u00f6nen Wallfahrtsort St. Wolfgang im Salzkammergut \u2013 Urbar 1416 zum ersten Mal urkundlich erw\u00e4hnt) unser Gesch\u00e4ft, die <strong>\u201eKlosterkellerei\u201c. <\/strong>Seither verkaufen wir hier unsere stets hochwertigen Produkte. Schon von Anfang an gilt es als Geheimtipp f\u00fcr Liebhaber von Lik\u00f6r- und Destillerie-Spezialit\u00e4ten und \u00fcberzeugt<span style=\"font-size: inherit;\"> mit der gr\u00f6\u00dften Auswahl an Lik\u00f6ren, Edelbr\u00e4nden und regionalen Destillerie-Spezialit\u00e4ten \u2013 direkt vom Edelbrandsommelier.<\/span><\/p>\n<h3 style=\"text-align: center;\">Die SEE-DESTILLERIE\u00ae<\/h3>\n<p style=\"text-align: center;\">Im Jahr 2015 erweiterten wir unseren Familienbetrieb und es entstand die <strong>SEE-DESTILLERIE\u00ae<\/strong>, unsere \u201eGenuss\u201c-Werkstatt, in der wir unserer Kreativit\u00e4t in der Welt der Edel-Spirituosen freien Lauf lassen.<br \/>\nMit stetig wachsender Leidenschaft auf h\u00f6chstem Niveau, erfinden wir neue abenteuerliche Kombinationen \u2013 wie z. B. Schoko-Chili-Lik\u00f6r, Himbeer-Lik\u00f6r, verfeinert mit GIN, <span data-offset-key=\"6lp3q-0-0\">Pi\u00f1a colada-Sahne-Lik\u00f6r<\/span> \u2026<\/p>\n<h3 style=\"text-align: center;\"><strong>Warum unsere Kunden immer wieder kommen?<br \/>\n<\/strong><\/h3>\n<p style=\"text-align: center;\">Zahlreiche Stammkunden sch\u00e4tzen die Vielfalt unserer Produkte und unsere Kreativit\u00e4t im Spiel mit den Aromen.<br \/>\nKr\u00e4uterschn\u00e4pse, Edelbitter und Lik\u00f6re nach alten geheimen Rezepturen, himmlisch schmeckende Kreationen von Edelbr\u00e4nden \u2013 von der Vogelbeere bis hin zu den\u00a0Klassikern wie Marillen- und Williamsbrand \u2013 locken immer wieder zahlreiche Kenner in die alten Gem\u00e4uer der \u201eKlosterkellerei\u201c.<br \/>\nDie nach alten Rezepten hergestellten Spezialit\u00e4ten f\u00f6rdern die Verdauung und wirken beruhigend auf den gesamten Organismus.<br \/>\nSehr begehrt sind unsere selbst angesetzten Nusslik\u00f6re sowie Zirbenlik\u00f6re und -schn\u00e4pse, welche als \u00f6sterreichische Spezialit\u00e4t gelten.<br \/>\nAuch die vielen Urlaubsg\u00e4ste im Salzkammergut sch\u00e4tzen die derzeit \u00fcber 70 Kreationen (saisonal erg\u00e4nzt) und tragen unsere Produkte in die Welt hinaus. Oft geh\u00f6rt bei Stammg\u00e4sten ein Besuch in der St. Wolfganger Klosterkellerei zu den fixen Urlaubsaktivit\u00e4ten und wir freuen uns auf die Frage: \u201eWas gibt\u00b4s Neues?\u201c<\/p>\n<p><img loading=\"lazy\" decoding=\"async\" class=\"aligncenter size-full wp-image-568\" src=\"https:\/\/www.see-destillerie.at\/brennerei\/wp-content\/uploads\/2017\/02\/renate-und-johannes-peinsteiner.jpg\" alt=\"\" width=\"722\" height=\"600\" srcset=\"https:\/\/www.see-destillerie.at\/brennerei\/wp-content\/uploads\/2017\/02\/renate-und-johannes-peinsteiner.jpg 722w, https:\/\/www.see-destillerie.at\/brennerei\/wp-content\/uploads\/2017\/02\/renate-und-johannes-peinsteiner-300x249.jpg 300w, https:\/\/www.see-destillerie.at\/brennerei\/wp-content\/uploads\/2017\/02\/renate-und-johannes-peinsteiner-348x289.jpg 348w\" sizes=\"auto, (max-width: 722px) 100vw, 722px\" \/><\/p>\n<p style=\"text-align: center;\"><em>Johannes und Renate Peinsteiner<\/em><\/p>\n<p><span style=\"border-radius: 2px; text-indent: 20px; width: auto; padding: 0px 4px 0px 0px; text-align: center; font: bold 11px\/20px 'Helvetica Neue',Helvetica,sans-serif; color: #ffffff; background: #bd081c no-repeat scroll 3px 50% \/ 14px 14px; position: absolute; opacity: 1; z-index: 8675309; display: none; cursor: pointer;\">Merken<\/span><\/p>\n<p><span style=\"border-radius: 2px; text-indent: 20px; width: auto; padding: 0px 4px 0px 0px; text-align: center; font: bold 11px\/20px 'Helvetica Neue',Helvetica,sans-serif; color: #ffffff; background: #bd081c no-repeat scroll 3px 50% \/ 14px 14px; position: absolute; opacity: 1; z-index: 8675309; display: none; cursor: pointer;\">Merken<\/span><\/p>\n<p><span style=\"border-radius: 2px; text-indent: 20px; width: auto; padding: 0px 4px 0px 0px; text-align: center; font: bold 11px\/20px 'Helvetica Neue',Helvetica,sans-serif; color: #ffffff; background: #bd081c no-repeat scroll 3px 50% \/ 14px 14px; position: absolute; opacity: 1; z-index: 8675309; display: none; cursor: pointer;\">Merken<\/span><\/p>\n<p><span style=\"border-radius: 2px; text-indent: 20px; width: auto; padding: 0px 4px 0px 0px; text-align: center; font: bold 11px\/20px 'Helvetica Neue',Helvetica,sans-serif; color: #ffffff; background: #bd081c no-repeat scroll 3px 50% \/ 14px 14px; position: absolute; opacity: 1; z-index: 8675309; display: none; cursor: pointer;\">Merken<\/span><\/p>\n<p><span style=\"border-radius: 2px; text-indent: 20px; width: auto; padding: 0px 4px 0px 0px; text-align: center; font: bold 11px\/20px 'Helvetica Neue',Helvetica,sans-serif; color: #ffffff; background: #bd081c no-repeat scroll 3px 50% \/ 14px 14px; position: absolute; opacity: 1; z-index: 8675309; display: none; cursor: pointer;\">Merken<\/span><\/p>\n<h1><span style=\"border-radius: 2px; text-indent: 20px; width: auto; padding: 0px 4px 0px 0px; text-align: center; font: bold 11px\/20px 'Helvetica Neue',Helvetica,sans-serif; color: #ffffff; background: #bd081c no-repeat scroll 3px 50% \/ 14px 14px; position: absolute; opacity: 1; z-index: 8675309; display: none; cursor: pointer; top: 179px; left: 229px;\">Merken<\/span><\/h1>\n<h1 style=\"text-align: center;\">Besuche uns und lass dich<br \/>\nin den geheimnisumwitterten alten Gem\u00e4uern der Klosterkellerei zu der einen oder anderen Kreation des Hauses verf\u00fchren!<br \/>\n<wbr \/><\/h1>\n<p style=\"text-align: center;\"><a class=\"button\" href=\"https:\/\/www.see-destillerie.at\/brennerei\/impressionen\/\" rel=\"noopener noreferrer\">Impressionen aus der SEE-DESTILLERIE\u00ae &amp; Klosterkellerei<\/a><\/p>\n<p><wbr \/><br \/>\n<wbr \/><\/p>\n","protected":false},"excerpt":{"rendered":"<p>\u201eMit dem guten Geschmack ist es ganz einfach: Man nehme von allem nur das Beste.\u201c Oscar Wilde Im Jahr 2003 gr\u00fcndeten wir, Renate und Johannes&hellip; <\/p>\n<p><a href=\"https:\/\/www.see-destillerie.at\/brennerei\/mehr-zu-uns-johannes-und-renate-peinsteiner-klosterkellerei-st-wolfgang\/\" class=\"more-link\">Continue reading &rarr; <span class=\"screen-reader-text\">Mehr zu uns<\/span><\/a><\/p>\n","protected":false},"author":1,"featured_media":319,"parent":0,"menu_order":0,"comment_status":"closed","ping_status":"closed","template":"","meta":{"ngg_post_thumbnail":0,"footnotes":""},"class_list":["post-59","page","type-page","status-publish","has-post-thumbnail","hentry"],"yoast_head":"<!-- This site is optimized with the Yoast SEO plugin v27.5 - https:\/\/yoast.com\/product\/yoast-seo-wordpress\/ -->\n<title>Mehr zu uns - SEE-DESTILLERIE\u00ae &amp; Klosterkellerei<\/title>\n<meta name=\"robots\" content=\"index, follow, max-snippet:-1, max-image-preview:large, max-video-preview:-1\" \/>\n<link rel=\"canonical\" href=\"https:\/\/www.see-destillerie.at\/brennerei\/mehr-zu-uns-johannes-und-renate-peinsteiner-klosterkellerei-st-wolfgang\/\" \/>\n<meta property=\"og:locale\" content=\"de_DE\" \/>\n<meta property=\"og:type\" content=\"article\" \/>\n<meta property=\"og:title\" content=\"Mehr zu uns - SEE-DESTILLERIE\u00ae &amp; Klosterkellerei\" \/>\n<meta property=\"og:description\" content=\"\u201eMit dem guten Geschmack ist es ganz einfach: Man nehme von allem nur das Beste.\u201c Oscar Wilde Im Jahr 2003 gr\u00fcndeten wir, Renate und Johannes&hellip; Continue reading &rarr; Mehr zu uns\" \/>\n<meta property=\"og:url\" content=\"https:\/\/www.see-destillerie.at\/brennerei\/mehr-zu-uns-johannes-und-renate-peinsteiner-klosterkellerei-st-wolfgang\/\" \/>\n<meta property=\"og:site_name\" content=\"SEE-DESTILLERIE\u00ae &amp; Klosterkellerei\" \/>\n<meta property=\"article:publisher\" content=\"https:\/\/www.facebook.com\/seedestillerie\" \/>\n<meta property=\"article:modified_time\" content=\"2020-09-24T10:15:51+00:00\" \/>\n<meta property=\"og:image\" content=\"https:\/\/www.see-destillerie.at\/brennerei\/wp-content\/uploads\/2017\/02\/mehr-zu-uns.jpg\" \/>\n\t<meta property=\"og:image:width\" content=\"1920\" \/>\n\t<meta property=\"og:image:height\" content=\"1000\" \/>\n\t<meta property=\"og:image:type\" content=\"image\/jpeg\" \/>\n<meta name=\"twitter:card\" content=\"summary_large_image\" \/>\n<meta name=\"twitter:label1\" content=\"Gesch\u00e4tzte Lesezeit\" \/>\n\t<meta name=\"twitter:data1\" content=\"2\u00a0Minuten\" \/>\n<script type=\"application\/ld+json\" class=\"yoast-schema-graph\">{\"@context\":\"https:\\\/\\\/schema.org\",\"@graph\":[{\"@type\":\"WebPage\",\"@id\":\"https:\\\/\\\/www.see-destillerie.at\\\/brennerei\\\/mehr-zu-uns-johannes-und-renate-peinsteiner-klosterkellerei-st-wolfgang\\\/\",\"url\":\"https:\\\/\\\/www.see-destillerie.at\\\/brennerei\\\/mehr-zu-uns-johannes-und-renate-peinsteiner-klosterkellerei-st-wolfgang\\\/\",\"name\":\"Mehr zu uns - SEE-DESTILLERIE\u00ae &amp; Klosterkellerei\",\"isPartOf\":{\"@id\":\"https:\\\/\\\/www.see-destillerie.at\\\/brennerei\\\/#website\"},\"primaryImageOfPage\":{\"@id\":\"https:\\\/\\\/www.see-destillerie.at\\\/brennerei\\\/mehr-zu-uns-johannes-und-renate-peinsteiner-klosterkellerei-st-wolfgang\\\/#primaryimage\"},\"image\":{\"@id\":\"https:\\\/\\\/www.see-destillerie.at\\\/brennerei\\\/mehr-zu-uns-johannes-und-renate-peinsteiner-klosterkellerei-st-wolfgang\\\/#primaryimage\"},\"thumbnailUrl\":\"https:\\\/\\\/www.see-destillerie.at\\\/brennerei\\\/wp-content\\\/uploads\\\/2017\\\/02\\\/mehr-zu-uns.jpg\",\"datePublished\":\"2017-02-16T05:27:22+00:00\",\"dateModified\":\"2020-09-24T10:15:51+00:00\",\"breadcrumb\":{\"@id\":\"https:\\\/\\\/www.see-destillerie.at\\\/brennerei\\\/mehr-zu-uns-johannes-und-renate-peinsteiner-klosterkellerei-st-wolfgang\\\/#breadcrumb\"},\"inLanguage\":\"de\",\"potentialAction\":[{\"@type\":\"ReadAction\",\"target\":[\"https:\\\/\\\/www.see-destillerie.at\\\/brennerei\\\/mehr-zu-uns-johannes-und-renate-peinsteiner-klosterkellerei-st-wolfgang\\\/\"]}]},{\"@type\":\"ImageObject\",\"inLanguage\":\"de\",\"@id\":\"https:\\\/\\\/www.see-destillerie.at\\\/brennerei\\\/mehr-zu-uns-johannes-und-renate-peinsteiner-klosterkellerei-st-wolfgang\\\/#primaryimage\",\"url\":\"https:\\\/\\\/www.see-destillerie.at\\\/brennerei\\\/wp-content\\\/uploads\\\/2017\\\/02\\\/mehr-zu-uns.jpg\",\"contentUrl\":\"https:\\\/\\\/www.see-destillerie.at\\\/brennerei\\\/wp-content\\\/uploads\\\/2017\\\/02\\\/mehr-zu-uns.jpg\",\"width\":1920,\"height\":1000,\"caption\":\"Mehr zu uns\"},{\"@type\":\"BreadcrumbList\",\"@id\":\"https:\\\/\\\/www.see-destillerie.at\\\/brennerei\\\/mehr-zu-uns-johannes-und-renate-peinsteiner-klosterkellerei-st-wolfgang\\\/#breadcrumb\",\"itemListElement\":[{\"@type\":\"ListItem\",\"position\":1,\"name\":\"Startseite\",\"item\":\"https:\\\/\\\/www.see-destillerie.at\\\/brennerei\\\/\"},{\"@type\":\"ListItem\",\"position\":2,\"name\":\"Mehr zu uns\"}]},{\"@type\":\"WebSite\",\"@id\":\"https:\\\/\\\/www.see-destillerie.at\\\/brennerei\\\/#website\",\"url\":\"https:\\\/\\\/www.see-destillerie.at\\\/brennerei\\\/\",\"name\":\"SEE-DESTILLERIE\u00ae &amp; Klosterkellerei\",\"description\":\"GIN, WHISKY, RUM &amp; MORE \u2013 direkt vom Edelbrandsommelier vom Wolfgangsee\",\"publisher\":{\"@id\":\"https:\\\/\\\/www.see-destillerie.at\\\/brennerei\\\/#organization\"},\"potentialAction\":[{\"@type\":\"SearchAction\",\"target\":{\"@type\":\"EntryPoint\",\"urlTemplate\":\"https:\\\/\\\/www.see-destillerie.at\\\/brennerei\\\/?s={search_term_string}\"},\"query-input\":{\"@type\":\"PropertyValueSpecification\",\"valueRequired\":true,\"valueName\":\"search_term_string\"}}],\"inLanguage\":\"de\"},{\"@type\":\"Organization\",\"@id\":\"https:\\\/\\\/www.see-destillerie.at\\\/brennerei\\\/#organization\",\"name\":\"SEE-DESTILLERIE\u00ae &amp; Klosterkellerei\",\"url\":\"https:\\\/\\\/www.see-destillerie.at\\\/brennerei\\\/\",\"logo\":{\"@type\":\"ImageObject\",\"inLanguage\":\"de\",\"@id\":\"https:\\\/\\\/www.see-destillerie.at\\\/brennerei\\\/#\\\/schema\\\/logo\\\/image\\\/\",\"url\":\"https:\\\/\\\/www.see-destillerie.at\\\/brennerei\\\/wp-content\\\/uploads\\\/2017\\\/03\\\/cropped-seedestillerie-st-wolfgang.png\",\"contentUrl\":\"https:\\\/\\\/www.see-destillerie.at\\\/brennerei\\\/wp-content\\\/uploads\\\/2017\\\/03\\\/cropped-seedestillerie-st-wolfgang.png\",\"width\":512,\"height\":512,\"caption\":\"SEE-DESTILLERIE\u00ae &amp; Klosterkellerei\"},\"image\":{\"@id\":\"https:\\\/\\\/www.see-destillerie.at\\\/brennerei\\\/#\\\/schema\\\/logo\\\/image\\\/\"},\"sameAs\":[\"https:\\\/\\\/www.facebook.com\\\/seedestillerie\",\"https:\\\/\\\/www.instagram.com\\\/seedestillerie\\\/\"]}]}<\/script>\n<!-- \/ Yoast SEO plugin. -->","yoast_head_json":{"title":"Mehr zu uns - SEE-DESTILLERIE\u00ae &amp; Klosterkellerei","robots":{"index":"index","follow":"follow","max-snippet":"max-snippet:-1","max-image-preview":"max-image-preview:large","max-video-preview":"max-video-preview:-1"},"canonical":"https:\/\/www.see-destillerie.at\/brennerei\/mehr-zu-uns-johannes-und-renate-peinsteiner-klosterkellerei-st-wolfgang\/","og_locale":"de_DE","og_type":"article","og_title":"Mehr zu uns - SEE-DESTILLERIE\u00ae &amp; Klosterkellerei","og_description":"\u201eMit dem guten Geschmack ist es ganz einfach: Man nehme von allem nur das Beste.\u201c Oscar Wilde Im Jahr 2003 gr\u00fcndeten wir, Renate und Johannes&hellip; Continue reading &rarr; Mehr zu uns","og_url":"https:\/\/www.see-destillerie.at\/brennerei\/mehr-zu-uns-johannes-und-renate-peinsteiner-klosterkellerei-st-wolfgang\/","og_site_name":"SEE-DESTILLERIE\u00ae &amp; Klosterkellerei","article_publisher":"https:\/\/www.facebook.com\/seedestillerie","article_modified_time":"2020-09-24T10:15:51+00:00","og_image":[{"width":1920,"height":1000,"url":"https:\/\/www.see-destillerie.at\/brennerei\/wp-content\/uploads\/2017\/02\/mehr-zu-uns.jpg","type":"image\/jpeg"}],"twitter_card":"summary_large_image","twitter_misc":{"Gesch\u00e4tzte Lesezeit":"2\u00a0Minuten"},"schema":{"@context":"https:\/\/schema.org","@graph":[{"@type":"WebPage","@id":"https:\/\/www.see-destillerie.at\/brennerei\/mehr-zu-uns-johannes-und-renate-peinsteiner-klosterkellerei-st-wolfgang\/","url":"https:\/\/www.see-destillerie.at\/brennerei\/mehr-zu-uns-johannes-und-renate-peinsteiner-klosterkellerei-st-wolfgang\/","name":"Mehr zu uns - SEE-DESTILLERIE\u00ae &amp; Klosterkellerei","isPartOf":{"@id":"https:\/\/www.see-destillerie.at\/brennerei\/#website"},"primaryImageOfPage":{"@id":"https:\/\/www.see-destillerie.at\/brennerei\/mehr-zu-uns-johannes-und-renate-peinsteiner-klosterkellerei-st-wolfgang\/#primaryimage"},"image":{"@id":"https:\/\/www.see-destillerie.at\/brennerei\/mehr-zu-uns-johannes-und-renate-peinsteiner-klosterkellerei-st-wolfgang\/#primaryimage"},"thumbnailUrl":"https:\/\/www.see-destillerie.at\/brennerei\/wp-content\/uploads\/2017\/02\/mehr-zu-uns.jpg","datePublished":"2017-02-16T05:27:22+00:00","dateModified":"2020-09-24T10:15:51+00:00","breadcrumb":{"@id":"https:\/\/www.see-destillerie.at\/brennerei\/mehr-zu-uns-johannes-und-renate-peinsteiner-klosterkellerei-st-wolfgang\/#breadcrumb"},"inLanguage":"de","potentialAction":[{"@type":"ReadAction","target":["https:\/\/www.see-destillerie.at\/brennerei\/mehr-zu-uns-johannes-und-renate-peinsteiner-klosterkellerei-st-wolfgang\/"]}]},{"@type":"ImageObject","inLanguage":"de","@id":"https:\/\/www.see-destillerie.at\/brennerei\/mehr-zu-uns-johannes-und-renate-peinsteiner-klosterkellerei-st-wolfgang\/#primaryimage","url":"https:\/\/www.see-destillerie.at\/brennerei\/wp-content\/uploads\/2017\/02\/mehr-zu-uns.jpg","contentUrl":"https:\/\/www.see-destillerie.at\/brennerei\/wp-content\/uploads\/2017\/02\/mehr-zu-uns.jpg","width":1920,"height":1000,"caption":"Mehr zu uns"},{"@type":"BreadcrumbList","@id":"https:\/\/www.see-destillerie.at\/brennerei\/mehr-zu-uns-johannes-und-renate-peinsteiner-klosterkellerei-st-wolfgang\/#breadcrumb","itemListElement":[{"@type":"ListItem","position":1,"name":"Startseite","item":"https:\/\/www.see-destillerie.at\/brennerei\/"},{"@type":"ListItem","position":2,"name":"Mehr zu uns"}]},{"@type":"WebSite","@id":"https:\/\/www.see-destillerie.at\/brennerei\/#website","url":"https:\/\/www.see-destillerie.at\/brennerei\/","name":"SEE-DESTILLERIE\u00ae &amp; Klosterkellerei","description":"GIN, WHISKY, RUM &amp; MORE \u2013 direkt vom Edelbrandsommelier vom Wolfgangsee","publisher":{"@id":"https:\/\/www.see-destillerie.at\/brennerei\/#organization"},"potentialAction":[{"@type":"SearchAction","target":{"@type":"EntryPoint","urlTemplate":"https:\/\/www.see-destillerie.at\/brennerei\/?s={search_term_string}"},"query-input":{"@type":"PropertyValueSpecification","valueRequired":true,"valueName":"search_term_string"}}],"inLanguage":"de"},{"@type":"Organization","@id":"https:\/\/www.see-destillerie.at\/brennerei\/#organization","name":"SEE-DESTILLERIE\u00ae &amp; Klosterkellerei","url":"https:\/\/www.see-destillerie.at\/brennerei\/","logo":{"@type":"ImageObject","inLanguage":"de","@id":"https:\/\/www.see-destillerie.at\/brennerei\/#\/schema\/logo\/image\/","url":"https:\/\/www.see-destillerie.at\/brennerei\/wp-content\/uploads\/2017\/03\/cropped-seedestillerie-st-wolfgang.png","contentUrl":"https:\/\/www.see-destillerie.at\/brennerei\/wp-content\/uploads\/2017\/03\/cropped-seedestillerie-st-wolfgang.png","width":512,"height":512,"caption":"SEE-DESTILLERIE\u00ae &amp; Klosterkellerei"},"image":{"@id":"https:\/\/www.see-destillerie.at\/brennerei\/#\/schema\/logo\/image\/"},"sameAs":["https:\/\/www.facebook.com\/seedestillerie","https:\/\/www.instagram.com\/seedestillerie\/"]}]}},"_links":{"self":[{"href":"https:\/\/www.see-destillerie.at\/brennerei\/wp-json\/wp\/v2\/pages\/59","targetHints":{"allow":["GET"]}}],"collection":[{"href":"https:\/\/www.see-destillerie.at\/brennerei\/wp-json\/wp\/v2\/pages"}],"about":[{"href":"https:\/\/www.see-destillerie.at\/brennerei\/wp-json\/wp\/v2\/types\/page"}],"author":[{"embeddable":true,"href":"https:\/\/www.see-destillerie.at\/brennerei\/wp-json\/wp\/v2\/users\/1"}],"replies":[{"embeddable":true,"href":"https:\/\/www.see-destillerie.at\/brennerei\/wp-json\/wp\/v2\/comments?post=59"}],"version-history":[{"count":47,"href":"https:\/\/www.see-destillerie.at\/brennerei\/wp-json\/wp\/v2\/pages\/59\/revisions"}],"predecessor-version":[{"id":2937,"href":"https:\/\/www.see-destillerie.at\/brennerei\/wp-json\/wp\/v2\/pages\/59\/revisions\/2937"}],"wp:featuredmedia":[{"embeddable":true,"href":"https:\/\/www.see-destillerie.at\/brennerei\/wp-json\/wp\/v2\/media\/319"}],"wp:attachment":[{"href":"https:\/\/www.see-destillerie.at\/brennerei\/wp-json\/wp\/v2\/media?parent=59"}],"curies":[{"name":"wp","href":"https:\/\/api.w.org\/{rel}","templated":true}]}}