{"id":615,"date":"2017-03-25T16:20:22","date_gmt":"2017-03-25T16:20:22","guid":{"rendered":"http:\/\/www.see-destillerie.at\/brennerei\/?page_id=615"},"modified":"2018-05-22T12:06:24","modified_gmt":"2018-05-22T12:06:24","slug":"longdrinks","status":"publish","type":"page","link":"https:\/\/www.see-destillerie.at\/brennerei\/rezepte\/longdrinks\/","title":{"rendered":"Longdrinks"},"content":{"rendered":"<h3>GIN TONIC<\/h3>\n<h6>Zutaten:<br \/>\n4 cl Gin aus der See-Destillerie<br \/>\nEisw\u00fcrfel<br \/>\nTonic Water \u201eFever-Tree\u201c<\/h6>\n<p><a href=\"http:\/\/www.fever-tree.at\/\" target=\"_blank\" rel=\"noopener noreferrer\"><img loading=\"lazy\" decoding=\"async\" class=\"alignnone wp-image-865\" src=\"https:\/\/www.see-destillerie.at\/brennerei\/wp-content\/uploads\/2017\/03\/fever-tree-d.png\" alt=\"Fever-Tree\" width=\"90\" height=\"37\" \/><\/a><\/p>\n<p>GIN aus der See-Destillerie in ein Longdrinkglas mit drei Eisw\u00fcrfeln geben und nach Geschmack mit Tonicwater auff\u00fcllen und aufr\u00fchren.<br \/>\n<strong>DEKO-TIPP:<\/strong> Wacholderbeeren und Strohhalm<\/p>\n<h3>GIN CHILI<\/h3>\n<h6>Zutaten:<br \/>\n8 cl Gin aus der See-Destillerie<br \/>\nTonic Water \u201eFever-Tree\u201c<br \/>\n1 Hand voll Eisw\u00fcrfel<br \/>\n1\/2 aufgeschnittene Chilischote<\/h6>\n<p><a href=\"http:\/\/www.fever-tree.at\" target=\"_blank\" rel=\"noopener noreferrer\"><img loading=\"lazy\" decoding=\"async\" class=\"alignnone wp-image-865\" src=\"https:\/\/www.see-destillerie.at\/brennerei\/wp-content\/uploads\/2017\/03\/fever-tree-d.png\" alt=\"Fever-Tree\" width=\"90\" height=\"37\" \/><\/a><\/p>\n<p>GIN aus der See-Destillerie mit den Eisw\u00fcrfeln in ein kleines Glas geben und mit Tonicwater auff\u00fcllen.<br \/>\nEine halbe Chilischote in Ringe schneiden und hinzuf\u00fcgen.<br \/>\n<strong>DEKO-TIPP:<\/strong> ganze Chili und Strohhalm<\/p>\n<h3>TOM COLLINS<\/h3>\n<h6>Zutaten:<br \/>\n4 cl Gin aus der See-Destillerie<br \/>\n1 Schuss Sodawasser<br \/>\n2 cl frischer Zitronensaft<br \/>\n2 TL Puderzucker<\/h6>\n<p>3\u20134 Eisw\u00fcrfel in ein Cocktailglas geben, Zitronensaft, Puderzucker und GIN aus der See-Destillerie dazu.<br \/>\nMit einem L\u00f6ffel umr\u00fchren und mit Sodawasser auff\u00fcllen.<br \/>\n<strong>DEKO-TIPP:<\/strong> Zitronenscheibe und Strohhalm<\/p>\n<h1>Am besten \u201egemeinsam\u201c genie\u00dfen!<\/h1>\n<p><a href=\"https:\/\/www.see-destillerie.at\/brennerei\/rezepte\/\">zur\u00fcck zur Auswahl<\/a><\/p>\n","protected":false},"excerpt":{"rendered":"<p>GIN TONIC Zutaten: 4 cl Gin aus der See-Destillerie Eisw\u00fcrfel Tonic Water \u201eFever-Tree\u201c GIN aus der See-Destillerie in ein Longdrinkglas mit drei Eisw\u00fcrfeln geben und&hellip; <\/p>\n<p><a href=\"https:\/\/www.see-destillerie.at\/brennerei\/rezepte\/longdrinks\/\" class=\"more-link\">Continue reading &rarr; <span class=\"screen-reader-text\">Longdrinks<\/span><\/a><\/p>\n","protected":false},"author":1,"featured_media":302,"parent":82,"menu_order":0,"comment_status":"closed","ping_status":"closed","template":"","meta":{"ngg_post_thumbnail":0,"footnotes":""},"class_list":["post-615","page","type-page","status-publish","has-post-thumbnail","hentry"],"yoast_head":"<!-- This site is optimized with the Yoast SEO plugin v27.3 - https:\/\/yoast.com\/product\/yoast-seo-wordpress\/ -->\n<title>Longdrinks - SEE-DESTILLERIE\u00ae &amp; Klosterkellerei<\/title>\n<meta name=\"robots\" content=\"index, follow, max-snippet:-1, max-image-preview:large, max-video-preview:-1\" \/>\n<link rel=\"canonical\" href=\"https:\/\/www.see-destillerie.at\/brennerei\/rezepte\/longdrinks\/\" \/>\n<meta property=\"og:locale\" content=\"de_DE\" \/>\n<meta property=\"og:type\" content=\"article\" \/>\n<meta property=\"og:title\" content=\"Longdrinks - SEE-DESTILLERIE\u00ae &amp; Klosterkellerei\" \/>\n<meta property=\"og:description\" content=\"GIN TONIC Zutaten: 4 cl Gin aus der See-Destillerie Eisw\u00fcrfel Tonic Water \u201eFever-Tree\u201c GIN aus der See-Destillerie in ein Longdrinkglas mit drei Eisw\u00fcrfeln geben und&hellip; Continue reading &rarr; Longdrinks\" \/>\n<meta property=\"og:url\" content=\"https:\/\/www.see-destillerie.at\/brennerei\/rezepte\/longdrinks\/\" \/>\n<meta property=\"og:site_name\" content=\"SEE-DESTILLERIE\u00ae &amp; Klosterkellerei\" \/>\n<meta property=\"article:publisher\" content=\"https:\/\/www.facebook.com\/seedestillerie\" \/>\n<meta property=\"article:modified_time\" content=\"2018-05-22T12:06:24+00:00\" \/>\n<meta property=\"og:image\" content=\"https:\/\/www.see-destillerie.at\/brennerei\/wp-content\/uploads\/2017\/02\/cocktails-und-mehr.jpg\" \/>\n\t<meta property=\"og:image:width\" content=\"1920\" \/>\n\t<meta property=\"og:image:height\" content=\"1000\" \/>\n\t<meta property=\"og:image:type\" content=\"image\/jpeg\" \/>\n<meta name=\"twitter:card\" content=\"summary_large_image\" \/>\n<meta name=\"twitter:label1\" content=\"Gesch\u00e4tzte Lesezeit\" \/>\n\t<meta name=\"twitter:data1\" content=\"1\u00a0Minute\" \/>\n<script type=\"application\/ld+json\" class=\"yoast-schema-graph\">{\"@context\":\"https:\\\/\\\/schema.org\",\"@graph\":[{\"@type\":\"WebPage\",\"@id\":\"https:\\\/\\\/www.see-destillerie.at\\\/brennerei\\\/rezepte\\\/longdrinks\\\/\",\"url\":\"https:\\\/\\\/www.see-destillerie.at\\\/brennerei\\\/rezepte\\\/longdrinks\\\/\",\"name\":\"Longdrinks - SEE-DESTILLERIE\u00ae &amp; Klosterkellerei\",\"isPartOf\":{\"@id\":\"https:\\\/\\\/www.see-destillerie.at\\\/brennerei\\\/#website\"},\"primaryImageOfPage\":{\"@id\":\"https:\\\/\\\/www.see-destillerie.at\\\/brennerei\\\/rezepte\\\/longdrinks\\\/#primaryimage\"},\"image\":{\"@id\":\"https:\\\/\\\/www.see-destillerie.at\\\/brennerei\\\/rezepte\\\/longdrinks\\\/#primaryimage\"},\"thumbnailUrl\":\"https:\\\/\\\/www.see-destillerie.at\\\/brennerei\\\/wp-content\\\/uploads\\\/2017\\\/02\\\/cocktails-und-mehr.jpg\",\"datePublished\":\"2017-03-25T16:20:22+00:00\",\"dateModified\":\"2018-05-22T12:06:24+00:00\",\"breadcrumb\":{\"@id\":\"https:\\\/\\\/www.see-destillerie.at\\\/brennerei\\\/rezepte\\\/longdrinks\\\/#breadcrumb\"},\"inLanguage\":\"de\",\"potentialAction\":[{\"@type\":\"ReadAction\",\"target\":[\"https:\\\/\\\/www.see-destillerie.at\\\/brennerei\\\/rezepte\\\/longdrinks\\\/\"]}]},{\"@type\":\"ImageObject\",\"inLanguage\":\"de\",\"@id\":\"https:\\\/\\\/www.see-destillerie.at\\\/brennerei\\\/rezepte\\\/longdrinks\\\/#primaryimage\",\"url\":\"https:\\\/\\\/www.see-destillerie.at\\\/brennerei\\\/wp-content\\\/uploads\\\/2017\\\/02\\\/cocktails-und-mehr.jpg\",\"contentUrl\":\"https:\\\/\\\/www.see-destillerie.at\\\/brennerei\\\/wp-content\\\/uploads\\\/2017\\\/02\\\/cocktails-und-mehr.jpg\",\"width\":1920,\"height\":1000,\"caption\":\"Cocktails,...\"},{\"@type\":\"BreadcrumbList\",\"@id\":\"https:\\\/\\\/www.see-destillerie.at\\\/brennerei\\\/rezepte\\\/longdrinks\\\/#breadcrumb\",\"itemListElement\":[{\"@type\":\"ListItem\",\"position\":1,\"name\":\"Startseite\",\"item\":\"https:\\\/\\\/www.see-destillerie.at\\\/brennerei\\\/\"},{\"@type\":\"ListItem\",\"position\":2,\"name\":\"Rezepte\",\"item\":\"https:\\\/\\\/www.see-destillerie.at\\\/brennerei\\\/rezepte\\\/\"},{\"@type\":\"ListItem\",\"position\":3,\"name\":\"Longdrinks\"}]},{\"@type\":\"WebSite\",\"@id\":\"https:\\\/\\\/www.see-destillerie.at\\\/brennerei\\\/#website\",\"url\":\"https:\\\/\\\/www.see-destillerie.at\\\/brennerei\\\/\",\"name\":\"SEE-DESTILLERIE\u00ae &amp; Klosterkellerei\",\"description\":\"GIN, WHISKY, RUM &amp; MORE \u2013 direkt vom Edelbrandsommelier vom Wolfgangsee\",\"publisher\":{\"@id\":\"https:\\\/\\\/www.see-destillerie.at\\\/brennerei\\\/#organization\"},\"potentialAction\":[{\"@type\":\"SearchAction\",\"target\":{\"@type\":\"EntryPoint\",\"urlTemplate\":\"https:\\\/\\\/www.see-destillerie.at\\\/brennerei\\\/?s={search_term_string}\"},\"query-input\":{\"@type\":\"PropertyValueSpecification\",\"valueRequired\":true,\"valueName\":\"search_term_string\"}}],\"inLanguage\":\"de\"},{\"@type\":\"Organization\",\"@id\":\"https:\\\/\\\/www.see-destillerie.at\\\/brennerei\\\/#organization\",\"name\":\"SEE-DESTILLERIE\u00ae &amp; Klosterkellerei\",\"url\":\"https:\\\/\\\/www.see-destillerie.at\\\/brennerei\\\/\",\"logo\":{\"@type\":\"ImageObject\",\"inLanguage\":\"de\",\"@id\":\"https:\\\/\\\/www.see-destillerie.at\\\/brennerei\\\/#\\\/schema\\\/logo\\\/image\\\/\",\"url\":\"https:\\\/\\\/www.see-destillerie.at\\\/brennerei\\\/wp-content\\\/uploads\\\/2017\\\/03\\\/cropped-seedestillerie-st-wolfgang.png\",\"contentUrl\":\"https:\\\/\\\/www.see-destillerie.at\\\/brennerei\\\/wp-content\\\/uploads\\\/2017\\\/03\\\/cropped-seedestillerie-st-wolfgang.png\",\"width\":512,\"height\":512,\"caption\":\"SEE-DESTILLERIE\u00ae &amp; Klosterkellerei\"},\"image\":{\"@id\":\"https:\\\/\\\/www.see-destillerie.at\\\/brennerei\\\/#\\\/schema\\\/logo\\\/image\\\/\"},\"sameAs\":[\"https:\\\/\\\/www.facebook.com\\\/seedestillerie\",\"https:\\\/\\\/www.instagram.com\\\/seedestillerie\\\/\"]}]}<\/script>\n<!-- \/ Yoast SEO plugin. -->","yoast_head_json":{"title":"Longdrinks - SEE-DESTILLERIE\u00ae &amp; Klosterkellerei","robots":{"index":"index","follow":"follow","max-snippet":"max-snippet:-1","max-image-preview":"max-image-preview:large","max-video-preview":"max-video-preview:-1"},"canonical":"https:\/\/www.see-destillerie.at\/brennerei\/rezepte\/longdrinks\/","og_locale":"de_DE","og_type":"article","og_title":"Longdrinks - SEE-DESTILLERIE\u00ae &amp; Klosterkellerei","og_description":"GIN TONIC Zutaten: 4 cl Gin aus der See-Destillerie Eisw\u00fcrfel Tonic Water \u201eFever-Tree\u201c GIN aus der See-Destillerie in ein Longdrinkglas mit drei Eisw\u00fcrfeln geben und&hellip; Continue reading &rarr; Longdrinks","og_url":"https:\/\/www.see-destillerie.at\/brennerei\/rezepte\/longdrinks\/","og_site_name":"SEE-DESTILLERIE\u00ae &amp; Klosterkellerei","article_publisher":"https:\/\/www.facebook.com\/seedestillerie","article_modified_time":"2018-05-22T12:06:24+00:00","og_image":[{"width":1920,"height":1000,"url":"https:\/\/www.see-destillerie.at\/brennerei\/wp-content\/uploads\/2017\/02\/cocktails-und-mehr.jpg","type":"image\/jpeg"}],"twitter_card":"summary_large_image","twitter_misc":{"Gesch\u00e4tzte Lesezeit":"1\u00a0Minute"},"schema":{"@context":"https:\/\/schema.org","@graph":[{"@type":"WebPage","@id":"https:\/\/www.see-destillerie.at\/brennerei\/rezepte\/longdrinks\/","url":"https:\/\/www.see-destillerie.at\/brennerei\/rezepte\/longdrinks\/","name":"Longdrinks - SEE-DESTILLERIE\u00ae &amp; Klosterkellerei","isPartOf":{"@id":"https:\/\/www.see-destillerie.at\/brennerei\/#website"},"primaryImageOfPage":{"@id":"https:\/\/www.see-destillerie.at\/brennerei\/rezepte\/longdrinks\/#primaryimage"},"image":{"@id":"https:\/\/www.see-destillerie.at\/brennerei\/rezepte\/longdrinks\/#primaryimage"},"thumbnailUrl":"https:\/\/www.see-destillerie.at\/brennerei\/wp-content\/uploads\/2017\/02\/cocktails-und-mehr.jpg","datePublished":"2017-03-25T16:20:22+00:00","dateModified":"2018-05-22T12:06:24+00:00","breadcrumb":{"@id":"https:\/\/www.see-destillerie.at\/brennerei\/rezepte\/longdrinks\/#breadcrumb"},"inLanguage":"de","potentialAction":[{"@type":"ReadAction","target":["https:\/\/www.see-destillerie.at\/brennerei\/rezepte\/longdrinks\/"]}]},{"@type":"ImageObject","inLanguage":"de","@id":"https:\/\/www.see-destillerie.at\/brennerei\/rezepte\/longdrinks\/#primaryimage","url":"https:\/\/www.see-destillerie.at\/brennerei\/wp-content\/uploads\/2017\/02\/cocktails-und-mehr.jpg","contentUrl":"https:\/\/www.see-destillerie.at\/brennerei\/wp-content\/uploads\/2017\/02\/cocktails-und-mehr.jpg","width":1920,"height":1000,"caption":"Cocktails,..."},{"@type":"BreadcrumbList","@id":"https:\/\/www.see-destillerie.at\/brennerei\/rezepte\/longdrinks\/#breadcrumb","itemListElement":[{"@type":"ListItem","position":1,"name":"Startseite","item":"https:\/\/www.see-destillerie.at\/brennerei\/"},{"@type":"ListItem","position":2,"name":"Rezepte","item":"https:\/\/www.see-destillerie.at\/brennerei\/rezepte\/"},{"@type":"ListItem","position":3,"name":"Longdrinks"}]},{"@type":"WebSite","@id":"https:\/\/www.see-destillerie.at\/brennerei\/#website","url":"https:\/\/www.see-destillerie.at\/brennerei\/","name":"SEE-DESTILLERIE\u00ae &amp; Klosterkellerei","description":"GIN, WHISKY, RUM &amp; MORE \u2013 direkt vom Edelbrandsommelier vom Wolfgangsee","publisher":{"@id":"https:\/\/www.see-destillerie.at\/brennerei\/#organization"},"potentialAction":[{"@type":"SearchAction","target":{"@type":"EntryPoint","urlTemplate":"https:\/\/www.see-destillerie.at\/brennerei\/?s={search_term_string}"},"query-input":{"@type":"PropertyValueSpecification","valueRequired":true,"valueName":"search_term_string"}}],"inLanguage":"de"},{"@type":"Organization","@id":"https:\/\/www.see-destillerie.at\/brennerei\/#organization","name":"SEE-DESTILLERIE\u00ae &amp; Klosterkellerei","url":"https:\/\/www.see-destillerie.at\/brennerei\/","logo":{"@type":"ImageObject","inLanguage":"de","@id":"https:\/\/www.see-destillerie.at\/brennerei\/#\/schema\/logo\/image\/","url":"https:\/\/www.see-destillerie.at\/brennerei\/wp-content\/uploads\/2017\/03\/cropped-seedestillerie-st-wolfgang.png","contentUrl":"https:\/\/www.see-destillerie.at\/brennerei\/wp-content\/uploads\/2017\/03\/cropped-seedestillerie-st-wolfgang.png","width":512,"height":512,"caption":"SEE-DESTILLERIE\u00ae &amp; Klosterkellerei"},"image":{"@id":"https:\/\/www.see-destillerie.at\/brennerei\/#\/schema\/logo\/image\/"},"sameAs":["https:\/\/www.facebook.com\/seedestillerie","https:\/\/www.instagram.com\/seedestillerie\/"]}]}},"_links":{"self":[{"href":"https:\/\/www.see-destillerie.at\/brennerei\/wp-json\/wp\/v2\/pages\/615","targetHints":{"allow":["GET"]}}],"collection":[{"href":"https:\/\/www.see-destillerie.at\/brennerei\/wp-json\/wp\/v2\/pages"}],"about":[{"href":"https:\/\/www.see-destillerie.at\/brennerei\/wp-json\/wp\/v2\/types\/page"}],"author":[{"embeddable":true,"href":"https:\/\/www.see-destillerie.at\/brennerei\/wp-json\/wp\/v2\/users\/1"}],"replies":[{"embeddable":true,"href":"https:\/\/www.see-destillerie.at\/brennerei\/wp-json\/wp\/v2\/comments?post=615"}],"version-history":[{"count":19,"href":"https:\/\/www.see-destillerie.at\/brennerei\/wp-json\/wp\/v2\/pages\/615\/revisions"}],"predecessor-version":[{"id":1196,"href":"https:\/\/www.see-destillerie.at\/brennerei\/wp-json\/wp\/v2\/pages\/615\/revisions\/1196"}],"up":[{"embeddable":true,"href":"https:\/\/www.see-destillerie.at\/brennerei\/wp-json\/wp\/v2\/pages\/82"}],"wp:featuredmedia":[{"embeddable":true,"href":"https:\/\/www.see-destillerie.at\/brennerei\/wp-json\/wp\/v2\/media\/302"}],"wp:attachment":[{"href":"https:\/\/www.see-destillerie.at\/brennerei\/wp-json\/wp\/v2\/media?parent=615"}],"curies":[{"name":"wp","href":"https:\/\/api.w.org\/{rel}","templated":true}]}}