{"id":627,"date":"2017-03-25T16:31:58","date_gmt":"2017-03-25T16:31:58","guid":{"rendered":"http:\/\/www.see-destillerie.at\/brennerei\/?page_id=627"},"modified":"2018-05-22T12:07:14","modified_gmt":"2018-05-22T12:07:14","slug":"sundowner","status":"publish","type":"page","link":"https:\/\/www.see-destillerie.at\/brennerei\/rezepte\/sundowner\/","title":{"rendered":"Sundowner"},"content":{"rendered":"<h3>LAKE DREAM<\/h3>\n<h6>Zutaten:<br \/>\n6 cl GIN aus der See-Destillerie<br \/>\n1,5 cl frischer Zitronensaft<br \/>\n1 TL Puderzucker<br \/>\nEisw\u00fcrfel<br \/>\nProsecco<\/h6>\n<p>Alles, bis auf den Prosecco, in einen Shaker geben, mit Eisw\u00fcrfeln auff\u00fcllen und kr\u00e4ftig sch\u00fctteln.<br \/>\nIn ein vorgek\u00fchltes Glas abseihen und vorsichtig mit Prosecco auff\u00fcllen.<br \/>\n<strong>DEKO-TIPP:<\/strong> Limettenzeste<\/p>\n<h3>GIN BASIL SMASH<\/h3>\n<h6>Zutaten:<br \/>\n6 cl GIN aus der See-Destillerie<br \/>\neine halbe Zitrone in St\u00fccken<br \/>\n1-2 TL Puderzucker<br \/>\n10-15 Bl\u00e4tter Basilikum<br \/>\nEisw\u00fcrfel<\/h6>\n<p>Basilikumbl\u00e4tter und Zitronenst\u00fccke in einen Shaker geben und kr\u00e4ftig zerdr\u00fccken. Puderzucker und GIN aus der See-Destillerie dazu, mit Eisw\u00fcrfeln auff\u00fcllen und kr\u00e4ftig sch\u00fctteln.<br \/>\nDoppelt in das mit Eisw\u00fcrfeln gef\u00fcllte Glas abseihen.<br \/>\n<strong>DEKO-TIPP:<\/strong> Basilikum<\/p>\n<h3>GIN DUDL<\/h3>\n<h6>Zutaten:<br \/>\n4-8 cl GIN aus der See-Destillerie<br \/>\nAlmdudler<br \/>\nEisw\u00fcrfel<br \/>\nEtwas Limettensaft<\/h6>\n<p>Eisw\u00fcrfel in ein passendes Glas geben, GIN aus der See-Destillerie dazu (nach Geschmack), mit Almdudler auff\u00fcllen und aufr\u00fchren (nicht sch\u00fctteln).<br \/>\nEtwas Limettensaft hinzu, Strohhalm rein und genie\u00dfen!<br \/>\n<strong>DEKO-TIPP:<\/strong> Limettenscheibe<\/p>\n<h1>Am besten \u201egemeinsam\u201c genie\u00dfen!<\/h1>\n<p><a href=\"https:\/\/www.see-destillerie.at\/brennerei\/rezepte\/\">zur\u00fcck zur Auswahl<\/a><\/p>\n","protected":false},"excerpt":{"rendered":"<p>LAKE DREAM Zutaten: 6 cl GIN aus der See-Destillerie 1,5 cl frischer Zitronensaft 1 TL Puderzucker Eisw\u00fcrfel Prosecco Alles, bis auf den Prosecco, in einen&hellip; <\/p>\n<p><a href=\"https:\/\/www.see-destillerie.at\/brennerei\/rezepte\/sundowner\/\" class=\"more-link\">Continue reading &rarr; <span class=\"screen-reader-text\">Sundowner<\/span><\/a><\/p>\n","protected":false},"author":1,"featured_media":302,"parent":82,"menu_order":0,"comment_status":"closed","ping_status":"closed","template":"","meta":{"ngg_post_thumbnail":0,"footnotes":""},"class_list":["post-627","page","type-page","status-publish","has-post-thumbnail","hentry"],"yoast_head":"<!-- This site is optimized with the Yoast SEO plugin v27.6 - https:\/\/yoast.com\/product\/yoast-seo-wordpress\/ -->\n<title>Sundowner - SEE-DESTILLERIE\u00ae &amp; Klosterkellerei<\/title>\n<meta name=\"robots\" content=\"index, follow, max-snippet:-1, max-image-preview:large, max-video-preview:-1\" \/>\n<link rel=\"canonical\" href=\"https:\/\/www.see-destillerie.at\/brennerei\/rezepte\/sundowner\/\" \/>\n<meta property=\"og:locale\" content=\"de_DE\" \/>\n<meta property=\"og:type\" content=\"article\" \/>\n<meta property=\"og:title\" content=\"Sundowner - SEE-DESTILLERIE\u00ae &amp; Klosterkellerei\" \/>\n<meta property=\"og:description\" content=\"LAKE DREAM Zutaten: 6 cl GIN aus der See-Destillerie 1,5 cl frischer Zitronensaft 1 TL Puderzucker Eisw\u00fcrfel Prosecco Alles, bis auf den Prosecco, in einen&hellip; Continue reading &rarr; Sundowner\" \/>\n<meta property=\"og:url\" content=\"https:\/\/www.see-destillerie.at\/brennerei\/rezepte\/sundowner\/\" \/>\n<meta property=\"og:site_name\" content=\"SEE-DESTILLERIE\u00ae &amp; Klosterkellerei\" \/>\n<meta property=\"article:publisher\" content=\"https:\/\/www.facebook.com\/seedestillerie\" \/>\n<meta property=\"article:modified_time\" content=\"2018-05-22T12:07:14+00:00\" \/>\n<meta property=\"og:image\" content=\"https:\/\/www.see-destillerie.at\/brennerei\/wp-content\/uploads\/2017\/02\/cocktails-und-mehr.jpg\" \/>\n\t<meta property=\"og:image:width\" content=\"1920\" \/>\n\t<meta property=\"og:image:height\" content=\"1000\" \/>\n\t<meta property=\"og:image:type\" content=\"image\/jpeg\" \/>\n<meta name=\"twitter:card\" content=\"summary_large_image\" \/>\n<meta name=\"twitter:label1\" content=\"Gesch\u00e4tzte Lesezeit\" \/>\n\t<meta name=\"twitter:data1\" content=\"1\u00a0Minute\" \/>\n<script type=\"application\/ld+json\" class=\"yoast-schema-graph\">{\"@context\":\"https:\\\/\\\/schema.org\",\"@graph\":[{\"@type\":\"WebPage\",\"@id\":\"https:\\\/\\\/www.see-destillerie.at\\\/brennerei\\\/rezepte\\\/sundowner\\\/\",\"url\":\"https:\\\/\\\/www.see-destillerie.at\\\/brennerei\\\/rezepte\\\/sundowner\\\/\",\"name\":\"Sundowner - SEE-DESTILLERIE\u00ae &amp; Klosterkellerei\",\"isPartOf\":{\"@id\":\"https:\\\/\\\/www.see-destillerie.at\\\/brennerei\\\/#website\"},\"primaryImageOfPage\":{\"@id\":\"https:\\\/\\\/www.see-destillerie.at\\\/brennerei\\\/rezepte\\\/sundowner\\\/#primaryimage\"},\"image\":{\"@id\":\"https:\\\/\\\/www.see-destillerie.at\\\/brennerei\\\/rezepte\\\/sundowner\\\/#primaryimage\"},\"thumbnailUrl\":\"https:\\\/\\\/www.see-destillerie.at\\\/brennerei\\\/wp-content\\\/uploads\\\/2017\\\/02\\\/cocktails-und-mehr.jpg\",\"datePublished\":\"2017-03-25T16:31:58+00:00\",\"dateModified\":\"2018-05-22T12:07:14+00:00\",\"breadcrumb\":{\"@id\":\"https:\\\/\\\/www.see-destillerie.at\\\/brennerei\\\/rezepte\\\/sundowner\\\/#breadcrumb\"},\"inLanguage\":\"de\",\"potentialAction\":[{\"@type\":\"ReadAction\",\"target\":[\"https:\\\/\\\/www.see-destillerie.at\\\/brennerei\\\/rezepte\\\/sundowner\\\/\"]}]},{\"@type\":\"ImageObject\",\"inLanguage\":\"de\",\"@id\":\"https:\\\/\\\/www.see-destillerie.at\\\/brennerei\\\/rezepte\\\/sundowner\\\/#primaryimage\",\"url\":\"https:\\\/\\\/www.see-destillerie.at\\\/brennerei\\\/wp-content\\\/uploads\\\/2017\\\/02\\\/cocktails-und-mehr.jpg\",\"contentUrl\":\"https:\\\/\\\/www.see-destillerie.at\\\/brennerei\\\/wp-content\\\/uploads\\\/2017\\\/02\\\/cocktails-und-mehr.jpg\",\"width\":1920,\"height\":1000,\"caption\":\"Cocktails,...\"},{\"@type\":\"BreadcrumbList\",\"@id\":\"https:\\\/\\\/www.see-destillerie.at\\\/brennerei\\\/rezepte\\\/sundowner\\\/#breadcrumb\",\"itemListElement\":[{\"@type\":\"ListItem\",\"position\":1,\"name\":\"Startseite\",\"item\":\"https:\\\/\\\/www.see-destillerie.at\\\/brennerei\\\/\"},{\"@type\":\"ListItem\",\"position\":2,\"name\":\"Rezepte\",\"item\":\"https:\\\/\\\/www.see-destillerie.at\\\/brennerei\\\/rezepte\\\/\"},{\"@type\":\"ListItem\",\"position\":3,\"name\":\"Sundowner\"}]},{\"@type\":\"WebSite\",\"@id\":\"https:\\\/\\\/www.see-destillerie.at\\\/brennerei\\\/#website\",\"url\":\"https:\\\/\\\/www.see-destillerie.at\\\/brennerei\\\/\",\"name\":\"SEE-DESTILLERIE\u00ae &amp; Klosterkellerei\",\"description\":\"GIN, WHISKY, RUM &amp; MORE \u2013 direkt vom Edelbrandsommelier vom Wolfgangsee\",\"publisher\":{\"@id\":\"https:\\\/\\\/www.see-destillerie.at\\\/brennerei\\\/#organization\"},\"potentialAction\":[{\"@type\":\"SearchAction\",\"target\":{\"@type\":\"EntryPoint\",\"urlTemplate\":\"https:\\\/\\\/www.see-destillerie.at\\\/brennerei\\\/?s={search_term_string}\"},\"query-input\":{\"@type\":\"PropertyValueSpecification\",\"valueRequired\":true,\"valueName\":\"search_term_string\"}}],\"inLanguage\":\"de\"},{\"@type\":\"Organization\",\"@id\":\"https:\\\/\\\/www.see-destillerie.at\\\/brennerei\\\/#organization\",\"name\":\"SEE-DESTILLERIE\u00ae &amp; Klosterkellerei\",\"url\":\"https:\\\/\\\/www.see-destillerie.at\\\/brennerei\\\/\",\"logo\":{\"@type\":\"ImageObject\",\"inLanguage\":\"de\",\"@id\":\"https:\\\/\\\/www.see-destillerie.at\\\/brennerei\\\/#\\\/schema\\\/logo\\\/image\\\/\",\"url\":\"https:\\\/\\\/www.see-destillerie.at\\\/brennerei\\\/wp-content\\\/uploads\\\/2017\\\/03\\\/cropped-seedestillerie-st-wolfgang.png\",\"contentUrl\":\"https:\\\/\\\/www.see-destillerie.at\\\/brennerei\\\/wp-content\\\/uploads\\\/2017\\\/03\\\/cropped-seedestillerie-st-wolfgang.png\",\"width\":512,\"height\":512,\"caption\":\"SEE-DESTILLERIE\u00ae &amp; Klosterkellerei\"},\"image\":{\"@id\":\"https:\\\/\\\/www.see-destillerie.at\\\/brennerei\\\/#\\\/schema\\\/logo\\\/image\\\/\"},\"sameAs\":[\"https:\\\/\\\/www.facebook.com\\\/seedestillerie\",\"https:\\\/\\\/www.instagram.com\\\/seedestillerie\\\/\"]}]}<\/script>\n<!-- \/ Yoast SEO plugin. -->","yoast_head_json":{"title":"Sundowner - SEE-DESTILLERIE\u00ae &amp; Klosterkellerei","robots":{"index":"index","follow":"follow","max-snippet":"max-snippet:-1","max-image-preview":"max-image-preview:large","max-video-preview":"max-video-preview:-1"},"canonical":"https:\/\/www.see-destillerie.at\/brennerei\/rezepte\/sundowner\/","og_locale":"de_DE","og_type":"article","og_title":"Sundowner - SEE-DESTILLERIE\u00ae &amp; Klosterkellerei","og_description":"LAKE DREAM Zutaten: 6 cl GIN aus der See-Destillerie 1,5 cl frischer Zitronensaft 1 TL Puderzucker Eisw\u00fcrfel Prosecco Alles, bis auf den Prosecco, in einen&hellip; Continue reading &rarr; Sundowner","og_url":"https:\/\/www.see-destillerie.at\/brennerei\/rezepte\/sundowner\/","og_site_name":"SEE-DESTILLERIE\u00ae &amp; Klosterkellerei","article_publisher":"https:\/\/www.facebook.com\/seedestillerie","article_modified_time":"2018-05-22T12:07:14+00:00","og_image":[{"width":1920,"height":1000,"url":"https:\/\/www.see-destillerie.at\/brennerei\/wp-content\/uploads\/2017\/02\/cocktails-und-mehr.jpg","type":"image\/jpeg"}],"twitter_card":"summary_large_image","twitter_misc":{"Gesch\u00e4tzte Lesezeit":"1\u00a0Minute"},"schema":{"@context":"https:\/\/schema.org","@graph":[{"@type":"WebPage","@id":"https:\/\/www.see-destillerie.at\/brennerei\/rezepte\/sundowner\/","url":"https:\/\/www.see-destillerie.at\/brennerei\/rezepte\/sundowner\/","name":"Sundowner - SEE-DESTILLERIE\u00ae &amp; Klosterkellerei","isPartOf":{"@id":"https:\/\/www.see-destillerie.at\/brennerei\/#website"},"primaryImageOfPage":{"@id":"https:\/\/www.see-destillerie.at\/brennerei\/rezepte\/sundowner\/#primaryimage"},"image":{"@id":"https:\/\/www.see-destillerie.at\/brennerei\/rezepte\/sundowner\/#primaryimage"},"thumbnailUrl":"https:\/\/www.see-destillerie.at\/brennerei\/wp-content\/uploads\/2017\/02\/cocktails-und-mehr.jpg","datePublished":"2017-03-25T16:31:58+00:00","dateModified":"2018-05-22T12:07:14+00:00","breadcrumb":{"@id":"https:\/\/www.see-destillerie.at\/brennerei\/rezepte\/sundowner\/#breadcrumb"},"inLanguage":"de","potentialAction":[{"@type":"ReadAction","target":["https:\/\/www.see-destillerie.at\/brennerei\/rezepte\/sundowner\/"]}]},{"@type":"ImageObject","inLanguage":"de","@id":"https:\/\/www.see-destillerie.at\/brennerei\/rezepte\/sundowner\/#primaryimage","url":"https:\/\/www.see-destillerie.at\/brennerei\/wp-content\/uploads\/2017\/02\/cocktails-und-mehr.jpg","contentUrl":"https:\/\/www.see-destillerie.at\/brennerei\/wp-content\/uploads\/2017\/02\/cocktails-und-mehr.jpg","width":1920,"height":1000,"caption":"Cocktails,..."},{"@type":"BreadcrumbList","@id":"https:\/\/www.see-destillerie.at\/brennerei\/rezepte\/sundowner\/#breadcrumb","itemListElement":[{"@type":"ListItem","position":1,"name":"Startseite","item":"https:\/\/www.see-destillerie.at\/brennerei\/"},{"@type":"ListItem","position":2,"name":"Rezepte","item":"https:\/\/www.see-destillerie.at\/brennerei\/rezepte\/"},{"@type":"ListItem","position":3,"name":"Sundowner"}]},{"@type":"WebSite","@id":"https:\/\/www.see-destillerie.at\/brennerei\/#website","url":"https:\/\/www.see-destillerie.at\/brennerei\/","name":"SEE-DESTILLERIE\u00ae &amp; Klosterkellerei","description":"GIN, WHISKY, RUM &amp; MORE \u2013 direkt vom Edelbrandsommelier vom Wolfgangsee","publisher":{"@id":"https:\/\/www.see-destillerie.at\/brennerei\/#organization"},"potentialAction":[{"@type":"SearchAction","target":{"@type":"EntryPoint","urlTemplate":"https:\/\/www.see-destillerie.at\/brennerei\/?s={search_term_string}"},"query-input":{"@type":"PropertyValueSpecification","valueRequired":true,"valueName":"search_term_string"}}],"inLanguage":"de"},{"@type":"Organization","@id":"https:\/\/www.see-destillerie.at\/brennerei\/#organization","name":"SEE-DESTILLERIE\u00ae &amp; Klosterkellerei","url":"https:\/\/www.see-destillerie.at\/brennerei\/","logo":{"@type":"ImageObject","inLanguage":"de","@id":"https:\/\/www.see-destillerie.at\/brennerei\/#\/schema\/logo\/image\/","url":"https:\/\/www.see-destillerie.at\/brennerei\/wp-content\/uploads\/2017\/03\/cropped-seedestillerie-st-wolfgang.png","contentUrl":"https:\/\/www.see-destillerie.at\/brennerei\/wp-content\/uploads\/2017\/03\/cropped-seedestillerie-st-wolfgang.png","width":512,"height":512,"caption":"SEE-DESTILLERIE\u00ae &amp; Klosterkellerei"},"image":{"@id":"https:\/\/www.see-destillerie.at\/brennerei\/#\/schema\/logo\/image\/"},"sameAs":["https:\/\/www.facebook.com\/seedestillerie","https:\/\/www.instagram.com\/seedestillerie\/"]}]}},"_links":{"self":[{"href":"https:\/\/www.see-destillerie.at\/brennerei\/wp-json\/wp\/v2\/pages\/627","targetHints":{"allow":["GET"]}}],"collection":[{"href":"https:\/\/www.see-destillerie.at\/brennerei\/wp-json\/wp\/v2\/pages"}],"about":[{"href":"https:\/\/www.see-destillerie.at\/brennerei\/wp-json\/wp\/v2\/types\/page"}],"author":[{"embeddable":true,"href":"https:\/\/www.see-destillerie.at\/brennerei\/wp-json\/wp\/v2\/users\/1"}],"replies":[{"embeddable":true,"href":"https:\/\/www.see-destillerie.at\/brennerei\/wp-json\/wp\/v2\/comments?post=627"}],"version-history":[{"count":15,"href":"https:\/\/www.see-destillerie.at\/brennerei\/wp-json\/wp\/v2\/pages\/627\/revisions"}],"predecessor-version":[{"id":1197,"href":"https:\/\/www.see-destillerie.at\/brennerei\/wp-json\/wp\/v2\/pages\/627\/revisions\/1197"}],"up":[{"embeddable":true,"href":"https:\/\/www.see-destillerie.at\/brennerei\/wp-json\/wp\/v2\/pages\/82"}],"wp:featuredmedia":[{"embeddable":true,"href":"https:\/\/www.see-destillerie.at\/brennerei\/wp-json\/wp\/v2\/media\/302"}],"wp:attachment":[{"href":"https:\/\/www.see-destillerie.at\/brennerei\/wp-json\/wp\/v2\/media?parent=627"}],"curies":[{"name":"wp","href":"https:\/\/api.w.org\/{rel}","templated":true}]}}