{"id":654,"date":"2017-03-25T17:15:03","date_gmt":"2017-03-25T17:15:03","guid":{"rendered":"http:\/\/www.see-destillerie.at\/brennerei\/?page_id=654"},"modified":"2023-06-10T12:02:04","modified_gmt":"2023-06-10T12:02:04","slug":"impressum","status":"publish","type":"page","link":"https:\/\/www.see-destillerie.at\/brennerei\/impressum\/","title":{"rendered":"Impressum"},"content":{"rendered":"\n<h1 class=\"wp-block-heading\">Verkauf<\/h1>\n\n\n\n<p>St. Wolfganger Klosterkellerei<br>Renate Peinsteiner<br>Markt 2<br>5360 St. Wolfgang im Salzkammergut<br>Austria\/\u00d6sterreich<br>Tel.: +43 (0)664-5327371 \u2013 <a href=\"tel:+436645327371\">HIER DIREKT ANRUFEN<\/a><br>E-Mail: <a href=\"mailto:klosterkellerei@see-destillerie.at\" target=\"_blank\" rel=\"noreferrer noopener\">klosterkellerei@see-destillerie.at<\/a><\/p>\n\n\n\n<h2 class=\"wp-block-heading\">\u00d6ffnungszeiten<\/h2>\n\n\n\n<p>Tagesaktuelle \u00d6ffnungszeiten <a href=\"https:\/\/goo.gl\/maps\/aZRDRWX31NjSpLuf9\" target=\"_blank\" rel=\"noreferrer noopener\">HIER<\/a>.<\/p>\n\n\n\n<h2 class=\"wp-block-heading\">Bestellungen jederzeit gerne<\/h2>\n\n\n\n<p><a href=\"tel:+436645327371\">telefonisch<\/a> oder per <a rel=\"noreferrer noopener\" href=\"mailto:klosterkellerei@see-destillerie.at\" target=\"_blank\">E-Mail<\/a>.<br><br>F\u00fcr Sonderveranstaltungen oder f\u00fcr Gruppen \u00f6ffnen wir auf Anfrage auch gerne au\u00dferhalb dieser Zeiten. Bitte immer Voranmeldung!<\/p>\n\n\n\n<p>\n<div class=\"sp-dsgvo sp-dsgvo-embedding-container sp-dsgvo-embedding-gmaps \"><div class=\"sp-dsgvo-blocked-embedding-placeholder sp-dsgvo-blocked-embedding-placeholder-gmaps\">  <div class=\"sp-dsgvo-blocked-embedding-placeholder-header\"><img class=\"sp-dsgvo-blocked-embedding-placeholder-header-icon\" src=\"https:\/\/www.see-destillerie.at\/brennerei\/wp-content\/plugins\/shapepress-dsgvo\/public\/images\/embeddings\/icon-gmaps.svg\"\/>Wir ben\u00f6tigen Ihre Zustimmung um den Inhalt von Google Maps laden zu k\u00f6nnen.<\/div>  <div class=\"sp-dsgvo-blocked-embedding-placeholder-body\"><p>Mit dem Klick auf den Dienst werden durch den mit uns gemeinsam Verantwortlichen Google [Google Ireland Limited, Irland] der Kartendienst Google Maps angezeigt, auf Ihrem Endger\u00e4t Skripte geladen, Cookies gespeichert und personenbezogene Daten erfasst. Damit kann Google Aktivit\u00e4ten im Internet verfolgen und Werbung zielgruppengerecht ausspielen. Es erfolgt eine Daten\u00fcbermittlung in die USA, diese verf\u00fcgt \u00fcber keinen EU-konformen Datenschutz. Weitere Informationen. Weitere Informationen finden Sie <a target=\"_blank\" href=\"#\" class=\"sp-dsgvo-navigate-privacy-policy\">hier<\/a>.<\/p>   <div class=\"sp-dsgvo-blocked-embedding-button-container\"> <a href=\"#\" class=\"sp-dsgvo-direct-enable-popup sp-dsgvo-blocked-embedding-button-enable\" data-slug=\"gmaps\">Hier klicken um den Inhalt zu aktivieren.<\/a><\/div>  <\/div><\/div><div class=\"sp-dsgvo-hidden-embedding-content sp-dsgvo-hidden-embedding-content-gmaps\" data-sp-dsgvo-embedding-slug=\"gmaps\">Jmx0O2lmcmFtZSBzcmM9JnF1b3Q7aHR0cHM6Ly93d3cuZ29vZ2xlLmNvbS9tYXBzL2VtYmVkP3BiPSExbTE4ITFtMTIhMW0zITFkMjY4My4yMTE4MzcyMjY5NTkhMmQxMy40NDUyMTE5MTU5ODQ2NjYhM2Q0Ny43Mzg1NDQzODY4NDY0OCEybTMhMWYwITJmMCEzZjAhM20yITFpMTAyNCEyaTc2OCE0ZjEzLjEhM20zITFtMiExczB4NDc3NmIwNGQwY2E4Mzg3ZiUzQTB4OTc4MWQ0MDdlMDZiNWMxMSEyc1NlZS1EZXN0aWxsZXJpZSUyMHVuZCUyMEtsb3N0ZXJrZWxsZXJlaSE1ZTAhM20yITFzZGUhMnNhdCE0djE2MzM2MDQzOTk0ODMhNW0yITFzZGUhMnNhdCZxdW90OyBzdHlsZT0mcXVvdDtib3JkZXI6MDsmcXVvdDsgYWxsb3dmdWxsc2NyZWVuPSZxdW90OyZxdW90OyBsb2FkaW5nPSZxdW90O2xhenkmcXVvdDsgd2lkdGg9JnF1b3Q7NjAwJnF1b3Q7IGhlaWdodD0mcXVvdDs0NTAmcXVvdDsmZ3Q7Jmx0Oy9pZnJhbWUmZ3Q7<\/div><\/div>\n<\/p>\n\n\n\n<div style=\"height:58px\" aria-hidden=\"true\" class=\"wp-block-spacer\"><\/div>\n\n\n\n<h1 class=\"wp-block-heading\">Produktion<\/h1>\n\n\nSEE-DESTILLERIE\u00ae<br \/>Inhaber des Unternehmens: Renate Peinsteiner<br \/>Graben 44<br \/>5360 St. Wolfgang im Salzkammergut<br \/>\u00d6sterreich<br \/>Email: <a href=\"mailto:brennerei@see-destillerie.at\">brennerei@see-destillerie.at<\/a><br \/>Telefon: +43 (0)664\u20132102320 <br \/>Umsatzsteuer-Identifikationsnummer: ATU57802328<br \/>Gerichtsstand: Bad Ischl<br \/><p>Verantwortlich f\u00fcr den Inhalt:  Renate Peinsteiner, Markt 2, 5360 St. Wolfgang im Salzkammergut, klosterkellerei@see-destillerie.at, Tel.: +43 (0)664-5327371<\/p>\n\n\n\n<p><strong>Firmensitz:<\/strong> St. Wolfgang im Salzkammergut<br><strong>Beh\u00f6rde gem. ECG:<\/strong> Bezirkshauptmannschaft Gmunden<br><strong>Unternehmensgegenstand:<\/strong><br>Mitglied der Wirtschaftskammer Ober\u00f6sterreich:<br>Fachgruppe\/Berufszweig LI Lebensmittelgewerbe<br>Erzeugung von Lebensmitteln mit Ausnahme der reglementierten Nahrungsmittelerzeugung (Sekt- und Spirituosenerzeugung)<br>FV Foto-, Optik- und Medizinproduktehandel<br>Handelsgewerbe<\/p>\n\n\n<p><\/p>\n<h2>Haftungsausschluss<\/h2>\n<h3>Inhalt des Onlineangebotes<\/h3>\n<p>Nach besten Wissen und Gewissen stellen wir auf dieser Website Informationen bereit. Trotzdem k\u00f6nnten mal fehlerhafte oder unvollst\u00e4ndige Informationen aufscheinen, denn Fehler passieren, da wo Menschen arbeiten. Wir k\u00f6nnen deshalb keinerlei Gew\u00e4hr f\u00fcr die Aktualit\u00e4t, Richtigkeit und Vollst\u00e4ndigkeit der bereitgestellten Informationen \u00fcbernehmen. Sofern unsererseits kein nachweislich vors\u00e4tzliches oder grob fahrl\u00e4ssiges Verschulden vorliegt, sind deshalb Haftungsanspr\u00fcche gegen uns grunds\u00e4tzlich ausgeschlossen, welche sich auf Sch\u00e4den materieller oder ideeller Art beziehen, die durch die Nutzung oder Nichtnutzung der dargebotenen Informationen bzw. durch die Nutzung fehlerhafter und unvollst\u00e4ndiger Informationen verursacht wurden.<\/p>\n<p>Alle Angebote sind freibleibend und unverbindlich. Wir behalten uns ausdr\u00fccklich vor, Teile der Seiten oder das gesamte Angebot ohne gesonderte Ank\u00fcndigung zu ver\u00e4ndern, zu erg\u00e4nzen, zu l\u00f6schen oder die Ver\u00f6ffentlichung zeitweise oder endg\u00fcltig einzustellen.<\/p>\n<h3>Verweise und Links<\/h3>\n<p>Bei direkten oder indirekten Verweisen auf fremde Webseiten (\u201cHyperlinks\u201d), die au\u00dferhalb unseres Verantwortungsbereiches liegen, w\u00fcrde eine Haftungsverpflichtung ausschlie\u00dflich in dem Fall in Kraft treten, in dem wir von den Inhalten Kenntnis haben und es uns technisch m\u00f6glich und zumutbar w\u00e4re, die Nutzung im Falle rechtswidriger Inhalte zu verhindern.<\/p>\n<p>Wir erkl\u00e4ren hiermit ausdr\u00fccklich, dass zum Zeitpunkt der Linksetzung keine illegalen Inhalte auf den zu verlinkenden Seiten erkennbar waren. Auf die aktuelle und zuk\u00fcnftige Gestaltung, die Inhalte oder die Urheberschaft der verlinkten\/verkn\u00fcpften Seiten haben wir keinerlei Einfluss. Deshalb distanzieren wir uns hiermit ausdr\u00fccklich von allen Inhalten aller verlinkten \/verkn\u00fcpften Seiten, die nach der Linksetzung ver\u00e4ndert wurden. Diese Feststellung gilt f\u00fcr alle innerhalb des eigenen Internetangebotes gesetzten Links und Verweise sowie f\u00fcr Fremdeintr\u00e4ge in von uns eingerichteten G\u00e4steb\u00fcchern, Diskussionsforen, Linkverzeichnissen, Mailinglisten und in allen anderen Formen von Datenbanken, auf deren Inhalt externe Schreibzugriffe m\u00f6glich sind. F\u00fcr illegale, fehlerhafte oder unvollst\u00e4ndige Inhalte und insbesondere f\u00fcr Sch\u00e4den, die aus der Nutzung oder Nichtnutzung solcherart dargebotener Informationen entstehen, haftet allein der Anbieter der Seite, auf welche verwiesen wurde, nicht derjenige, der \u00fcber Links auf die jeweilige Ver\u00f6ffentlichung lediglich verweist.<\/p>\n<h3>Urheber- und Kennzeichenrecht<\/h3>\n<p>Stets sind wir bestrebt, in allen Publikationen die Urheberrechte der verwendeten Bilder, Grafiken, Tondokumente, Videosequenzen und Texte zu beachten, von uns selbst erstellte Bilder, Grafiken, Tondokumente, Videosequenzen und Texte zu nutzen oder auf lizenzfreie Grafiken, Tondokumente, Videosequenzen und Texte zur\u00fcckzugreifen.<\/p>\n<p>Alle innerhalb des Internetangebotes genannten und ggf. durch Dritte gesch\u00fctzten Marken- und Warenzeichen unterliegen uneingeschr\u00e4nkt den Bestimmungen des jeweils g\u00fcltigen Kennzeichenrechts und den Besitzrechten der jeweiligen eingetragenen Eigent\u00fcmer. Allein aufgrund der blo\u00dfen Nennung ist nicht der Schluss zu ziehen, dass Markenzeichen nicht durch Rechte Dritter gesch\u00fctzt sind!<\/p>\n<p>Das Copyright f\u00fcr ver\u00f6ffentlichte, von uns selbst erstellte Objekte bleibt allein bei uns. Eine Vervielf\u00e4ltigung oder Verwendung solcher Grafiken, Tondokumente, Videosequenzen und Texte in anderen elektronischen oder gedruckten Publikationen ist ohne unsere ausdr\u00fcckliche schriftliche Zustimmung nicht gestattet.<\/p>","protected":false},"excerpt":{"rendered":"<p>Verkauf St. Wolfganger KlosterkellereiRenate PeinsteinerMarkt 25360 St. Wolfgang im SalzkammergutAustria\/\u00d6sterreichTel.: +43 (0)664-5327371 \u2013 HIER DIREKT ANRUFENE-Mail: klosterkellerei@see-destillerie.at \u00d6ffnungszeiten Tagesaktuelle \u00d6ffnungszeiten HIER. Bestellungen jederzeit gerne telefonisch&hellip; <\/p>\n<p><a href=\"https:\/\/www.see-destillerie.at\/brennerei\/impressum\/\" class=\"more-link\">Continue reading &rarr; <span class=\"screen-reader-text\">Impressum<\/span><\/a><\/p>\n","protected":false},"author":1,"featured_media":0,"parent":0,"menu_order":0,"comment_status":"closed","ping_status":"closed","template":"","meta":{"ngg_post_thumbnail":0,"footnotes":""},"class_list":["post-654","page","type-page","status-publish","hentry"],"yoast_head":"<!-- This site is optimized with the Yoast SEO plugin v27.6 - https:\/\/yoast.com\/product\/yoast-seo-wordpress\/ -->\n<title>Impressum - SEE-DESTILLERIE\u00ae &amp; Klosterkellerei<\/title>\n<meta name=\"robots\" content=\"index, follow, max-snippet:-1, max-image-preview:large, max-video-preview:-1\" \/>\n<link rel=\"canonical\" href=\"https:\/\/www.see-destillerie.at\/brennerei\/impressum\/\" \/>\n<meta property=\"og:locale\" content=\"de_DE\" \/>\n<meta property=\"og:type\" content=\"article\" \/>\n<meta property=\"og:title\" content=\"Impressum - SEE-DESTILLERIE\u00ae &amp; Klosterkellerei\" \/>\n<meta property=\"og:description\" content=\"Verkauf St. Wolfganger KlosterkellereiRenate PeinsteinerMarkt 25360 St. Wolfgang im SalzkammergutAustria\/\u00d6sterreichTel.: +43 (0)664-5327371 \u2013 HIER DIREKT ANRUFENE-Mail: klosterkellerei@see-destillerie.at \u00d6ffnungszeiten Tagesaktuelle \u00d6ffnungszeiten HIER. Bestellungen jederzeit gerne telefonisch&hellip; Continue reading &rarr; Impressum\" \/>\n<meta property=\"og:url\" content=\"https:\/\/www.see-destillerie.at\/brennerei\/impressum\/\" \/>\n<meta property=\"og:site_name\" content=\"SEE-DESTILLERIE\u00ae &amp; Klosterkellerei\" \/>\n<meta property=\"article:publisher\" content=\"https:\/\/www.facebook.com\/seedestillerie\" \/>\n<meta property=\"article:modified_time\" content=\"2023-06-10T12:02:04+00:00\" \/>\n<meta name=\"twitter:card\" content=\"summary_large_image\" \/>\n<meta name=\"twitter:label1\" content=\"Gesch\u00e4tzte Lesezeit\" \/>\n\t<meta name=\"twitter:data1\" content=\"3\u00a0Minuten\" \/>\n<script type=\"application\/ld+json\" class=\"yoast-schema-graph\">{\"@context\":\"https:\\\/\\\/schema.org\",\"@graph\":[{\"@type\":\"WebPage\",\"@id\":\"https:\\\/\\\/www.see-destillerie.at\\\/brennerei\\\/impressum\\\/\",\"url\":\"https:\\\/\\\/www.see-destillerie.at\\\/brennerei\\\/impressum\\\/\",\"name\":\"Impressum - SEE-DESTILLERIE\u00ae &amp; Klosterkellerei\",\"isPartOf\":{\"@id\":\"https:\\\/\\\/www.see-destillerie.at\\\/brennerei\\\/#website\"},\"datePublished\":\"2017-03-25T17:15:03+00:00\",\"dateModified\":\"2023-06-10T12:02:04+00:00\",\"breadcrumb\":{\"@id\":\"https:\\\/\\\/www.see-destillerie.at\\\/brennerei\\\/impressum\\\/#breadcrumb\"},\"inLanguage\":\"de\",\"potentialAction\":[{\"@type\":\"ReadAction\",\"target\":[\"https:\\\/\\\/www.see-destillerie.at\\\/brennerei\\\/impressum\\\/\"]}]},{\"@type\":\"BreadcrumbList\",\"@id\":\"https:\\\/\\\/www.see-destillerie.at\\\/brennerei\\\/impressum\\\/#breadcrumb\",\"itemListElement\":[{\"@type\":\"ListItem\",\"position\":1,\"name\":\"Startseite\",\"item\":\"https:\\\/\\\/www.see-destillerie.at\\\/brennerei\\\/\"},{\"@type\":\"ListItem\",\"position\":2,\"name\":\"Impressum\"}]},{\"@type\":\"WebSite\",\"@id\":\"https:\\\/\\\/www.see-destillerie.at\\\/brennerei\\\/#website\",\"url\":\"https:\\\/\\\/www.see-destillerie.at\\\/brennerei\\\/\",\"name\":\"SEE-DESTILLERIE\u00ae &amp; Klosterkellerei\",\"description\":\"GIN, WHISKY, RUM &amp; MORE \u2013 direkt vom Edelbrandsommelier vom Wolfgangsee\",\"publisher\":{\"@id\":\"https:\\\/\\\/www.see-destillerie.at\\\/brennerei\\\/#organization\"},\"potentialAction\":[{\"@type\":\"SearchAction\",\"target\":{\"@type\":\"EntryPoint\",\"urlTemplate\":\"https:\\\/\\\/www.see-destillerie.at\\\/brennerei\\\/?s={search_term_string}\"},\"query-input\":{\"@type\":\"PropertyValueSpecification\",\"valueRequired\":true,\"valueName\":\"search_term_string\"}}],\"inLanguage\":\"de\"},{\"@type\":\"Organization\",\"@id\":\"https:\\\/\\\/www.see-destillerie.at\\\/brennerei\\\/#organization\",\"name\":\"SEE-DESTILLERIE\u00ae &amp; Klosterkellerei\",\"url\":\"https:\\\/\\\/www.see-destillerie.at\\\/brennerei\\\/\",\"logo\":{\"@type\":\"ImageObject\",\"inLanguage\":\"de\",\"@id\":\"https:\\\/\\\/www.see-destillerie.at\\\/brennerei\\\/#\\\/schema\\\/logo\\\/image\\\/\",\"url\":\"https:\\\/\\\/www.see-destillerie.at\\\/brennerei\\\/wp-content\\\/uploads\\\/2017\\\/03\\\/cropped-seedestillerie-st-wolfgang.png\",\"contentUrl\":\"https:\\\/\\\/www.see-destillerie.at\\\/brennerei\\\/wp-content\\\/uploads\\\/2017\\\/03\\\/cropped-seedestillerie-st-wolfgang.png\",\"width\":512,\"height\":512,\"caption\":\"SEE-DESTILLERIE\u00ae &amp; Klosterkellerei\"},\"image\":{\"@id\":\"https:\\\/\\\/www.see-destillerie.at\\\/brennerei\\\/#\\\/schema\\\/logo\\\/image\\\/\"},\"sameAs\":[\"https:\\\/\\\/www.facebook.com\\\/seedestillerie\",\"https:\\\/\\\/www.instagram.com\\\/seedestillerie\\\/\"]}]}<\/script>\n<!-- \/ Yoast SEO plugin. -->","yoast_head_json":{"title":"Impressum - SEE-DESTILLERIE\u00ae &amp; Klosterkellerei","robots":{"index":"index","follow":"follow","max-snippet":"max-snippet:-1","max-image-preview":"max-image-preview:large","max-video-preview":"max-video-preview:-1"},"canonical":"https:\/\/www.see-destillerie.at\/brennerei\/impressum\/","og_locale":"de_DE","og_type":"article","og_title":"Impressum - SEE-DESTILLERIE\u00ae &amp; Klosterkellerei","og_description":"Verkauf St. Wolfganger KlosterkellereiRenate PeinsteinerMarkt 25360 St. Wolfgang im SalzkammergutAustria\/\u00d6sterreichTel.: +43 (0)664-5327371 \u2013 HIER DIREKT ANRUFENE-Mail: klosterkellerei@see-destillerie.at \u00d6ffnungszeiten Tagesaktuelle \u00d6ffnungszeiten HIER. Bestellungen jederzeit gerne telefonisch&hellip; Continue reading &rarr; Impressum","og_url":"https:\/\/www.see-destillerie.at\/brennerei\/impressum\/","og_site_name":"SEE-DESTILLERIE\u00ae &amp; Klosterkellerei","article_publisher":"https:\/\/www.facebook.com\/seedestillerie","article_modified_time":"2023-06-10T12:02:04+00:00","twitter_card":"summary_large_image","twitter_misc":{"Gesch\u00e4tzte Lesezeit":"3\u00a0Minuten"},"schema":{"@context":"https:\/\/schema.org","@graph":[{"@type":"WebPage","@id":"https:\/\/www.see-destillerie.at\/brennerei\/impressum\/","url":"https:\/\/www.see-destillerie.at\/brennerei\/impressum\/","name":"Impressum - SEE-DESTILLERIE\u00ae &amp; Klosterkellerei","isPartOf":{"@id":"https:\/\/www.see-destillerie.at\/brennerei\/#website"},"datePublished":"2017-03-25T17:15:03+00:00","dateModified":"2023-06-10T12:02:04+00:00","breadcrumb":{"@id":"https:\/\/www.see-destillerie.at\/brennerei\/impressum\/#breadcrumb"},"inLanguage":"de","potentialAction":[{"@type":"ReadAction","target":["https:\/\/www.see-destillerie.at\/brennerei\/impressum\/"]}]},{"@type":"BreadcrumbList","@id":"https:\/\/www.see-destillerie.at\/brennerei\/impressum\/#breadcrumb","itemListElement":[{"@type":"ListItem","position":1,"name":"Startseite","item":"https:\/\/www.see-destillerie.at\/brennerei\/"},{"@type":"ListItem","position":2,"name":"Impressum"}]},{"@type":"WebSite","@id":"https:\/\/www.see-destillerie.at\/brennerei\/#website","url":"https:\/\/www.see-destillerie.at\/brennerei\/","name":"SEE-DESTILLERIE\u00ae &amp; Klosterkellerei","description":"GIN, WHISKY, RUM &amp; MORE \u2013 direkt vom Edelbrandsommelier vom Wolfgangsee","publisher":{"@id":"https:\/\/www.see-destillerie.at\/brennerei\/#organization"},"potentialAction":[{"@type":"SearchAction","target":{"@type":"EntryPoint","urlTemplate":"https:\/\/www.see-destillerie.at\/brennerei\/?s={search_term_string}"},"query-input":{"@type":"PropertyValueSpecification","valueRequired":true,"valueName":"search_term_string"}}],"inLanguage":"de"},{"@type":"Organization","@id":"https:\/\/www.see-destillerie.at\/brennerei\/#organization","name":"SEE-DESTILLERIE\u00ae &amp; Klosterkellerei","url":"https:\/\/www.see-destillerie.at\/brennerei\/","logo":{"@type":"ImageObject","inLanguage":"de","@id":"https:\/\/www.see-destillerie.at\/brennerei\/#\/schema\/logo\/image\/","url":"https:\/\/www.see-destillerie.at\/brennerei\/wp-content\/uploads\/2017\/03\/cropped-seedestillerie-st-wolfgang.png","contentUrl":"https:\/\/www.see-destillerie.at\/brennerei\/wp-content\/uploads\/2017\/03\/cropped-seedestillerie-st-wolfgang.png","width":512,"height":512,"caption":"SEE-DESTILLERIE\u00ae &amp; Klosterkellerei"},"image":{"@id":"https:\/\/www.see-destillerie.at\/brennerei\/#\/schema\/logo\/image\/"},"sameAs":["https:\/\/www.facebook.com\/seedestillerie","https:\/\/www.instagram.com\/seedestillerie\/"]}]}},"_links":{"self":[{"href":"https:\/\/www.see-destillerie.at\/brennerei\/wp-json\/wp\/v2\/pages\/654","targetHints":{"allow":["GET"]}}],"collection":[{"href":"https:\/\/www.see-destillerie.at\/brennerei\/wp-json\/wp\/v2\/pages"}],"about":[{"href":"https:\/\/www.see-destillerie.at\/brennerei\/wp-json\/wp\/v2\/types\/page"}],"author":[{"embeddable":true,"href":"https:\/\/www.see-destillerie.at\/brennerei\/wp-json\/wp\/v2\/users\/1"}],"replies":[{"embeddable":true,"href":"https:\/\/www.see-destillerie.at\/brennerei\/wp-json\/wp\/v2\/comments?post=654"}],"version-history":[{"count":57,"href":"https:\/\/www.see-destillerie.at\/brennerei\/wp-json\/wp\/v2\/pages\/654\/revisions"}],"predecessor-version":[{"id":2673,"href":"https:\/\/www.see-destillerie.at\/brennerei\/wp-json\/wp\/v2\/pages\/654\/revisions\/2673"}],"wp:attachment":[{"href":"https:\/\/www.see-destillerie.at\/brennerei\/wp-json\/wp\/v2\/media?parent=654"}],"curies":[{"name":"wp","href":"https:\/\/api.w.org\/{rel}","templated":true}]}}