{"id":71,"date":"2017-02-16T06:52:26","date_gmt":"2017-02-16T06:52:26","guid":{"rendered":"http:\/\/www.see-destillerie.at\/brennerei\/?page_id=71"},"modified":"2023-05-01T14:20:12","modified_gmt":"2023-05-01T14:20:12","slug":"wolfgangsee-gin","status":"publish","type":"page","link":"https:\/\/www.see-destillerie.at\/brennerei\/bester-premium-gin-oberoesterreich-salzburg-wolfgangsee-stwolfgangimsalzkammergut-ginmanufaktur\/unsere-gins\/wolfgangsee-gin\/","title":{"rendered":"Wolfgangsee-GIN"},"content":{"rendered":"<h1 style=\"text-align: center;\">Der Feingliedrige<\/h1>\n<p style=\"text-align: center;\">Ruhe und Frische in jedem edlen Tropfen.<br \/>\nErfrischend feingliedrig in der Nase \u2013 etwas Zitrus und Himbeere \u2013 dich erwartet ein besonderes Aromenspiel. Wacholder spielt erst im Finish die erste Geige.<br \/>\n\u201eWolfgangsee-GIN\u201c lebt von dem besonderen Wasser aus den sprudelnden Quellen, die den Wolfgangsee speisen.<br \/>\n14 heimische Botanicals und Beeren, die auf den s\u00fcdlichen Almen des Wolfgangsees vorkommen, geben diesem Premium-GIN seine Kraft.<br \/>\nWelche genau das sind, bleibt unser wohlbeh\u00fctetes Geheimnis!<\/p>\n<h3 style=\"text-align: center;\"><strong>\u201eGold\u201c f\u00fcr unseren \u201eWolfgangsee-GIN\u201c beim internationalen WORLD-SPIRITS AWARD.<br \/>\nDie Jury beschreibt unseren Premium-GIN so:<\/strong><\/h3>\n<p style=\"text-align: center;\"><em><strong>DUFT:<\/strong> Viel Wacholderbeeren, etwas Liebst\u00f6ckel, Ingwer, Vanille, Zitrus, Orange, Himbeere, Tannennadeln, Engelwurz, Minze, Dill, bananig-apfelig, Kardamom, K\u00fcmmel, Rosmarin, \u00e4therische T\u00f6ne.<\/em><br \/>\n<em><strong> GESCHMACK:<\/strong> Breiter Zitrusbogen, Zitrone, Orange, Brombeere, Banane, harzig-holziger Hintergrund, wurzelig, erdig-moosig, Ingwer, Pfefferminze, Liebst\u00f6ckel, Eukalyptus, Vanille, harmonisch, dicht und lang.<\/em><\/p>\n<h6 style=\"text-align: center;\"><img loading=\"lazy\" decoding=\"async\" class=\"aligncenter wp-image-1387 size-large\" src=\"https:\/\/www.see-destillerie.at\/brennerei\/wp-content\/uploads\/2019\/06\/wolfgangsee-gin_NEU_mit-medaille-1024x1024.jpg\" alt=\"Wolfgangsee-GIN\" width=\"760\" height=\"760\" srcset=\"https:\/\/www.see-destillerie.at\/brennerei\/wp-content\/uploads\/2019\/06\/wolfgangsee-gin_NEU_mit-medaille-1024x1024.jpg 1024w, https:\/\/www.see-destillerie.at\/brennerei\/wp-content\/uploads\/2019\/06\/wolfgangsee-gin_NEU_mit-medaille-150x150.jpg 150w, https:\/\/www.see-destillerie.at\/brennerei\/wp-content\/uploads\/2019\/06\/wolfgangsee-gin_NEU_mit-medaille-300x300.jpg 300w, https:\/\/www.see-destillerie.at\/brennerei\/wp-content\/uploads\/2019\/06\/wolfgangsee-gin_NEU_mit-medaille-768x768.jpg 768w, https:\/\/www.see-destillerie.at\/brennerei\/wp-content\/uploads\/2019\/06\/wolfgangsee-gin_NEU_mit-medaille-760x760.jpg 760w, https:\/\/www.see-destillerie.at\/brennerei\/wp-content\/uploads\/2019\/06\/wolfgangsee-gin_NEU_mit-medaille-348x348.jpg 348w, https:\/\/www.see-destillerie.at\/brennerei\/wp-content\/uploads\/2019\/06\/wolfgangsee-gin_NEU_mit-medaille.jpg 1200w\" sizes=\"auto, (max-width: 760px) 100vw, 760px\" \/><br \/>\n<img loading=\"lazy\" decoding=\"async\" class=\"alignnone size-full wp-image-1112\" src=\"https:\/\/www.see-destillerie.at\/brennerei\/wp-content\/uploads\/2018\/03\/wacholderintensitaet2.gif\" alt=\"Wacholderintensit\u00e4t 2\" width=\"410\" height=\"55\"><\/h6>\n<h6 style=\"text-align: center;\">\u201eWolfgangsee-GIN\u201c . Wolfgangsee<br \/>\nder Feingliedrige . Ruhe und Frische in jedem edlen Tropfen<br \/>\nFINEST DISTILLED AUSTRIAN GIN . SMALL BATCH<br \/>\nAlkoholgehalt: 40,0 % vol<br \/>\nErh\u00e4ltlich in den Mengen: 200 ml, 500 ml, 700 ml<\/h6>\n<p style=\"text-align: center;\"><wbr><\/p>\n<p><span style=\"border-radius: 2px; text-indent: 20px; width: auto; padding: 0px 4px 0px 0px; text-align: center; font: bold 11px\/20px 'Helvetica Neue',Helvetica,sans-serif; color: #ffffff; background: #bd081c no-repeat scroll 3px 50% \/ 14px 14px; position: absolute; opacity: 1; z-index: 8675309; display: none; cursor: pointer;\">Merken<\/span><\/p>\n<p><img loading=\"lazy\" decoding=\"async\" class=\"size-full wp-image-464 aligncenter\" src=\"https:\/\/www.see-destillerie.at\/brennerei\/wp-content\/uploads\/2017\/02\/der-gin-profi-geniesst-ihn-pur.png\" alt=\"\" width=\"585\" height=\"66\" srcset=\"https:\/\/www.see-destillerie.at\/brennerei\/wp-content\/uploads\/2017\/02\/der-gin-profi-geniesst-ihn-pur.png 585w, https:\/\/www.see-destillerie.at\/brennerei\/wp-content\/uploads\/2017\/02\/der-gin-profi-geniesst-ihn-pur-300x34.png 300w, https:\/\/www.see-destillerie.at\/brennerei\/wp-content\/uploads\/2017\/02\/der-gin-profi-geniesst-ihn-pur-348x39.png 348w\" sizes=\"auto, (max-width: 585px) 100vw, 585px\" \/><\/p>\n<h3 style=\"text-align: center;\">Ob pur getrunken oder als hochkar\u00e4tige Zutat in Cocktails \u2013 werde zum GIN-Liebhaber!<\/h3>\n<p style=\"text-align: center;\">Rezepte f\u00fcr Cocktails und Drinks findest du <a href=\"https:\/\/www.see-destillerie.at\/brennerei\/rezepte\/\">HIER.<\/a><\/p>\n<p style=\"text-align: center;\">Du hast noch keinen GIN daheim?<br \/>\n\u201eWolfgangsee-GIN\u201c erh\u00e4ltst du in unserem Shop, der <a href=\"https:\/\/www.see-destillerie.at\/st-wolfganger-klosterkellerei\/\" target=\"_blank\" rel=\"noopener noreferrer\">ST. WOLFGANGER KLOSTERKELLEREI.<\/a><\/p>\n<p style=\"text-align: center;\"><a href=\"https:\/\/www.see-destillerie.at\/brennerei\/produktliste\/\" rel=\"noopener noreferrer\">ZU UNSERER GESAMTEN PRODUKTLISTE GEHT\u00b4S HIER LANG!<\/a><\/p>\n<p style=\"text-align: center;\">Auszeichnung von World-Spirits: <a href=\"https:\/\/www.see-destillerie.at\/brennerei\/wp-content\/uploads\/2017\/03\/diplom-wolfgangsee-gin-world-of-spirits-2017.pdf\" target=\"_blank\" rel=\"noopener noreferrer\">DIPLOM ANSEHEN<\/a><\/p>\n<p style=\"text-align: center;\"><span style=\"border-radius: 2px; text-indent: 20px; width: auto; padding: 0px 4px 0px 0px; text-align: center; font: bold 11px\/20px 'Helvetica Neue',Helvetica,sans-serif; color: #ffffff; background: #bd081c no-repeat scroll 3px 50% \/ 14px 14px; position: absolute; opacity: 1; z-index: 8675309; display: none; cursor: pointer;\">Merken<\/span><\/p>\n<p style=\"text-align: center;\"><span style=\"border-radius: 2px; text-indent: 20px; width: auto; padding: 0px 4px 0px 0px; text-align: center; font: bold 11px\/20px 'Helvetica Neue',Helvetica,sans-serif; color: #ffffff; background: #bd081c no-repeat scroll 3px 50% \/ 14px 14px; position: absolute; opacity: 1; z-index: 8675309; display: none; cursor: pointer;\">Merken<\/span><\/p>\n<p style=\"text-align: center;\"><span style=\"border-radius: 2px; text-indent: 20px; width: auto; padding: 0px 4px 0px 0px; text-align: center; font: bold 11px\/20px 'Helvetica Neue',Helvetica,sans-serif; color: #ffffff; background: #bd081c no-repeat scroll 3px 50% \/ 14px 14px; position: absolute; opacity: 1; z-index: 8675309; display: none; cursor: pointer;\">Merken<\/span><\/p>\n<p style=\"text-align: center;\"><span style=\"border-radius: 2px; text-indent: 20px; width: auto; padding: 0px 4px 0px 0px; text-align: center; font: bold 11px\/20px 'Helvetica Neue',Helvetica,sans-serif; color: #ffffff; background: #bd081c no-repeat scroll 3px 50% \/ 14px 14px; position: absolute; opacity: 1; z-index: 8675309; display: none; cursor: pointer;\">Merken<\/span><\/p>\n","protected":false},"excerpt":{"rendered":"<p>Der Feingliedrige Ruhe und Frische in jedem edlen Tropfen. Erfrischend feingliedrig in der Nase \u2013 etwas Zitrus und Himbeere \u2013 dich erwartet ein besonderes Aromenspiel.&hellip; <\/p>\n<p><a href=\"https:\/\/www.see-destillerie.at\/brennerei\/bester-premium-gin-oberoesterreich-salzburg-wolfgangsee-stwolfgangimsalzkammergut-ginmanufaktur\/unsere-gins\/wolfgangsee-gin\/\" class=\"more-link\">Continue reading &rarr; <span class=\"screen-reader-text\">Wolfgangsee-GIN<\/span><\/a><\/p>\n","protected":false},"author":1,"featured_media":668,"parent":151,"menu_order":0,"comment_status":"closed","ping_status":"closed","template":"","meta":{"ngg_post_thumbnail":0,"footnotes":""},"class_list":["post-71","page","type-page","status-publish","has-post-thumbnail","hentry"],"yoast_head":"<!-- This site is optimized with the Yoast SEO plugin v27.6 - https:\/\/yoast.com\/product\/yoast-seo-wordpress\/ -->\n<title>Wolfgangsee-GIN - SEE-DESTILLERIE\u00ae &amp; Klosterkellerei<\/title>\n<meta name=\"robots\" content=\"index, follow, max-snippet:-1, max-image-preview:large, max-video-preview:-1\" \/>\n<link rel=\"canonical\" href=\"https:\/\/www.see-destillerie.at\/brennerei\/bester-premium-gin-oberoesterreich-salzburg-wolfgangsee-stwolfgangimsalzkammergut-ginmanufaktur\/unsere-gins\/wolfgangsee-gin\/\" \/>\n<meta property=\"og:locale\" content=\"de_DE\" \/>\n<meta property=\"og:type\" content=\"article\" \/>\n<meta property=\"og:title\" content=\"Wolfgangsee-GIN - SEE-DESTILLERIE\u00ae &amp; Klosterkellerei\" \/>\n<meta property=\"og:description\" content=\"Der Feingliedrige Ruhe und Frische in jedem edlen Tropfen. Erfrischend feingliedrig in der Nase \u2013 etwas Zitrus und Himbeere \u2013 dich erwartet ein besonderes Aromenspiel.&hellip; Continue reading &rarr; Wolfgangsee-GIN\" \/>\n<meta property=\"og:url\" content=\"https:\/\/www.see-destillerie.at\/brennerei\/bester-premium-gin-oberoesterreich-salzburg-wolfgangsee-stwolfgangimsalzkammergut-ginmanufaktur\/unsere-gins\/wolfgangsee-gin\/\" \/>\n<meta property=\"og:site_name\" content=\"SEE-DESTILLERIE\u00ae &amp; Klosterkellerei\" \/>\n<meta property=\"article:publisher\" content=\"https:\/\/www.facebook.com\/seedestillerie\" \/>\n<meta property=\"article:modified_time\" content=\"2023-05-01T14:20:12+00:00\" \/>\n<meta property=\"og:image\" content=\"https:\/\/www.see-destillerie.at\/brennerei\/wp-content\/uploads\/2017\/02\/wolfgangsee-gin-premium-gin.jpg\" \/>\n\t<meta property=\"og:image:width\" content=\"1920\" \/>\n\t<meta property=\"og:image:height\" content=\"1000\" \/>\n\t<meta property=\"og:image:type\" content=\"image\/jpeg\" \/>\n<meta name=\"twitter:card\" content=\"summary_large_image\" \/>\n<meta name=\"twitter:label1\" content=\"Gesch\u00e4tzte Lesezeit\" \/>\n\t<meta name=\"twitter:data1\" content=\"2\u00a0Minuten\" \/>\n<script type=\"application\/ld+json\" class=\"yoast-schema-graph\">{\"@context\":\"https:\\\/\\\/schema.org\",\"@graph\":[{\"@type\":\"WebPage\",\"@id\":\"https:\\\/\\\/www.see-destillerie.at\\\/brennerei\\\/bester-premium-gin-oberoesterreich-salzburg-wolfgangsee-stwolfgangimsalzkammergut-ginmanufaktur\\\/unsere-gins\\\/wolfgangsee-gin\\\/\",\"url\":\"https:\\\/\\\/www.see-destillerie.at\\\/brennerei\\\/bester-premium-gin-oberoesterreich-salzburg-wolfgangsee-stwolfgangimsalzkammergut-ginmanufaktur\\\/unsere-gins\\\/wolfgangsee-gin\\\/\",\"name\":\"Wolfgangsee-GIN - SEE-DESTILLERIE\u00ae &amp; Klosterkellerei\",\"isPartOf\":{\"@id\":\"https:\\\/\\\/www.see-destillerie.at\\\/brennerei\\\/#website\"},\"primaryImageOfPage\":{\"@id\":\"https:\\\/\\\/www.see-destillerie.at\\\/brennerei\\\/bester-premium-gin-oberoesterreich-salzburg-wolfgangsee-stwolfgangimsalzkammergut-ginmanufaktur\\\/unsere-gins\\\/wolfgangsee-gin\\\/#primaryimage\"},\"image\":{\"@id\":\"https:\\\/\\\/www.see-destillerie.at\\\/brennerei\\\/bester-premium-gin-oberoesterreich-salzburg-wolfgangsee-stwolfgangimsalzkammergut-ginmanufaktur\\\/unsere-gins\\\/wolfgangsee-gin\\\/#primaryimage\"},\"thumbnailUrl\":\"https:\\\/\\\/www.see-destillerie.at\\\/brennerei\\\/wp-content\\\/uploads\\\/2017\\\/02\\\/wolfgangsee-gin-premium-gin.jpg\",\"datePublished\":\"2017-02-16T06:52:26+00:00\",\"dateModified\":\"2023-05-01T14:20:12+00:00\",\"breadcrumb\":{\"@id\":\"https:\\\/\\\/www.see-destillerie.at\\\/brennerei\\\/bester-premium-gin-oberoesterreich-salzburg-wolfgangsee-stwolfgangimsalzkammergut-ginmanufaktur\\\/unsere-gins\\\/wolfgangsee-gin\\\/#breadcrumb\"},\"inLanguage\":\"de\",\"potentialAction\":[{\"@type\":\"ReadAction\",\"target\":[\"https:\\\/\\\/www.see-destillerie.at\\\/brennerei\\\/bester-premium-gin-oberoesterreich-salzburg-wolfgangsee-stwolfgangimsalzkammergut-ginmanufaktur\\\/unsere-gins\\\/wolfgangsee-gin\\\/\"]}]},{\"@type\":\"ImageObject\",\"inLanguage\":\"de\",\"@id\":\"https:\\\/\\\/www.see-destillerie.at\\\/brennerei\\\/bester-premium-gin-oberoesterreich-salzburg-wolfgangsee-stwolfgangimsalzkammergut-ginmanufaktur\\\/unsere-gins\\\/wolfgangsee-gin\\\/#primaryimage\",\"url\":\"https:\\\/\\\/www.see-destillerie.at\\\/brennerei\\\/wp-content\\\/uploads\\\/2017\\\/02\\\/wolfgangsee-gin-premium-gin.jpg\",\"contentUrl\":\"https:\\\/\\\/www.see-destillerie.at\\\/brennerei\\\/wp-content\\\/uploads\\\/2017\\\/02\\\/wolfgangsee-gin-premium-gin.jpg\",\"width\":1920,\"height\":1000,\"caption\":\"Premium-Wolfgangsee-Gin\"},{\"@type\":\"BreadcrumbList\",\"@id\":\"https:\\\/\\\/www.see-destillerie.at\\\/brennerei\\\/bester-premium-gin-oberoesterreich-salzburg-wolfgangsee-stwolfgangimsalzkammergut-ginmanufaktur\\\/unsere-gins\\\/wolfgangsee-gin\\\/#breadcrumb\",\"itemListElement\":[{\"@type\":\"ListItem\",\"position\":1,\"name\":\"Startseite\",\"item\":\"https:\\\/\\\/www.see-destillerie.at\\\/brennerei\\\/\"},{\"@type\":\"ListItem\",\"position\":2,\"name\":\"Bester Premium GIN Ober\u00f6sterreich\\\/Salzburg vom Wolfgangsee?!\",\"item\":\"https:\\\/\\\/www.see-destillerie.at\\\/brennerei\\\/bester-premium-gin-oberoesterreich-salzburg-wolfgangsee-stwolfgangimsalzkammergut-ginmanufaktur\\\/\"},{\"@type\":\"ListItem\",\"position\":3,\"name\":\"Premium-Gins aus \u00d6sterreich\",\"item\":\"https:\\\/\\\/www.see-destillerie.at\\\/brennerei\\\/bester-premium-gin-oberoesterreich-salzburg-wolfgangsee-stwolfgangimsalzkammergut-ginmanufaktur\\\/unsere-gins\\\/\"},{\"@type\":\"ListItem\",\"position\":4,\"name\":\"Wolfgangsee-GIN\"}]},{\"@type\":\"WebSite\",\"@id\":\"https:\\\/\\\/www.see-destillerie.at\\\/brennerei\\\/#website\",\"url\":\"https:\\\/\\\/www.see-destillerie.at\\\/brennerei\\\/\",\"name\":\"SEE-DESTILLERIE\u00ae &amp; Klosterkellerei\",\"description\":\"GIN, WHISKY, RUM &amp; MORE \u2013 direkt vom Edelbrandsommelier vom Wolfgangsee\",\"publisher\":{\"@id\":\"https:\\\/\\\/www.see-destillerie.at\\\/brennerei\\\/#organization\"},\"potentialAction\":[{\"@type\":\"SearchAction\",\"target\":{\"@type\":\"EntryPoint\",\"urlTemplate\":\"https:\\\/\\\/www.see-destillerie.at\\\/brennerei\\\/?s={search_term_string}\"},\"query-input\":{\"@type\":\"PropertyValueSpecification\",\"valueRequired\":true,\"valueName\":\"search_term_string\"}}],\"inLanguage\":\"de\"},{\"@type\":\"Organization\",\"@id\":\"https:\\\/\\\/www.see-destillerie.at\\\/brennerei\\\/#organization\",\"name\":\"SEE-DESTILLERIE\u00ae &amp; Klosterkellerei\",\"url\":\"https:\\\/\\\/www.see-destillerie.at\\\/brennerei\\\/\",\"logo\":{\"@type\":\"ImageObject\",\"inLanguage\":\"de\",\"@id\":\"https:\\\/\\\/www.see-destillerie.at\\\/brennerei\\\/#\\\/schema\\\/logo\\\/image\\\/\",\"url\":\"https:\\\/\\\/www.see-destillerie.at\\\/brennerei\\\/wp-content\\\/uploads\\\/2017\\\/03\\\/cropped-seedestillerie-st-wolfgang.png\",\"contentUrl\":\"https:\\\/\\\/www.see-destillerie.at\\\/brennerei\\\/wp-content\\\/uploads\\\/2017\\\/03\\\/cropped-seedestillerie-st-wolfgang.png\",\"width\":512,\"height\":512,\"caption\":\"SEE-DESTILLERIE\u00ae &amp; Klosterkellerei\"},\"image\":{\"@id\":\"https:\\\/\\\/www.see-destillerie.at\\\/brennerei\\\/#\\\/schema\\\/logo\\\/image\\\/\"},\"sameAs\":[\"https:\\\/\\\/www.facebook.com\\\/seedestillerie\",\"https:\\\/\\\/www.instagram.com\\\/seedestillerie\\\/\"]}]}<\/script>\n<!-- \/ Yoast SEO plugin. -->","yoast_head_json":{"title":"Wolfgangsee-GIN - SEE-DESTILLERIE\u00ae &amp; Klosterkellerei","robots":{"index":"index","follow":"follow","max-snippet":"max-snippet:-1","max-image-preview":"max-image-preview:large","max-video-preview":"max-video-preview:-1"},"canonical":"https:\/\/www.see-destillerie.at\/brennerei\/bester-premium-gin-oberoesterreich-salzburg-wolfgangsee-stwolfgangimsalzkammergut-ginmanufaktur\/unsere-gins\/wolfgangsee-gin\/","og_locale":"de_DE","og_type":"article","og_title":"Wolfgangsee-GIN - SEE-DESTILLERIE\u00ae &amp; Klosterkellerei","og_description":"Der Feingliedrige Ruhe und Frische in jedem edlen Tropfen. Erfrischend feingliedrig in der Nase \u2013 etwas Zitrus und Himbeere \u2013 dich erwartet ein besonderes Aromenspiel.&hellip; Continue reading &rarr; Wolfgangsee-GIN","og_url":"https:\/\/www.see-destillerie.at\/brennerei\/bester-premium-gin-oberoesterreich-salzburg-wolfgangsee-stwolfgangimsalzkammergut-ginmanufaktur\/unsere-gins\/wolfgangsee-gin\/","og_site_name":"SEE-DESTILLERIE\u00ae &amp; Klosterkellerei","article_publisher":"https:\/\/www.facebook.com\/seedestillerie","article_modified_time":"2023-05-01T14:20:12+00:00","og_image":[{"width":1920,"height":1000,"url":"https:\/\/www.see-destillerie.at\/brennerei\/wp-content\/uploads\/2017\/02\/wolfgangsee-gin-premium-gin.jpg","type":"image\/jpeg"}],"twitter_card":"summary_large_image","twitter_misc":{"Gesch\u00e4tzte Lesezeit":"2\u00a0Minuten"},"schema":{"@context":"https:\/\/schema.org","@graph":[{"@type":"WebPage","@id":"https:\/\/www.see-destillerie.at\/brennerei\/bester-premium-gin-oberoesterreich-salzburg-wolfgangsee-stwolfgangimsalzkammergut-ginmanufaktur\/unsere-gins\/wolfgangsee-gin\/","url":"https:\/\/www.see-destillerie.at\/brennerei\/bester-premium-gin-oberoesterreich-salzburg-wolfgangsee-stwolfgangimsalzkammergut-ginmanufaktur\/unsere-gins\/wolfgangsee-gin\/","name":"Wolfgangsee-GIN - SEE-DESTILLERIE\u00ae &amp; Klosterkellerei","isPartOf":{"@id":"https:\/\/www.see-destillerie.at\/brennerei\/#website"},"primaryImageOfPage":{"@id":"https:\/\/www.see-destillerie.at\/brennerei\/bester-premium-gin-oberoesterreich-salzburg-wolfgangsee-stwolfgangimsalzkammergut-ginmanufaktur\/unsere-gins\/wolfgangsee-gin\/#primaryimage"},"image":{"@id":"https:\/\/www.see-destillerie.at\/brennerei\/bester-premium-gin-oberoesterreich-salzburg-wolfgangsee-stwolfgangimsalzkammergut-ginmanufaktur\/unsere-gins\/wolfgangsee-gin\/#primaryimage"},"thumbnailUrl":"https:\/\/www.see-destillerie.at\/brennerei\/wp-content\/uploads\/2017\/02\/wolfgangsee-gin-premium-gin.jpg","datePublished":"2017-02-16T06:52:26+00:00","dateModified":"2023-05-01T14:20:12+00:00","breadcrumb":{"@id":"https:\/\/www.see-destillerie.at\/brennerei\/bester-premium-gin-oberoesterreich-salzburg-wolfgangsee-stwolfgangimsalzkammergut-ginmanufaktur\/unsere-gins\/wolfgangsee-gin\/#breadcrumb"},"inLanguage":"de","potentialAction":[{"@type":"ReadAction","target":["https:\/\/www.see-destillerie.at\/brennerei\/bester-premium-gin-oberoesterreich-salzburg-wolfgangsee-stwolfgangimsalzkammergut-ginmanufaktur\/unsere-gins\/wolfgangsee-gin\/"]}]},{"@type":"ImageObject","inLanguage":"de","@id":"https:\/\/www.see-destillerie.at\/brennerei\/bester-premium-gin-oberoesterreich-salzburg-wolfgangsee-stwolfgangimsalzkammergut-ginmanufaktur\/unsere-gins\/wolfgangsee-gin\/#primaryimage","url":"https:\/\/www.see-destillerie.at\/brennerei\/wp-content\/uploads\/2017\/02\/wolfgangsee-gin-premium-gin.jpg","contentUrl":"https:\/\/www.see-destillerie.at\/brennerei\/wp-content\/uploads\/2017\/02\/wolfgangsee-gin-premium-gin.jpg","width":1920,"height":1000,"caption":"Premium-Wolfgangsee-Gin"},{"@type":"BreadcrumbList","@id":"https:\/\/www.see-destillerie.at\/brennerei\/bester-premium-gin-oberoesterreich-salzburg-wolfgangsee-stwolfgangimsalzkammergut-ginmanufaktur\/unsere-gins\/wolfgangsee-gin\/#breadcrumb","itemListElement":[{"@type":"ListItem","position":1,"name":"Startseite","item":"https:\/\/www.see-destillerie.at\/brennerei\/"},{"@type":"ListItem","position":2,"name":"Bester Premium GIN Ober\u00f6sterreich\/Salzburg vom Wolfgangsee?!","item":"https:\/\/www.see-destillerie.at\/brennerei\/bester-premium-gin-oberoesterreich-salzburg-wolfgangsee-stwolfgangimsalzkammergut-ginmanufaktur\/"},{"@type":"ListItem","position":3,"name":"Premium-Gins aus \u00d6sterreich","item":"https:\/\/www.see-destillerie.at\/brennerei\/bester-premium-gin-oberoesterreich-salzburg-wolfgangsee-stwolfgangimsalzkammergut-ginmanufaktur\/unsere-gins\/"},{"@type":"ListItem","position":4,"name":"Wolfgangsee-GIN"}]},{"@type":"WebSite","@id":"https:\/\/www.see-destillerie.at\/brennerei\/#website","url":"https:\/\/www.see-destillerie.at\/brennerei\/","name":"SEE-DESTILLERIE\u00ae &amp; Klosterkellerei","description":"GIN, WHISKY, RUM &amp; MORE \u2013 direkt vom Edelbrandsommelier vom Wolfgangsee","publisher":{"@id":"https:\/\/www.see-destillerie.at\/brennerei\/#organization"},"potentialAction":[{"@type":"SearchAction","target":{"@type":"EntryPoint","urlTemplate":"https:\/\/www.see-destillerie.at\/brennerei\/?s={search_term_string}"},"query-input":{"@type":"PropertyValueSpecification","valueRequired":true,"valueName":"search_term_string"}}],"inLanguage":"de"},{"@type":"Organization","@id":"https:\/\/www.see-destillerie.at\/brennerei\/#organization","name":"SEE-DESTILLERIE\u00ae &amp; Klosterkellerei","url":"https:\/\/www.see-destillerie.at\/brennerei\/","logo":{"@type":"ImageObject","inLanguage":"de","@id":"https:\/\/www.see-destillerie.at\/brennerei\/#\/schema\/logo\/image\/","url":"https:\/\/www.see-destillerie.at\/brennerei\/wp-content\/uploads\/2017\/03\/cropped-seedestillerie-st-wolfgang.png","contentUrl":"https:\/\/www.see-destillerie.at\/brennerei\/wp-content\/uploads\/2017\/03\/cropped-seedestillerie-st-wolfgang.png","width":512,"height":512,"caption":"SEE-DESTILLERIE\u00ae &amp; Klosterkellerei"},"image":{"@id":"https:\/\/www.see-destillerie.at\/brennerei\/#\/schema\/logo\/image\/"},"sameAs":["https:\/\/www.facebook.com\/seedestillerie","https:\/\/www.instagram.com\/seedestillerie\/"]}]}},"_links":{"self":[{"href":"https:\/\/www.see-destillerie.at\/brennerei\/wp-json\/wp\/v2\/pages\/71","targetHints":{"allow":["GET"]}}],"collection":[{"href":"https:\/\/www.see-destillerie.at\/brennerei\/wp-json\/wp\/v2\/pages"}],"about":[{"href":"https:\/\/www.see-destillerie.at\/brennerei\/wp-json\/wp\/v2\/types\/page"}],"author":[{"embeddable":true,"href":"https:\/\/www.see-destillerie.at\/brennerei\/wp-json\/wp\/v2\/users\/1"}],"replies":[{"embeddable":true,"href":"https:\/\/www.see-destillerie.at\/brennerei\/wp-json\/wp\/v2\/comments?post=71"}],"version-history":[{"count":66,"href":"https:\/\/www.see-destillerie.at\/brennerei\/wp-json\/wp\/v2\/pages\/71\/revisions"}],"predecessor-version":[{"id":2669,"href":"https:\/\/www.see-destillerie.at\/brennerei\/wp-json\/wp\/v2\/pages\/71\/revisions\/2669"}],"up":[{"embeddable":true,"href":"https:\/\/www.see-destillerie.at\/brennerei\/wp-json\/wp\/v2\/pages\/151"}],"wp:featuredmedia":[{"embeddable":true,"href":"https:\/\/www.see-destillerie.at\/brennerei\/wp-json\/wp\/v2\/media\/668"}],"wp:attachment":[{"href":"https:\/\/www.see-destillerie.at\/brennerei\/wp-json\/wp\/v2\/media?parent=71"}],"curies":[{"name":"wp","href":"https:\/\/api.w.org\/{rel}","templated":true}]}}