{"id":887,"date":"2017-08-28T15:55:21","date_gmt":"2017-08-28T15:55:21","guid":{"rendered":"http:\/\/www.see-destillerie.at\/brennerei\/?page_id=887"},"modified":"2024-07-16T13:33:08","modified_gmt":"2024-07-16T13:33:08","slug":"gletscher-gin-der-herausforderer-vom-dachstein","status":"publish","type":"page","link":"https:\/\/www.see-destillerie.at\/brennerei\/bester-premium-gin-oberoesterreich-salzburg-wolfgangsee-stwolfgangimsalzkammergut-ginmanufaktur\/unsere-gins\/gletscher-gin-der-herausforderer-vom-dachstein\/","title":{"rendered":"Gletscher-GIN"},"content":{"rendered":"<h1 style=\"text-align: center;\">Gletscher-GIN,<br \/>\nder Herausforderer vom Dachstein<\/h1>\n<p style=\"text-align: center;\">Extra dry \u2013 Wacholder pur: Gletscher-GIN &#8211; der Herausforderer vom Dachstein<br \/>\nGeheime exotische und kraftvolle Botanicals aus dem rauen Gletschergebiet des Dachsteinmassivs, vereint mit dem energiereichen Wasser aus den sprudelnden Salzkammergut-Quellen, ergeben diesen Premium-GIN aus der SEE-DESTILLERIE\u00ae mit einzigartig markantem Geschmack, der das Urvertrauen in dir weckt.<\/p>\n<h3 style=\"text-align: center;\"><strong>\u201eGold\u201c f\u00fcr unseren \u201eGletscher-GIN\u201c beim internationalen WORLD-SPIRITS AWARD.<br \/>\nDie Jury beschreibt unseren Premium-GIN so:<\/strong><\/h3>\n<p style=\"text-align: center;\"><em><strong>DUFT:<\/strong><\/em> <em>Sehr typisch und frisch, deutliche Wacholderbasis mit floralen und vielen fruchtigen Komponenten, Lavendel, Orange, Grapefruit, gr\u00fcner Apfel, gr\u00fcn-kr\u00e4uteriger Hintergrund, Mentholk\u00fchle, Brennnessel, K\u00fcmmel, Wermut, Kardamom.<\/em><br \/>\n<em><strong>GESCHMACK:<\/strong><\/em> <em>Deutliche Wacholderbasis, frische Schalenaromen, viel Zitrus, leicht erdig-wurzelig, Ingwer, Engelwurz, Anis, Zimt, Malz, Minze, Eukalyptus, gute Balance, kompakter K\u00f6rper, anhaltende L\u00e4nge.<\/em><\/p>\n<h6 style=\"text-align: center;\"><img loading=\"lazy\" decoding=\"async\" class=\"aligncenter wp-image-1135 size-large\" src=\"https:\/\/www.see-destillerie.at\/brennerei\/wp-content\/uploads\/2018\/03\/gletscher-gin-premium-gin-mit-goldmedaille-1024x1024.jpg\" alt=\"Gletscher-GIN - Dachstein\/Salzkammergut\" width=\"760\" height=\"760\" srcset=\"https:\/\/www.see-destillerie.at\/brennerei\/wp-content\/uploads\/2018\/03\/gletscher-gin-premium-gin-mit-goldmedaille-1024x1024.jpg 1024w, https:\/\/www.see-destillerie.at\/brennerei\/wp-content\/uploads\/2018\/03\/gletscher-gin-premium-gin-mit-goldmedaille-150x150.jpg 150w, https:\/\/www.see-destillerie.at\/brennerei\/wp-content\/uploads\/2018\/03\/gletscher-gin-premium-gin-mit-goldmedaille-300x300.jpg 300w, https:\/\/www.see-destillerie.at\/brennerei\/wp-content\/uploads\/2018\/03\/gletscher-gin-premium-gin-mit-goldmedaille-768x768.jpg 768w, https:\/\/www.see-destillerie.at\/brennerei\/wp-content\/uploads\/2018\/03\/gletscher-gin-premium-gin-mit-goldmedaille-760x760.jpg 760w, https:\/\/www.see-destillerie.at\/brennerei\/wp-content\/uploads\/2018\/03\/gletscher-gin-premium-gin-mit-goldmedaille-348x348.jpg 348w, https:\/\/www.see-destillerie.at\/brennerei\/wp-content\/uploads\/2018\/03\/gletscher-gin-premium-gin-mit-goldmedaille.jpg 1200w\" sizes=\"auto, (max-width: 760px) 100vw, 760px\" \/><br \/>\n<img loading=\"lazy\" decoding=\"async\" class=\"alignnone size-full wp-image-1109\" src=\"https:\/\/www.see-destillerie.at\/brennerei\/wp-content\/uploads\/2018\/03\/wacholderintensitaet7.gif\" alt=\"Wacholderintensit\u00e4t 7\" width=\"410\" height=\"55\"><\/h6>\n<h6 style=\"text-align: center;\">\u201eGletscher-Gin\u201c .&nbsp;Dachstein-Gletschergebiet<br \/>\nder Herausforderer<br \/>\nFinest Handcrafted Salzkammergut GIN . 16 Botanicals . SMALL BATCH<br \/>\nAlkoholgehalt: 45,0 % vol<br \/>\nErh\u00e4ltlich in den Mengen: 200 ml, 500 ml, 700 ml<\/h6>\n<p style=\"text-align: center;\"><wbr><br \/>\n<img loading=\"lazy\" decoding=\"async\" class=\"alignnone size-full wp-image-464\" src=\"https:\/\/www.see-destillerie.at\/brennerei\/wp-content\/uploads\/2017\/02\/der-gin-profi-geniesst-ihn-pur.png\" alt=\"\" width=\"585\" height=\"66\" srcset=\"https:\/\/www.see-destillerie.at\/brennerei\/wp-content\/uploads\/2017\/02\/der-gin-profi-geniesst-ihn-pur.png 585w, https:\/\/www.see-destillerie.at\/brennerei\/wp-content\/uploads\/2017\/02\/der-gin-profi-geniesst-ihn-pur-300x34.png 300w, https:\/\/www.see-destillerie.at\/brennerei\/wp-content\/uploads\/2017\/02\/der-gin-profi-geniesst-ihn-pur-348x39.png 348w\" sizes=\"auto, (max-width: 585px) 100vw, 585px\" \/><\/p>\n<h3 style=\"text-align: center;\">Ob pur getrunken oder als hochkar\u00e4tige Zutat in Cocktails \u2013 werde zum GIN-Liebhaber!<\/h3>\n<p style=\"text-align: center;\">Rezepte f\u00fcr Cocktails und Drinks findest du <a href=\"https:\/\/www.see-destillerie.at\/brennerei\/rezepte\/\">HIER.<\/a><\/p>\n<p style=\"text-align: center;\">Du hast noch keinen GIN vom Dachstein daheim?<br \/>\n\u201eGletscher-GIN\u201c erh\u00e4ltst du in unserem Shop, der <a href=\"https:\/\/www.see-destillerie.at\/st-wolfganger-klosterkellerei\/\" target=\"_blank\" rel=\"noopener noreferrer\">ST. WOLFGANGER KLOSTERKELLEREI.<\/a><\/p>\n<p style=\"text-align: center;\"><a href=\"https:\/\/www.see-destillerie.at\/brennerei\/produktliste\/\" rel=\"noopener noreferrer\">ZU UNSERER GESAMTEN PRODUKTLISTE GEHT\u00b4S HIER LANG!<\/a><\/p>\n<p style=\"text-align: center;\">Auszeichnung von World-Spirits: <a href=\"https:\/\/www.see-destillerie.at\/brennerei\/wp-content\/uploads\/2019\/07\/gletscher-GIN_worldspirits-gold-2018.pdf\" target=\"_blank\" rel=\"noopener noreferrer\">DIPLOM ANSEHEN<\/a><\/p>\n<p style=\"text-align: center;\">Foto Dachstein im Banner oben:<br \/>\n\u00a9 Ferienregion Dachstein Salzkammergut \/ Viorel Munteanu<\/p>\n","protected":false},"excerpt":{"rendered":"<p>Gletscher-GIN, der Herausforderer vom Dachstein Extra dry \u2013 Wacholder pur: Gletscher-GIN &#8211; der Herausforderer vom Dachstein Geheime exotische und kraftvolle Botanicals aus dem rauen Gletschergebiet&hellip; <\/p>\n<p><a href=\"https:\/\/www.see-destillerie.at\/brennerei\/bester-premium-gin-oberoesterreich-salzburg-wolfgangsee-stwolfgangimsalzkammergut-ginmanufaktur\/unsere-gins\/gletscher-gin-der-herausforderer-vom-dachstein\/\" class=\"more-link\">Continue reading &rarr; <span class=\"screen-reader-text\">Gletscher-GIN<\/span><\/a><\/p>\n","protected":false},"author":1,"featured_media":945,"parent":151,"menu_order":0,"comment_status":"closed","ping_status":"closed","template":"","meta":{"ngg_post_thumbnail":0,"footnotes":""},"class_list":["post-887","page","type-page","status-publish","has-post-thumbnail","hentry"],"yoast_head":"<!-- This site is optimized with the Yoast SEO plugin v27.6 - https:\/\/yoast.com\/product\/yoast-seo-wordpress\/ -->\n<title>Gletscher-GIN - der Herausforderer vom Dachstein - SEE-DESTILLERIE\u00ae &amp; Klosterkellerei<\/title>\n<meta name=\"description\" content=\"Gletscher-GIN aus der SEE-DESTILLERIE\u00ae vom Wolfgangsee im Salzkammergut - der Herausforderer vom Dachstein\" \/>\n<meta name=\"robots\" content=\"index, follow, max-snippet:-1, max-image-preview:large, max-video-preview:-1\" \/>\n<link rel=\"canonical\" href=\"https:\/\/www.see-destillerie.at\/brennerei\/bester-premium-gin-oberoesterreich-salzburg-wolfgangsee-stwolfgangimsalzkammergut-ginmanufaktur\/unsere-gins\/gletscher-gin-der-herausforderer-vom-dachstein\/\" \/>\n<meta property=\"og:locale\" content=\"de_DE\" \/>\n<meta property=\"og:type\" content=\"article\" \/>\n<meta property=\"og:title\" content=\"Gletscher-GIN - der Herausforderer vom Dachstein - SEE-DESTILLERIE\u00ae &amp; Klosterkellerei\" \/>\n<meta property=\"og:description\" content=\"Gletscher-GIN aus der SEE-DESTILLERIE\u00ae vom Wolfgangsee im Salzkammergut - der Herausforderer vom Dachstein\" \/>\n<meta property=\"og:url\" content=\"https:\/\/www.see-destillerie.at\/brennerei\/bester-premium-gin-oberoesterreich-salzburg-wolfgangsee-stwolfgangimsalzkammergut-ginmanufaktur\/unsere-gins\/gletscher-gin-der-herausforderer-vom-dachstein\/\" \/>\n<meta property=\"og:site_name\" content=\"SEE-DESTILLERIE\u00ae &amp; Klosterkellerei\" \/>\n<meta property=\"article:publisher\" content=\"https:\/\/www.facebook.com\/seedestillerie\" \/>\n<meta property=\"article:modified_time\" content=\"2024-07-16T13:33:08+00:00\" \/>\n<meta property=\"og:image\" content=\"https:\/\/www.see-destillerie.at\/brennerei\/wp-content\/uploads\/2017\/08\/gletschergin-premium-gin.jpg\" \/>\n\t<meta property=\"og:image:width\" content=\"1920\" \/>\n\t<meta property=\"og:image:height\" content=\"1000\" \/>\n\t<meta property=\"og:image:type\" content=\"image\/jpeg\" \/>\n<meta name=\"twitter:card\" content=\"summary_large_image\" \/>\n<meta name=\"twitter:label1\" content=\"Gesch\u00e4tzte Lesezeit\" \/>\n\t<meta name=\"twitter:data1\" content=\"2\u00a0Minuten\" \/>\n<script type=\"application\/ld+json\" class=\"yoast-schema-graph\">{\"@context\":\"https:\\\/\\\/schema.org\",\"@graph\":[{\"@type\":\"WebPage\",\"@id\":\"https:\\\/\\\/www.see-destillerie.at\\\/brennerei\\\/bester-premium-gin-oberoesterreich-salzburg-wolfgangsee-stwolfgangimsalzkammergut-ginmanufaktur\\\/unsere-gins\\\/gletscher-gin-der-herausforderer-vom-dachstein\\\/\",\"url\":\"https:\\\/\\\/www.see-destillerie.at\\\/brennerei\\\/bester-premium-gin-oberoesterreich-salzburg-wolfgangsee-stwolfgangimsalzkammergut-ginmanufaktur\\\/unsere-gins\\\/gletscher-gin-der-herausforderer-vom-dachstein\\\/\",\"name\":\"Gletscher-GIN - der Herausforderer vom Dachstein - SEE-DESTILLERIE\u00ae &amp; Klosterkellerei\",\"isPartOf\":{\"@id\":\"https:\\\/\\\/www.see-destillerie.at\\\/brennerei\\\/#website\"},\"primaryImageOfPage\":{\"@id\":\"https:\\\/\\\/www.see-destillerie.at\\\/brennerei\\\/bester-premium-gin-oberoesterreich-salzburg-wolfgangsee-stwolfgangimsalzkammergut-ginmanufaktur\\\/unsere-gins\\\/gletscher-gin-der-herausforderer-vom-dachstein\\\/#primaryimage\"},\"image\":{\"@id\":\"https:\\\/\\\/www.see-destillerie.at\\\/brennerei\\\/bester-premium-gin-oberoesterreich-salzburg-wolfgangsee-stwolfgangimsalzkammergut-ginmanufaktur\\\/unsere-gins\\\/gletscher-gin-der-herausforderer-vom-dachstein\\\/#primaryimage\"},\"thumbnailUrl\":\"https:\\\/\\\/www.see-destillerie.at\\\/brennerei\\\/wp-content\\\/uploads\\\/2017\\\/08\\\/gletschergin-premium-gin.jpg\",\"datePublished\":\"2017-08-28T15:55:21+00:00\",\"dateModified\":\"2024-07-16T13:33:08+00:00\",\"description\":\"Gletscher-GIN aus der SEE-DESTILLERIE\u00ae vom Wolfgangsee im Salzkammergut - der Herausforderer vom Dachstein\",\"breadcrumb\":{\"@id\":\"https:\\\/\\\/www.see-destillerie.at\\\/brennerei\\\/bester-premium-gin-oberoesterreich-salzburg-wolfgangsee-stwolfgangimsalzkammergut-ginmanufaktur\\\/unsere-gins\\\/gletscher-gin-der-herausforderer-vom-dachstein\\\/#breadcrumb\"},\"inLanguage\":\"de\",\"potentialAction\":[{\"@type\":\"ReadAction\",\"target\":[\"https:\\\/\\\/www.see-destillerie.at\\\/brennerei\\\/bester-premium-gin-oberoesterreich-salzburg-wolfgangsee-stwolfgangimsalzkammergut-ginmanufaktur\\\/unsere-gins\\\/gletscher-gin-der-herausforderer-vom-dachstein\\\/\"]}]},{\"@type\":\"ImageObject\",\"inLanguage\":\"de\",\"@id\":\"https:\\\/\\\/www.see-destillerie.at\\\/brennerei\\\/bester-premium-gin-oberoesterreich-salzburg-wolfgangsee-stwolfgangimsalzkammergut-ginmanufaktur\\\/unsere-gins\\\/gletscher-gin-der-herausforderer-vom-dachstein\\\/#primaryimage\",\"url\":\"https:\\\/\\\/www.see-destillerie.at\\\/brennerei\\\/wp-content\\\/uploads\\\/2017\\\/08\\\/gletschergin-premium-gin.jpg\",\"contentUrl\":\"https:\\\/\\\/www.see-destillerie.at\\\/brennerei\\\/wp-content\\\/uploads\\\/2017\\\/08\\\/gletschergin-premium-gin.jpg\",\"width\":1920,\"height\":1000,\"caption\":\"Premium-Gletscher-Gin\"},{\"@type\":\"BreadcrumbList\",\"@id\":\"https:\\\/\\\/www.see-destillerie.at\\\/brennerei\\\/bester-premium-gin-oberoesterreich-salzburg-wolfgangsee-stwolfgangimsalzkammergut-ginmanufaktur\\\/unsere-gins\\\/gletscher-gin-der-herausforderer-vom-dachstein\\\/#breadcrumb\",\"itemListElement\":[{\"@type\":\"ListItem\",\"position\":1,\"name\":\"Startseite\",\"item\":\"https:\\\/\\\/www.see-destillerie.at\\\/brennerei\\\/\"},{\"@type\":\"ListItem\",\"position\":2,\"name\":\"Bester Premium GIN Ober\u00f6sterreich\\\/Salzburg vom Wolfgangsee?!\",\"item\":\"https:\\\/\\\/www.see-destillerie.at\\\/brennerei\\\/bester-premium-gin-oberoesterreich-salzburg-wolfgangsee-stwolfgangimsalzkammergut-ginmanufaktur\\\/\"},{\"@type\":\"ListItem\",\"position\":3,\"name\":\"Premium-Gins aus \u00d6sterreich\",\"item\":\"https:\\\/\\\/www.see-destillerie.at\\\/brennerei\\\/bester-premium-gin-oberoesterreich-salzburg-wolfgangsee-stwolfgangimsalzkammergut-ginmanufaktur\\\/unsere-gins\\\/\"},{\"@type\":\"ListItem\",\"position\":4,\"name\":\"Gletscher-GIN\"}]},{\"@type\":\"WebSite\",\"@id\":\"https:\\\/\\\/www.see-destillerie.at\\\/brennerei\\\/#website\",\"url\":\"https:\\\/\\\/www.see-destillerie.at\\\/brennerei\\\/\",\"name\":\"SEE-DESTILLERIE\u00ae &amp; Klosterkellerei\",\"description\":\"GIN, WHISKY, RUM &amp; MORE \u2013 direkt vom Edelbrandsommelier vom Wolfgangsee\",\"publisher\":{\"@id\":\"https:\\\/\\\/www.see-destillerie.at\\\/brennerei\\\/#organization\"},\"potentialAction\":[{\"@type\":\"SearchAction\",\"target\":{\"@type\":\"EntryPoint\",\"urlTemplate\":\"https:\\\/\\\/www.see-destillerie.at\\\/brennerei\\\/?s={search_term_string}\"},\"query-input\":{\"@type\":\"PropertyValueSpecification\",\"valueRequired\":true,\"valueName\":\"search_term_string\"}}],\"inLanguage\":\"de\"},{\"@type\":\"Organization\",\"@id\":\"https:\\\/\\\/www.see-destillerie.at\\\/brennerei\\\/#organization\",\"name\":\"SEE-DESTILLERIE\u00ae &amp; Klosterkellerei\",\"url\":\"https:\\\/\\\/www.see-destillerie.at\\\/brennerei\\\/\",\"logo\":{\"@type\":\"ImageObject\",\"inLanguage\":\"de\",\"@id\":\"https:\\\/\\\/www.see-destillerie.at\\\/brennerei\\\/#\\\/schema\\\/logo\\\/image\\\/\",\"url\":\"https:\\\/\\\/www.see-destillerie.at\\\/brennerei\\\/wp-content\\\/uploads\\\/2017\\\/03\\\/cropped-seedestillerie-st-wolfgang.png\",\"contentUrl\":\"https:\\\/\\\/www.see-destillerie.at\\\/brennerei\\\/wp-content\\\/uploads\\\/2017\\\/03\\\/cropped-seedestillerie-st-wolfgang.png\",\"width\":512,\"height\":512,\"caption\":\"SEE-DESTILLERIE\u00ae &amp; Klosterkellerei\"},\"image\":{\"@id\":\"https:\\\/\\\/www.see-destillerie.at\\\/brennerei\\\/#\\\/schema\\\/logo\\\/image\\\/\"},\"sameAs\":[\"https:\\\/\\\/www.facebook.com\\\/seedestillerie\",\"https:\\\/\\\/www.instagram.com\\\/seedestillerie\\\/\"]}]}<\/script>\n<!-- \/ Yoast SEO plugin. -->","yoast_head_json":{"title":"Gletscher-GIN - der Herausforderer vom Dachstein - SEE-DESTILLERIE\u00ae &amp; Klosterkellerei","description":"Gletscher-GIN aus der SEE-DESTILLERIE\u00ae vom Wolfgangsee im Salzkammergut - der Herausforderer vom Dachstein","robots":{"index":"index","follow":"follow","max-snippet":"max-snippet:-1","max-image-preview":"max-image-preview:large","max-video-preview":"max-video-preview:-1"},"canonical":"https:\/\/www.see-destillerie.at\/brennerei\/bester-premium-gin-oberoesterreich-salzburg-wolfgangsee-stwolfgangimsalzkammergut-ginmanufaktur\/unsere-gins\/gletscher-gin-der-herausforderer-vom-dachstein\/","og_locale":"de_DE","og_type":"article","og_title":"Gletscher-GIN - der Herausforderer vom Dachstein - SEE-DESTILLERIE\u00ae &amp; Klosterkellerei","og_description":"Gletscher-GIN aus der SEE-DESTILLERIE\u00ae vom Wolfgangsee im Salzkammergut - der Herausforderer vom Dachstein","og_url":"https:\/\/www.see-destillerie.at\/brennerei\/bester-premium-gin-oberoesterreich-salzburg-wolfgangsee-stwolfgangimsalzkammergut-ginmanufaktur\/unsere-gins\/gletscher-gin-der-herausforderer-vom-dachstein\/","og_site_name":"SEE-DESTILLERIE\u00ae &amp; Klosterkellerei","article_publisher":"https:\/\/www.facebook.com\/seedestillerie","article_modified_time":"2024-07-16T13:33:08+00:00","og_image":[{"width":1920,"height":1000,"url":"https:\/\/www.see-destillerie.at\/brennerei\/wp-content\/uploads\/2017\/08\/gletschergin-premium-gin.jpg","type":"image\/jpeg"}],"twitter_card":"summary_large_image","twitter_misc":{"Gesch\u00e4tzte Lesezeit":"2\u00a0Minuten"},"schema":{"@context":"https:\/\/schema.org","@graph":[{"@type":"WebPage","@id":"https:\/\/www.see-destillerie.at\/brennerei\/bester-premium-gin-oberoesterreich-salzburg-wolfgangsee-stwolfgangimsalzkammergut-ginmanufaktur\/unsere-gins\/gletscher-gin-der-herausforderer-vom-dachstein\/","url":"https:\/\/www.see-destillerie.at\/brennerei\/bester-premium-gin-oberoesterreich-salzburg-wolfgangsee-stwolfgangimsalzkammergut-ginmanufaktur\/unsere-gins\/gletscher-gin-der-herausforderer-vom-dachstein\/","name":"Gletscher-GIN - der Herausforderer vom Dachstein - SEE-DESTILLERIE\u00ae &amp; Klosterkellerei","isPartOf":{"@id":"https:\/\/www.see-destillerie.at\/brennerei\/#website"},"primaryImageOfPage":{"@id":"https:\/\/www.see-destillerie.at\/brennerei\/bester-premium-gin-oberoesterreich-salzburg-wolfgangsee-stwolfgangimsalzkammergut-ginmanufaktur\/unsere-gins\/gletscher-gin-der-herausforderer-vom-dachstein\/#primaryimage"},"image":{"@id":"https:\/\/www.see-destillerie.at\/brennerei\/bester-premium-gin-oberoesterreich-salzburg-wolfgangsee-stwolfgangimsalzkammergut-ginmanufaktur\/unsere-gins\/gletscher-gin-der-herausforderer-vom-dachstein\/#primaryimage"},"thumbnailUrl":"https:\/\/www.see-destillerie.at\/brennerei\/wp-content\/uploads\/2017\/08\/gletschergin-premium-gin.jpg","datePublished":"2017-08-28T15:55:21+00:00","dateModified":"2024-07-16T13:33:08+00:00","description":"Gletscher-GIN aus der SEE-DESTILLERIE\u00ae vom Wolfgangsee im Salzkammergut - der Herausforderer vom Dachstein","breadcrumb":{"@id":"https:\/\/www.see-destillerie.at\/brennerei\/bester-premium-gin-oberoesterreich-salzburg-wolfgangsee-stwolfgangimsalzkammergut-ginmanufaktur\/unsere-gins\/gletscher-gin-der-herausforderer-vom-dachstein\/#breadcrumb"},"inLanguage":"de","potentialAction":[{"@type":"ReadAction","target":["https:\/\/www.see-destillerie.at\/brennerei\/bester-premium-gin-oberoesterreich-salzburg-wolfgangsee-stwolfgangimsalzkammergut-ginmanufaktur\/unsere-gins\/gletscher-gin-der-herausforderer-vom-dachstein\/"]}]},{"@type":"ImageObject","inLanguage":"de","@id":"https:\/\/www.see-destillerie.at\/brennerei\/bester-premium-gin-oberoesterreich-salzburg-wolfgangsee-stwolfgangimsalzkammergut-ginmanufaktur\/unsere-gins\/gletscher-gin-der-herausforderer-vom-dachstein\/#primaryimage","url":"https:\/\/www.see-destillerie.at\/brennerei\/wp-content\/uploads\/2017\/08\/gletschergin-premium-gin.jpg","contentUrl":"https:\/\/www.see-destillerie.at\/brennerei\/wp-content\/uploads\/2017\/08\/gletschergin-premium-gin.jpg","width":1920,"height":1000,"caption":"Premium-Gletscher-Gin"},{"@type":"BreadcrumbList","@id":"https:\/\/www.see-destillerie.at\/brennerei\/bester-premium-gin-oberoesterreich-salzburg-wolfgangsee-stwolfgangimsalzkammergut-ginmanufaktur\/unsere-gins\/gletscher-gin-der-herausforderer-vom-dachstein\/#breadcrumb","itemListElement":[{"@type":"ListItem","position":1,"name":"Startseite","item":"https:\/\/www.see-destillerie.at\/brennerei\/"},{"@type":"ListItem","position":2,"name":"Bester Premium GIN Ober\u00f6sterreich\/Salzburg vom Wolfgangsee?!","item":"https:\/\/www.see-destillerie.at\/brennerei\/bester-premium-gin-oberoesterreich-salzburg-wolfgangsee-stwolfgangimsalzkammergut-ginmanufaktur\/"},{"@type":"ListItem","position":3,"name":"Premium-Gins aus \u00d6sterreich","item":"https:\/\/www.see-destillerie.at\/brennerei\/bester-premium-gin-oberoesterreich-salzburg-wolfgangsee-stwolfgangimsalzkammergut-ginmanufaktur\/unsere-gins\/"},{"@type":"ListItem","position":4,"name":"Gletscher-GIN"}]},{"@type":"WebSite","@id":"https:\/\/www.see-destillerie.at\/brennerei\/#website","url":"https:\/\/www.see-destillerie.at\/brennerei\/","name":"SEE-DESTILLERIE\u00ae &amp; Klosterkellerei","description":"GIN, WHISKY, RUM &amp; MORE \u2013 direkt vom Edelbrandsommelier vom Wolfgangsee","publisher":{"@id":"https:\/\/www.see-destillerie.at\/brennerei\/#organization"},"potentialAction":[{"@type":"SearchAction","target":{"@type":"EntryPoint","urlTemplate":"https:\/\/www.see-destillerie.at\/brennerei\/?s={search_term_string}"},"query-input":{"@type":"PropertyValueSpecification","valueRequired":true,"valueName":"search_term_string"}}],"inLanguage":"de"},{"@type":"Organization","@id":"https:\/\/www.see-destillerie.at\/brennerei\/#organization","name":"SEE-DESTILLERIE\u00ae &amp; Klosterkellerei","url":"https:\/\/www.see-destillerie.at\/brennerei\/","logo":{"@type":"ImageObject","inLanguage":"de","@id":"https:\/\/www.see-destillerie.at\/brennerei\/#\/schema\/logo\/image\/","url":"https:\/\/www.see-destillerie.at\/brennerei\/wp-content\/uploads\/2017\/03\/cropped-seedestillerie-st-wolfgang.png","contentUrl":"https:\/\/www.see-destillerie.at\/brennerei\/wp-content\/uploads\/2017\/03\/cropped-seedestillerie-st-wolfgang.png","width":512,"height":512,"caption":"SEE-DESTILLERIE\u00ae &amp; Klosterkellerei"},"image":{"@id":"https:\/\/www.see-destillerie.at\/brennerei\/#\/schema\/logo\/image\/"},"sameAs":["https:\/\/www.facebook.com\/seedestillerie","https:\/\/www.instagram.com\/seedestillerie\/"]}]}},"_links":{"self":[{"href":"https:\/\/www.see-destillerie.at\/brennerei\/wp-json\/wp\/v2\/pages\/887","targetHints":{"allow":["GET"]}}],"collection":[{"href":"https:\/\/www.see-destillerie.at\/brennerei\/wp-json\/wp\/v2\/pages"}],"about":[{"href":"https:\/\/www.see-destillerie.at\/brennerei\/wp-json\/wp\/v2\/types\/page"}],"author":[{"embeddable":true,"href":"https:\/\/www.see-destillerie.at\/brennerei\/wp-json\/wp\/v2\/users\/1"}],"replies":[{"embeddable":true,"href":"https:\/\/www.see-destillerie.at\/brennerei\/wp-json\/wp\/v2\/comments?post=887"}],"version-history":[{"count":33,"href":"https:\/\/www.see-destillerie.at\/brennerei\/wp-json\/wp\/v2\/pages\/887\/revisions"}],"predecessor-version":[{"id":2834,"href":"https:\/\/www.see-destillerie.at\/brennerei\/wp-json\/wp\/v2\/pages\/887\/revisions\/2834"}],"up":[{"embeddable":true,"href":"https:\/\/www.see-destillerie.at\/brennerei\/wp-json\/wp\/v2\/pages\/151"}],"wp:featuredmedia":[{"embeddable":true,"href":"https:\/\/www.see-destillerie.at\/brennerei\/wp-json\/wp\/v2\/media\/945"}],"wp:attachment":[{"href":"https:\/\/www.see-destillerie.at\/brennerei\/wp-json\/wp\/v2\/media?parent=887"}],"curies":[{"name":"wp","href":"https:\/\/api.w.org\/{rel}","templated":true}]}}