{"id":927,"date":"2017-11-22T04:59:02","date_gmt":"2017-11-22T04:59:02","guid":{"rendered":"http:\/\/www.see-destillerie.at\/brennerei\/?page_id=927"},"modified":"2024-07-16T13:42:06","modified_gmt":"2024-07-16T13:42:06","slug":"fuerst-erzbischof-gin-fuschlsee","status":"publish","type":"page","link":"https:\/\/www.see-destillerie.at\/brennerei\/bester-premium-gin-oberoesterreich-salzburg-wolfgangsee-stwolfgangimsalzkammergut-ginmanufaktur\/unsere-gins\/fuerst-erzbischof-gin-fuschlsee\/","title":{"rendered":"F\u00fcrst-Erzbischof-GIN"},"content":{"rendered":"<h1 style=\"text-align: center;\">Der Genie\u00dfer-GIN f\u00fcr den Fuschlsee<\/h1>\n<p style=\"text-align: center;\">Stark wacholdriger Hofk\u00fcchensee-GIN mit feinsten Wild- und Fischbeizegew\u00fcrzen der umliegenden Almen rund um den Fuschlsee \u2013 ein besonders edler Tropfen f\u00fcr Genie\u00dfer. Schon die Erzbisch\u00f6fe h\u00e4tten diesen Premium-GIN geliebt.<\/p>\n<h3 style=\"text-align: center;\"><strong>\u201eGold\u201c f\u00fcr unseren \u201eF\u00fcrst-Erzbischof-GIN\u201c beim internationalen WORLD-SPIRITS AWARD.<br \/>\nDie Jury beschreibt unseren Premium-GIN so:<\/strong><\/h3>\n<p style=\"text-align: center;\"><em><strong>DUFT:<\/strong> Eine fruchtige Kombination, viel fruchtig-beerig-frische Aromen mit<br \/>\nzartem Wacholder-Hintergrund, dezenter Wacholder, schwarze Johannisbeeren, Orangenschalen, leicht gr\u00fcn-minzige Basis, Rosmarin, Zimt, Kardamom, Koriander, leicht hefig, Vanille, Schokolade, viel Lavendel, Liebst\u00f6ckel-Touch.<br \/>\n<strong>GESCHMACK:<\/strong> Sehr aromatisch, etwas harzige Wacholder-T\u00f6ne am Gaumen, Lavendel, Zitrus, Orangen, Zitronengras, Holunder, Karamell, hefig-malzig, bierig-hopfig, Ingwer, Pfefferminzk\u00fchle, recht dicht und harmonisch, feines finales Bitterl.<\/em><\/p>\n<p style=\"text-align: center;\"><img loading=\"lazy\" decoding=\"async\" class=\"aligncenter wp-image-1415 size-large\" src=\"https:\/\/www.see-destillerie.at\/brennerei\/wp-content\/uploads\/2019\/06\/fuerst-erzbischof-gin_mit-medaille-1024x1024.jpg\" alt=\"F\u00fcrst-Erzbischof-GIN - der Genie\u00dfer-GIN f\u00fcr den Fuschlsee\" width=\"760\" height=\"760\" srcset=\"https:\/\/www.see-destillerie.at\/brennerei\/wp-content\/uploads\/2019\/06\/fuerst-erzbischof-gin_mit-medaille-1024x1024.jpg 1024w, https:\/\/www.see-destillerie.at\/brennerei\/wp-content\/uploads\/2019\/06\/fuerst-erzbischof-gin_mit-medaille-150x150.jpg 150w, https:\/\/www.see-destillerie.at\/brennerei\/wp-content\/uploads\/2019\/06\/fuerst-erzbischof-gin_mit-medaille-300x300.jpg 300w, https:\/\/www.see-destillerie.at\/brennerei\/wp-content\/uploads\/2019\/06\/fuerst-erzbischof-gin_mit-medaille-768x768.jpg 768w, https:\/\/www.see-destillerie.at\/brennerei\/wp-content\/uploads\/2019\/06\/fuerst-erzbischof-gin_mit-medaille-760x760.jpg 760w, https:\/\/www.see-destillerie.at\/brennerei\/wp-content\/uploads\/2019\/06\/fuerst-erzbischof-gin_mit-medaille-348x348.jpg 348w, https:\/\/www.see-destillerie.at\/brennerei\/wp-content\/uploads\/2019\/06\/fuerst-erzbischof-gin_mit-medaille.jpg 1200w\" sizes=\"auto, (max-width: 760px) 100vw, 760px\" \/><\/p>\n<p><img loading=\"lazy\" decoding=\"async\" class=\"size-full wp-image-1114 aligncenter\" src=\"https:\/\/www.see-destillerie.at\/brennerei\/wp-content\/uploads\/2018\/03\/wacholderintensitaet4.gif\" alt=\"Wacholderintensit\u00e4t 4\" width=\"410\" height=\"55\"><\/p>\n<h6 style=\"text-align: center;\">\u201eF\u00fcrst-Erzbischof-Gin\u201c . Fuschlsee<br \/>\nf\u00fcr Genie\u00dfer<br \/>\nFinest Handcrafted Salzkammergut GIN . 16 Botanicals . SMALL BATCH<br \/>\nAlkoholgehalt: 42,5 % vol<br \/>\nErh\u00e4ltlich in den Mengen: 200 ml, 500 ml<\/h6>\n<p style=\"text-align: center;\"><wbr><br \/>\n<img loading=\"lazy\" decoding=\"async\" class=\"alignnone size-full wp-image-464\" src=\"https:\/\/www.see-destillerie.at\/brennerei\/wp-content\/uploads\/2017\/02\/der-gin-profi-geniesst-ihn-pur.png\" alt=\"\" width=\"585\" height=\"66\" srcset=\"https:\/\/www.see-destillerie.at\/brennerei\/wp-content\/uploads\/2017\/02\/der-gin-profi-geniesst-ihn-pur.png 585w, https:\/\/www.see-destillerie.at\/brennerei\/wp-content\/uploads\/2017\/02\/der-gin-profi-geniesst-ihn-pur-300x34.png 300w, https:\/\/www.see-destillerie.at\/brennerei\/wp-content\/uploads\/2017\/02\/der-gin-profi-geniesst-ihn-pur-348x39.png 348w\" sizes=\"auto, (max-width: 585px) 100vw, 585px\" \/><\/p>\n<h3 style=\"text-align: center;\">Ob pur getrunken oder als hochkar\u00e4tige Zutat in Cocktails \u2013 werde zum GIN-Liebhaber!<\/h3>\n<p style=\"text-align: center;\">Rezepte f\u00fcr Cocktails und Drinks findest du <a href=\"https:\/\/www.see-destillerie.at\/brennerei\/rezepte\/\">HIER.<\/a><\/p>\n<p style=\"text-align: center;\">Du hast noch keinen GIN daheim?<br \/>\n\u201eF\u00fcrst-Erzbischof-GIN\u201c erh\u00e4ltst du in unserem Shop, der <a href=\"https:\/\/www.see-destillerie.at\/st-wolfganger-klosterkellerei\/\" target=\"_blank\" rel=\"noopener noreferrer\">ST. WOLFGANGER KLOSTERKELLEREI.<\/a><\/p>\n<p style=\"text-align: center;\"><a href=\"https:\/\/www.see-destillerie.at\/brennerei\/produktliste\/\" rel=\"noopener noreferrer\">ZU UNSERER GESAMTEN PRODUKTLISTE GEHT\u00b4S HIER LANG!<\/a><\/p>\n<p style=\"text-align: center;\">Auszeichnung von World-Spirits: <a href=\"https:\/\/www.see-destillerie.at\/brennerei\/wp-content\/uploads\/2019\/07\/fuerst-erzbischof-GIN_worldspirits-gold-2019.pdf\" target=\"_blank\" rel=\"noopener noreferrer\">DIPLOM ANSEHEN<\/a><\/p>\n","protected":false},"excerpt":{"rendered":"<p>Der Genie\u00dfer-GIN f\u00fcr den Fuschlsee Stark wacholdriger Hofk\u00fcchensee-GIN mit feinsten Wild- und Fischbeizegew\u00fcrzen der umliegenden Almen rund um den Fuschlsee \u2013 ein besonders edler Tropfen&hellip; <\/p>\n<p><a href=\"https:\/\/www.see-destillerie.at\/brennerei\/bester-premium-gin-oberoesterreich-salzburg-wolfgangsee-stwolfgangimsalzkammergut-ginmanufaktur\/unsere-gins\/fuerst-erzbischof-gin-fuschlsee\/\" class=\"more-link\">Continue reading &rarr; <span class=\"screen-reader-text\">F\u00fcrst-Erzbischof-GIN<\/span><\/a><\/p>\n","protected":false},"author":1,"featured_media":956,"parent":151,"menu_order":0,"comment_status":"closed","ping_status":"closed","template":"","meta":{"ngg_post_thumbnail":0,"footnotes":""},"class_list":["post-927","page","type-page","status-publish","has-post-thumbnail","hentry"],"yoast_head":"<!-- This site is optimized with the Yoast SEO plugin v27.5 - https:\/\/yoast.com\/product\/yoast-seo-wordpress\/ -->\n<title>Der Genie\u00dfer-GIN f\u00fcr den Fuschlsee -F\u00fcrst-Erzbischof-GIN - SEE-DESTILLERIE\u00ae &amp; Klosterkellerei<\/title>\n<meta name=\"description\" content=\"Der Genie\u00dfer-GIN f\u00fcr den Fuschlsee - F\u00fcrst-Erzbischof-GIN aus der SEE-DESTILLERIE\u00ae - mit feinsten Gew\u00fcrzen der umliegenden Almen\" \/>\n<meta name=\"robots\" content=\"index, follow, max-snippet:-1, max-image-preview:large, max-video-preview:-1\" \/>\n<link rel=\"canonical\" href=\"https:\/\/www.see-destillerie.at\/brennerei\/bester-premium-gin-oberoesterreich-salzburg-wolfgangsee-stwolfgangimsalzkammergut-ginmanufaktur\/unsere-gins\/fuerst-erzbischof-gin-fuschlsee\/\" \/>\n<meta property=\"og:locale\" content=\"de_DE\" \/>\n<meta property=\"og:type\" content=\"article\" \/>\n<meta property=\"og:title\" content=\"Der Genie\u00dfer-GIN f\u00fcr den Fuschlsee -F\u00fcrst-Erzbischof-GIN - SEE-DESTILLERIE\u00ae &amp; Klosterkellerei\" \/>\n<meta property=\"og:description\" content=\"Der Genie\u00dfer-GIN f\u00fcr den Fuschlsee - F\u00fcrst-Erzbischof-GIN aus der SEE-DESTILLERIE\u00ae - mit feinsten Gew\u00fcrzen der umliegenden Almen\" \/>\n<meta property=\"og:url\" content=\"https:\/\/www.see-destillerie.at\/brennerei\/bester-premium-gin-oberoesterreich-salzburg-wolfgangsee-stwolfgangimsalzkammergut-ginmanufaktur\/unsere-gins\/fuerst-erzbischof-gin-fuschlsee\/\" \/>\n<meta property=\"og:site_name\" content=\"SEE-DESTILLERIE\u00ae &amp; Klosterkellerei\" \/>\n<meta property=\"article:publisher\" content=\"https:\/\/www.facebook.com\/seedestillerie\" \/>\n<meta property=\"article:modified_time\" content=\"2024-07-16T13:42:06+00:00\" \/>\n<meta property=\"og:image\" content=\"https:\/\/www.see-destillerie.at\/brennerei\/wp-content\/uploads\/2017\/11\/fuerst-erzbischof-gin-premium-gin.jpg\" \/>\n\t<meta property=\"og:image:width\" content=\"1920\" \/>\n\t<meta property=\"og:image:height\" content=\"1000\" \/>\n\t<meta property=\"og:image:type\" content=\"image\/jpeg\" \/>\n<meta name=\"twitter:card\" content=\"summary_large_image\" \/>\n<meta name=\"twitter:label1\" content=\"Gesch\u00e4tzte Lesezeit\" \/>\n\t<meta name=\"twitter:data1\" content=\"2\u00a0Minuten\" \/>\n<script type=\"application\/ld+json\" class=\"yoast-schema-graph\">{\"@context\":\"https:\\\/\\\/schema.org\",\"@graph\":[{\"@type\":\"WebPage\",\"@id\":\"https:\\\/\\\/www.see-destillerie.at\\\/brennerei\\\/bester-premium-gin-oberoesterreich-salzburg-wolfgangsee-stwolfgangimsalzkammergut-ginmanufaktur\\\/unsere-gins\\\/fuerst-erzbischof-gin-fuschlsee\\\/\",\"url\":\"https:\\\/\\\/www.see-destillerie.at\\\/brennerei\\\/bester-premium-gin-oberoesterreich-salzburg-wolfgangsee-stwolfgangimsalzkammergut-ginmanufaktur\\\/unsere-gins\\\/fuerst-erzbischof-gin-fuschlsee\\\/\",\"name\":\"Der Genie\u00dfer-GIN f\u00fcr den Fuschlsee -F\u00fcrst-Erzbischof-GIN - SEE-DESTILLERIE\u00ae &amp; Klosterkellerei\",\"isPartOf\":{\"@id\":\"https:\\\/\\\/www.see-destillerie.at\\\/brennerei\\\/#website\"},\"primaryImageOfPage\":{\"@id\":\"https:\\\/\\\/www.see-destillerie.at\\\/brennerei\\\/bester-premium-gin-oberoesterreich-salzburg-wolfgangsee-stwolfgangimsalzkammergut-ginmanufaktur\\\/unsere-gins\\\/fuerst-erzbischof-gin-fuschlsee\\\/#primaryimage\"},\"image\":{\"@id\":\"https:\\\/\\\/www.see-destillerie.at\\\/brennerei\\\/bester-premium-gin-oberoesterreich-salzburg-wolfgangsee-stwolfgangimsalzkammergut-ginmanufaktur\\\/unsere-gins\\\/fuerst-erzbischof-gin-fuschlsee\\\/#primaryimage\"},\"thumbnailUrl\":\"https:\\\/\\\/www.see-destillerie.at\\\/brennerei\\\/wp-content\\\/uploads\\\/2017\\\/11\\\/fuerst-erzbischof-gin-premium-gin.jpg\",\"datePublished\":\"2017-11-22T04:59:02+00:00\",\"dateModified\":\"2024-07-16T13:42:06+00:00\",\"description\":\"Der Genie\u00dfer-GIN f\u00fcr den Fuschlsee - F\u00fcrst-Erzbischof-GIN aus der SEE-DESTILLERIE\u00ae - mit feinsten Gew\u00fcrzen der umliegenden Almen\",\"breadcrumb\":{\"@id\":\"https:\\\/\\\/www.see-destillerie.at\\\/brennerei\\\/bester-premium-gin-oberoesterreich-salzburg-wolfgangsee-stwolfgangimsalzkammergut-ginmanufaktur\\\/unsere-gins\\\/fuerst-erzbischof-gin-fuschlsee\\\/#breadcrumb\"},\"inLanguage\":\"de\",\"potentialAction\":[{\"@type\":\"ReadAction\",\"target\":[\"https:\\\/\\\/www.see-destillerie.at\\\/brennerei\\\/bester-premium-gin-oberoesterreich-salzburg-wolfgangsee-stwolfgangimsalzkammergut-ginmanufaktur\\\/unsere-gins\\\/fuerst-erzbischof-gin-fuschlsee\\\/\"]}]},{\"@type\":\"ImageObject\",\"inLanguage\":\"de\",\"@id\":\"https:\\\/\\\/www.see-destillerie.at\\\/brennerei\\\/bester-premium-gin-oberoesterreich-salzburg-wolfgangsee-stwolfgangimsalzkammergut-ginmanufaktur\\\/unsere-gins\\\/fuerst-erzbischof-gin-fuschlsee\\\/#primaryimage\",\"url\":\"https:\\\/\\\/www.see-destillerie.at\\\/brennerei\\\/wp-content\\\/uploads\\\/2017\\\/11\\\/fuerst-erzbischof-gin-premium-gin.jpg\",\"contentUrl\":\"https:\\\/\\\/www.see-destillerie.at\\\/brennerei\\\/wp-content\\\/uploads\\\/2017\\\/11\\\/fuerst-erzbischof-gin-premium-gin.jpg\",\"width\":1920,\"height\":1000,\"caption\":\"Premium-F\u00fcrst-Erzbischof-Gin\"},{\"@type\":\"BreadcrumbList\",\"@id\":\"https:\\\/\\\/www.see-destillerie.at\\\/brennerei\\\/bester-premium-gin-oberoesterreich-salzburg-wolfgangsee-stwolfgangimsalzkammergut-ginmanufaktur\\\/unsere-gins\\\/fuerst-erzbischof-gin-fuschlsee\\\/#breadcrumb\",\"itemListElement\":[{\"@type\":\"ListItem\",\"position\":1,\"name\":\"Startseite\",\"item\":\"https:\\\/\\\/www.see-destillerie.at\\\/brennerei\\\/\"},{\"@type\":\"ListItem\",\"position\":2,\"name\":\"Bester Premium GIN Ober\u00f6sterreich\\\/Salzburg vom Wolfgangsee?!\",\"item\":\"https:\\\/\\\/www.see-destillerie.at\\\/brennerei\\\/bester-premium-gin-oberoesterreich-salzburg-wolfgangsee-stwolfgangimsalzkammergut-ginmanufaktur\\\/\"},{\"@type\":\"ListItem\",\"position\":3,\"name\":\"Premium-Gins aus \u00d6sterreich\",\"item\":\"https:\\\/\\\/www.see-destillerie.at\\\/brennerei\\\/bester-premium-gin-oberoesterreich-salzburg-wolfgangsee-stwolfgangimsalzkammergut-ginmanufaktur\\\/unsere-gins\\\/\"},{\"@type\":\"ListItem\",\"position\":4,\"name\":\"F\u00fcrst-Erzbischof-GIN\"}]},{\"@type\":\"WebSite\",\"@id\":\"https:\\\/\\\/www.see-destillerie.at\\\/brennerei\\\/#website\",\"url\":\"https:\\\/\\\/www.see-destillerie.at\\\/brennerei\\\/\",\"name\":\"SEE-DESTILLERIE\u00ae &amp; Klosterkellerei\",\"description\":\"GIN, WHISKY, RUM &amp; MORE \u2013 direkt vom Edelbrandsommelier vom Wolfgangsee\",\"publisher\":{\"@id\":\"https:\\\/\\\/www.see-destillerie.at\\\/brennerei\\\/#organization\"},\"potentialAction\":[{\"@type\":\"SearchAction\",\"target\":{\"@type\":\"EntryPoint\",\"urlTemplate\":\"https:\\\/\\\/www.see-destillerie.at\\\/brennerei\\\/?s={search_term_string}\"},\"query-input\":{\"@type\":\"PropertyValueSpecification\",\"valueRequired\":true,\"valueName\":\"search_term_string\"}}],\"inLanguage\":\"de\"},{\"@type\":\"Organization\",\"@id\":\"https:\\\/\\\/www.see-destillerie.at\\\/brennerei\\\/#organization\",\"name\":\"SEE-DESTILLERIE\u00ae &amp; Klosterkellerei\",\"url\":\"https:\\\/\\\/www.see-destillerie.at\\\/brennerei\\\/\",\"logo\":{\"@type\":\"ImageObject\",\"inLanguage\":\"de\",\"@id\":\"https:\\\/\\\/www.see-destillerie.at\\\/brennerei\\\/#\\\/schema\\\/logo\\\/image\\\/\",\"url\":\"https:\\\/\\\/www.see-destillerie.at\\\/brennerei\\\/wp-content\\\/uploads\\\/2017\\\/03\\\/cropped-seedestillerie-st-wolfgang.png\",\"contentUrl\":\"https:\\\/\\\/www.see-destillerie.at\\\/brennerei\\\/wp-content\\\/uploads\\\/2017\\\/03\\\/cropped-seedestillerie-st-wolfgang.png\",\"width\":512,\"height\":512,\"caption\":\"SEE-DESTILLERIE\u00ae &amp; Klosterkellerei\"},\"image\":{\"@id\":\"https:\\\/\\\/www.see-destillerie.at\\\/brennerei\\\/#\\\/schema\\\/logo\\\/image\\\/\"},\"sameAs\":[\"https:\\\/\\\/www.facebook.com\\\/seedestillerie\",\"https:\\\/\\\/www.instagram.com\\\/seedestillerie\\\/\"]}]}<\/script>\n<!-- \/ Yoast SEO plugin. -->","yoast_head_json":{"title":"Der Genie\u00dfer-GIN f\u00fcr den Fuschlsee -F\u00fcrst-Erzbischof-GIN - SEE-DESTILLERIE\u00ae &amp; Klosterkellerei","description":"Der Genie\u00dfer-GIN f\u00fcr den Fuschlsee - F\u00fcrst-Erzbischof-GIN aus der SEE-DESTILLERIE\u00ae - mit feinsten Gew\u00fcrzen der umliegenden Almen","robots":{"index":"index","follow":"follow","max-snippet":"max-snippet:-1","max-image-preview":"max-image-preview:large","max-video-preview":"max-video-preview:-1"},"canonical":"https:\/\/www.see-destillerie.at\/brennerei\/bester-premium-gin-oberoesterreich-salzburg-wolfgangsee-stwolfgangimsalzkammergut-ginmanufaktur\/unsere-gins\/fuerst-erzbischof-gin-fuschlsee\/","og_locale":"de_DE","og_type":"article","og_title":"Der Genie\u00dfer-GIN f\u00fcr den Fuschlsee -F\u00fcrst-Erzbischof-GIN - SEE-DESTILLERIE\u00ae &amp; Klosterkellerei","og_description":"Der Genie\u00dfer-GIN f\u00fcr den Fuschlsee - F\u00fcrst-Erzbischof-GIN aus der SEE-DESTILLERIE\u00ae - mit feinsten Gew\u00fcrzen der umliegenden Almen","og_url":"https:\/\/www.see-destillerie.at\/brennerei\/bester-premium-gin-oberoesterreich-salzburg-wolfgangsee-stwolfgangimsalzkammergut-ginmanufaktur\/unsere-gins\/fuerst-erzbischof-gin-fuschlsee\/","og_site_name":"SEE-DESTILLERIE\u00ae &amp; Klosterkellerei","article_publisher":"https:\/\/www.facebook.com\/seedestillerie","article_modified_time":"2024-07-16T13:42:06+00:00","og_image":[{"width":1920,"height":1000,"url":"https:\/\/www.see-destillerie.at\/brennerei\/wp-content\/uploads\/2017\/11\/fuerst-erzbischof-gin-premium-gin.jpg","type":"image\/jpeg"}],"twitter_card":"summary_large_image","twitter_misc":{"Gesch\u00e4tzte Lesezeit":"2\u00a0Minuten"},"schema":{"@context":"https:\/\/schema.org","@graph":[{"@type":"WebPage","@id":"https:\/\/www.see-destillerie.at\/brennerei\/bester-premium-gin-oberoesterreich-salzburg-wolfgangsee-stwolfgangimsalzkammergut-ginmanufaktur\/unsere-gins\/fuerst-erzbischof-gin-fuschlsee\/","url":"https:\/\/www.see-destillerie.at\/brennerei\/bester-premium-gin-oberoesterreich-salzburg-wolfgangsee-stwolfgangimsalzkammergut-ginmanufaktur\/unsere-gins\/fuerst-erzbischof-gin-fuschlsee\/","name":"Der Genie\u00dfer-GIN f\u00fcr den Fuschlsee -F\u00fcrst-Erzbischof-GIN - SEE-DESTILLERIE\u00ae &amp; Klosterkellerei","isPartOf":{"@id":"https:\/\/www.see-destillerie.at\/brennerei\/#website"},"primaryImageOfPage":{"@id":"https:\/\/www.see-destillerie.at\/brennerei\/bester-premium-gin-oberoesterreich-salzburg-wolfgangsee-stwolfgangimsalzkammergut-ginmanufaktur\/unsere-gins\/fuerst-erzbischof-gin-fuschlsee\/#primaryimage"},"image":{"@id":"https:\/\/www.see-destillerie.at\/brennerei\/bester-premium-gin-oberoesterreich-salzburg-wolfgangsee-stwolfgangimsalzkammergut-ginmanufaktur\/unsere-gins\/fuerst-erzbischof-gin-fuschlsee\/#primaryimage"},"thumbnailUrl":"https:\/\/www.see-destillerie.at\/brennerei\/wp-content\/uploads\/2017\/11\/fuerst-erzbischof-gin-premium-gin.jpg","datePublished":"2017-11-22T04:59:02+00:00","dateModified":"2024-07-16T13:42:06+00:00","description":"Der Genie\u00dfer-GIN f\u00fcr den Fuschlsee - F\u00fcrst-Erzbischof-GIN aus der SEE-DESTILLERIE\u00ae - mit feinsten Gew\u00fcrzen der umliegenden Almen","breadcrumb":{"@id":"https:\/\/www.see-destillerie.at\/brennerei\/bester-premium-gin-oberoesterreich-salzburg-wolfgangsee-stwolfgangimsalzkammergut-ginmanufaktur\/unsere-gins\/fuerst-erzbischof-gin-fuschlsee\/#breadcrumb"},"inLanguage":"de","potentialAction":[{"@type":"ReadAction","target":["https:\/\/www.see-destillerie.at\/brennerei\/bester-premium-gin-oberoesterreich-salzburg-wolfgangsee-stwolfgangimsalzkammergut-ginmanufaktur\/unsere-gins\/fuerst-erzbischof-gin-fuschlsee\/"]}]},{"@type":"ImageObject","inLanguage":"de","@id":"https:\/\/www.see-destillerie.at\/brennerei\/bester-premium-gin-oberoesterreich-salzburg-wolfgangsee-stwolfgangimsalzkammergut-ginmanufaktur\/unsere-gins\/fuerst-erzbischof-gin-fuschlsee\/#primaryimage","url":"https:\/\/www.see-destillerie.at\/brennerei\/wp-content\/uploads\/2017\/11\/fuerst-erzbischof-gin-premium-gin.jpg","contentUrl":"https:\/\/www.see-destillerie.at\/brennerei\/wp-content\/uploads\/2017\/11\/fuerst-erzbischof-gin-premium-gin.jpg","width":1920,"height":1000,"caption":"Premium-F\u00fcrst-Erzbischof-Gin"},{"@type":"BreadcrumbList","@id":"https:\/\/www.see-destillerie.at\/brennerei\/bester-premium-gin-oberoesterreich-salzburg-wolfgangsee-stwolfgangimsalzkammergut-ginmanufaktur\/unsere-gins\/fuerst-erzbischof-gin-fuschlsee\/#breadcrumb","itemListElement":[{"@type":"ListItem","position":1,"name":"Startseite","item":"https:\/\/www.see-destillerie.at\/brennerei\/"},{"@type":"ListItem","position":2,"name":"Bester Premium GIN Ober\u00f6sterreich\/Salzburg vom Wolfgangsee?!","item":"https:\/\/www.see-destillerie.at\/brennerei\/bester-premium-gin-oberoesterreich-salzburg-wolfgangsee-stwolfgangimsalzkammergut-ginmanufaktur\/"},{"@type":"ListItem","position":3,"name":"Premium-Gins aus \u00d6sterreich","item":"https:\/\/www.see-destillerie.at\/brennerei\/bester-premium-gin-oberoesterreich-salzburg-wolfgangsee-stwolfgangimsalzkammergut-ginmanufaktur\/unsere-gins\/"},{"@type":"ListItem","position":4,"name":"F\u00fcrst-Erzbischof-GIN"}]},{"@type":"WebSite","@id":"https:\/\/www.see-destillerie.at\/brennerei\/#website","url":"https:\/\/www.see-destillerie.at\/brennerei\/","name":"SEE-DESTILLERIE\u00ae &amp; Klosterkellerei","description":"GIN, WHISKY, RUM &amp; MORE \u2013 direkt vom Edelbrandsommelier vom Wolfgangsee","publisher":{"@id":"https:\/\/www.see-destillerie.at\/brennerei\/#organization"},"potentialAction":[{"@type":"SearchAction","target":{"@type":"EntryPoint","urlTemplate":"https:\/\/www.see-destillerie.at\/brennerei\/?s={search_term_string}"},"query-input":{"@type":"PropertyValueSpecification","valueRequired":true,"valueName":"search_term_string"}}],"inLanguage":"de"},{"@type":"Organization","@id":"https:\/\/www.see-destillerie.at\/brennerei\/#organization","name":"SEE-DESTILLERIE\u00ae &amp; Klosterkellerei","url":"https:\/\/www.see-destillerie.at\/brennerei\/","logo":{"@type":"ImageObject","inLanguage":"de","@id":"https:\/\/www.see-destillerie.at\/brennerei\/#\/schema\/logo\/image\/","url":"https:\/\/www.see-destillerie.at\/brennerei\/wp-content\/uploads\/2017\/03\/cropped-seedestillerie-st-wolfgang.png","contentUrl":"https:\/\/www.see-destillerie.at\/brennerei\/wp-content\/uploads\/2017\/03\/cropped-seedestillerie-st-wolfgang.png","width":512,"height":512,"caption":"SEE-DESTILLERIE\u00ae &amp; Klosterkellerei"},"image":{"@id":"https:\/\/www.see-destillerie.at\/brennerei\/#\/schema\/logo\/image\/"},"sameAs":["https:\/\/www.facebook.com\/seedestillerie","https:\/\/www.instagram.com\/seedestillerie\/"]}]}},"_links":{"self":[{"href":"https:\/\/www.see-destillerie.at\/brennerei\/wp-json\/wp\/v2\/pages\/927","targetHints":{"allow":["GET"]}}],"collection":[{"href":"https:\/\/www.see-destillerie.at\/brennerei\/wp-json\/wp\/v2\/pages"}],"about":[{"href":"https:\/\/www.see-destillerie.at\/brennerei\/wp-json\/wp\/v2\/types\/page"}],"author":[{"embeddable":true,"href":"https:\/\/www.see-destillerie.at\/brennerei\/wp-json\/wp\/v2\/users\/1"}],"replies":[{"embeddable":true,"href":"https:\/\/www.see-destillerie.at\/brennerei\/wp-json\/wp\/v2\/comments?post=927"}],"version-history":[{"count":19,"href":"https:\/\/www.see-destillerie.at\/brennerei\/wp-json\/wp\/v2\/pages\/927\/revisions"}],"predecessor-version":[{"id":2837,"href":"https:\/\/www.see-destillerie.at\/brennerei\/wp-json\/wp\/v2\/pages\/927\/revisions\/2837"}],"up":[{"embeddable":true,"href":"https:\/\/www.see-destillerie.at\/brennerei\/wp-json\/wp\/v2\/pages\/151"}],"wp:featuredmedia":[{"embeddable":true,"href":"https:\/\/www.see-destillerie.at\/brennerei\/wp-json\/wp\/v2\/media\/956"}],"wp:attachment":[{"href":"https:\/\/www.see-destillerie.at\/brennerei\/wp-json\/wp\/v2\/media?parent=927"}],"curies":[{"name":"wp","href":"https:\/\/api.w.org\/{rel}","templated":true}]}}